{"id":2035,"date":"2016-05-16T13:15:56","date_gmt":"2016-05-16T13:15:56","guid":{"rendered":"http:\/\/www.instantcredit.net\/about-us\/?lang=en"},"modified":"2020-10-14T16:16:37","modified_gmt":"2020-10-14T14:16:37","slug":"about-us","status":"publish","type":"page","link":"https:\/\/www.instantcredit.net\/en\/about-us\/","title":{"rendered":"About us"},"content":{"rendered":"<div class=\"ic_header_page ic_head_quienes_somos\">\n<div class=\"ic_text_header_page\">\n<div class=\"title_header\">\n<h1>The first<br \/>\nmulti-lender platform for<br \/>\ne-commerce<\/h1>\n<\/div>\n<div class=\"title_header\">\n<h2>Through innovation and technology,\u00a0we offer people credit in a transparent, secure, instantaneous and paperless way<\/h2>\n<\/div>\n<\/div>\n<\/div>\n<div class=\"ic_row\">\n<div class=\"ic_row_center\">\n<div class=\"ic_item_2col\"><img decoding=\"async\" src=\"\/wp-content\/uploads\/we_love_footer_eng_blue.svg\" alt=\"\" \/><\/div>\n<div class=\"ic_item_2col ic_col_l\">\n<ul class=\"ic-list-content\">\n<li><strong>Company founded in 2015<\/strong><\/li>\n<li><strong>A Banco Sabadell\u2019s group company:<\/strong><br \/>\nConsumer finance in over 5.000 points of sale<\/li>\n<li>Approximately <strong>30% of market share <\/strong>in online and physical point of sale payments in Spain<\/li>\n<li>We offer payment services to <strong>19.000<\/strong> client merchants, including several leading online travel merchants<\/li>\n<li><strong>Unique multi-lender platform<\/strong><\/li>\n<li>Multi-country instant <strong>digital finance<\/strong> solution for point of sale<\/li>\n<li><strong>Solid management team with broad experience<\/strong> in finance, payment methods, technology and consumer finance<\/li>\n<\/ul>\n<\/div>\n<\/div>\n<\/div>\n<div class=\"ic_row ic_row_we_love\">\n<div class=\"ic_row_center\">\n<div class=\"ic_item_2col ic_col_l\">\n<ul>\n<li>We are the ideal business partner in online financing, teaming up with financial entities and merchants to boost sales and profitability<\/li>\n<li>Our service, Instant Credit, offers online shoppers instant financing on their purchases, allowing them to buy immediately and pay over time in convenient monthly instalments<\/li>\n<li>Our management team has extensive experience in financial products, eCommerce, technology and online payments<\/li>\n<\/ul>\n<\/div>\n<div class=\"ic_item_2col\"><\/div>\n<\/div>\n<\/div>\n<div class=\"ic_row ic_row_mision\">\n<div class=\"ic_row_center\">\n<div class=\"ic_item_2col\"><\/div>\n<div class=\"ic_item_2col ic_col_l\">\n<div class=\"title_section\">\n<h2>Our mission<\/h2>\n<\/div>\n<hr \/>\n<p>To develop innovative and transparent digital financial services that bring real value to people<\/p>\n<\/div>\n<\/div>\n<\/div>\n<div class=\"ic_row ic_row_valores\">\n<div class=\"ic_row_center\">\n<div class=\"ic_item_1col ic_col_c\">\n<div class=\"title_section\">\n<h2>Our values<\/h2>\n<\/div>\n<\/div>\n<div class=\"ic_item_4col ic_col_c\">\n<p><img decoding=\"async\" src=\"\/wp-content\/uploads\/ic_icon_pasion.png\" alt=\"\" \/><\/p>\n<div class=\"title_step\">\n<h3>Passion<\/h3>\n<\/div>\n<p>We are passionate about our work and we put all of our energy and dedication into it. We are FINTECH, we are ONLINE, and we believe in what we do<\/p>\n<\/div>\n<div class=\"ic_item_4col ic_col_c\">\n<p><img decoding=\"async\" src=\"\/wp-content\/uploads\/ic_icon_innovacion_blue.png\" alt=\"\" \/><\/p>\n<div class=\"title_step\">\n<h3>Innovation<\/h3>\n<\/div>\n<p>We work to develop leading solutions through innovation and the intelligent use of technology. We are building new digital financing channels that will streamline existing services and generate new business opportunities for our partners<\/p>\n<\/div>\n<div class=\"ic_item_4col ic_col_c\">\n<p><img decoding=\"async\" src=\"\/wp-content\/uploads\/ic_icon_calidad_blue.png\" alt=\"\" \/><\/p>\n<div class=\"title_step\">\n<h3>Quality<\/h3>\n<\/div>\n<p>We offer the most complete online financing system in the market. Our goal is to offer the best service to our users and business partners<\/p>\n<\/div>\n<div class=\"ic_item_4col ic_col_c\">\n<p><img decoding=\"async\" src=\"\/wp-content\/uploads\/ic_icon_team_azul.png\" alt=\"\" \/><\/p>\n<div class=\"title_step\">\n<h3>Team spirit<\/h3>\n<\/div>\n<p>Teamwork is the secret behind our success. With a model based on alliances, both the collaboration among our group and towards our partners constitute one of the backbones of Instant Credit<\/p>\n<\/div>\n<\/div>\n<\/div>\n","protected":false},"excerpt":{"rendered":"<p>The first multi-lender platform for e-commerce Through innovation and technology,\u00a0we offer people credit in a transparent, secure, instantaneous and paperless way Company founded in 2015 A Banco Sabadell\u2019s group company: Consumer finance in over 5.000 points of sale Approximately 30% of market share in online and physical point of sale payments in Spain We offer [&hellip;]<\/p>\n","protected":false},"author":8,"featured_media":4369,"parent":0,"menu_order":0,"comment_status":"closed","ping_status":"closed","template":"","meta":{"_acf_changed":false,"footnotes":""},"class_list":["post-2035","page","type-page","status-publish","has-post-thumbnail","hentry"],"acf":[],"yoast_head":"<!-- This site is optimized with the Yoast SEO plugin v23.4 - https:\/\/yoast.com\/wordpress\/plugins\/seo\/ -->\n<title>Instant Credit: The first multi-lender platform for e-commerce<\/title>\n<meta name=\"description\" content=\"Through innovation and technology, Instant Credit by Banco Sabadell\u00a0offers buyers consumer credit in a transparent, secure, instantaneous and paperless way.\" \/>\n<meta name=\"robots\" content=\"index, follow, max-snippet:-1, max-image-preview:large, max-video-preview:-1\" \/>\n<link rel=\"canonical\" href=\"https:\/\/www.instantcredit.net\/en\/about-us\/\" \/>\n<meta property=\"og:locale\" content=\"en_US\" \/>\n<meta property=\"og:type\" content=\"article\" \/>\n<meta property=\"og:title\" content=\"Instant Credit: The first multi-lender platform for e-commerce\" \/>\n<meta property=\"og:description\" content=\"Through innovation and technology, Instant Credit by Banco Sabadell\u00a0offers buyers consumer credit in a transparent, secure, instantaneous and paperless way.\" \/>\n<meta property=\"og:url\" content=\"https:\/\/www.instantcredit.net\/en\/about-us\/\" \/>\n<meta property=\"og:site_name\" content=\"instantcredit.net\" \/>\n<meta property=\"article:modified_time\" content=\"2020-10-14T14:16:37+00:00\" \/>\n<meta property=\"og:image\" content=\"https:\/\/www.instantcredit.net\/wp-content\/uploads\/Financiacion_online_de_compras_en_Ecommerce___Instant_Credit.jpg\" \/>\n\t<meta property=\"og:image:width\" content=\"1200\" \/>\n\t<meta property=\"og:image:height\" content=\"600\" \/>\n\t<meta property=\"og:image:type\" content=\"image\/jpeg\" \/>\n<meta name=\"twitter:card\" content=\"summary_large_image\" \/>\n<meta name=\"twitter:label1\" content=\"Est. reading time\" \/>\n\t<meta name=\"twitter:data1\" content=\"1 minute\" \/>\n<script type=\"application\/ld+json\" class=\"yoast-schema-graph\">{\"@context\":\"https:\/\/schema.org\",\"@graph\":[{\"@type\":\"WebPage\",\"@id\":\"https:\/\/www.instantcredit.net\/en\/about-us\/\",\"url\":\"https:\/\/www.instantcredit.net\/en\/about-us\/\",\"name\":\"Instant Credit: The first multi-lender platform for e-commerce\",\"isPartOf\":{\"@id\":\"https:\/\/www.instantcredit.net\/#website\"},\"primaryImageOfPage\":{\"@id\":\"https:\/\/www.instantcredit.net\/en\/about-us\/#primaryimage\"},\"image\":{\"@id\":\"https:\/\/www.instantcredit.net\/en\/about-us\/#primaryimage\"},\"thumbnailUrl\":\"https:\/\/www.instantcredit.net\/wp-content\/uploads\/Financiacion_online_de_compras_en_Ecommerce___Instant_Credit.jpg\",\"datePublished\":\"2016-05-16T13:15:56+00:00\",\"dateModified\":\"2020-10-14T14:16:37+00:00\",\"description\":\"Through innovation and technology, Instant Credit by Banco Sabadell\u00a0offers buyers consumer credit in a transparent, secure, instantaneous and paperless way.\",\"breadcrumb\":{\"@id\":\"https:\/\/www.instantcredit.net\/en\/about-us\/#breadcrumb\"},\"inLanguage\":\"en-US\",\"potentialAction\":[{\"@type\":\"ReadAction\",\"target\":[\"https:\/\/www.instantcredit.net\/en\/about-us\/\"]}]},{\"@type\":\"ImageObject\",\"inLanguage\":\"en-US\",\"@id\":\"https:\/\/www.instantcredit.net\/en\/about-us\/#primaryimage\",\"url\":\"https:\/\/www.instantcredit.net\/wp-content\/uploads\/Financiacion_online_de_compras_en_Ecommerce___Instant_Credit.jpg\",\"contentUrl\":\"https:\/\/www.instantcredit.net\/wp-content\/uploads\/Financiacion_online_de_compras_en_Ecommerce___Instant_Credit.jpg\",\"width\":1200,\"height\":600,\"caption\":\"Financiaci\u00f3n online de compras en Ecommerce Instant Credit\"},{\"@type\":\"BreadcrumbList\",\"@id\":\"https:\/\/www.instantcredit.net\/en\/about-us\/#breadcrumb\",\"itemListElement\":[{\"@type\":\"ListItem\",\"position\":1,\"name\":\"Portada\",\"item\":\"https:\/\/www.instantcredit.net\/instant-credit-el-pago-a-plazos-digital-de-sabadell-consumer-finance-2\/\"},{\"@type\":\"ListItem\",\"position\":2,\"name\":\"About us\"}]},{\"@type\":\"WebSite\",\"@id\":\"https:\/\/www.instantcredit.net\/#website\",\"url\":\"https:\/\/www.instantcredit.net\/\",\"name\":\"instantcredit.net\",\"description\":\"La forma m\u00e1s r\u00e1pida y f\u00e1cil de financiar tus compras online.\",\"publisher\":{\"@id\":\"https:\/\/www.instantcredit.net\/#organization\"},\"potentialAction\":[{\"@type\":\"SearchAction\",\"target\":{\"@type\":\"EntryPoint\",\"urlTemplate\":\"https:\/\/www.instantcredit.net\/?s={search_term_string}\"},\"query-input\":{\"@type\":\"PropertyValueSpecification\",\"valueRequired\":true,\"valueName\":\"search_term_string\"}}],\"inLanguage\":\"en-US\"},{\"@type\":\"Organization\",\"@id\":\"https:\/\/www.instantcredit.net\/#organization\",\"name\":\"Instat credit\",\"url\":\"https:\/\/www.instantcredit.net\/\",\"logo\":{\"@type\":\"ImageObject\",\"inLanguage\":\"en-US\",\"@id\":\"https:\/\/www.instantcredit.net\/#\/schema\/logo\/image\/\",\"url\":\"https:\/\/www.instantcredit.net\/wp-content\/uploads\/logo_ic.png\",\"contentUrl\":\"https:\/\/www.instantcredit.net\/wp-content\/uploads\/logo_ic.png\",\"width\":638,\"height\":228,\"caption\":\"Instat credit\"},\"image\":{\"@id\":\"https:\/\/www.instantcredit.net\/#\/schema\/logo\/image\/\"},\"sameAs\":[\"https:\/\/www.linkedin.com\/company\/10596269\/\"]}]}<\/script>\n<!-- \/ Yoast SEO plugin. -->","yoast_head_json":{"title":"Instant Credit: The first multi-lender platform for e-commerce","description":"Through innovation and technology, Instant Credit by Banco Sabadell\u00a0offers buyers consumer credit in a transparent, secure, instantaneous and paperless way.","robots":{"index":"index","follow":"follow","max-snippet":"max-snippet:-1","max-image-preview":"max-image-preview:large","max-video-preview":"max-video-preview:-1"},"canonical":"https:\/\/www.instantcredit.net\/en\/about-us\/","og_locale":"en_US","og_type":"article","og_title":"Instant Credit: The first multi-lender platform for e-commerce","og_description":"Through innovation and technology, Instant Credit by Banco Sabadell\u00a0offers buyers consumer credit in a transparent, secure, instantaneous and paperless way.","og_url":"https:\/\/www.instantcredit.net\/en\/about-us\/","og_site_name":"instantcredit.net","article_modified_time":"2020-10-14T14:16:37+00:00","og_image":[{"width":1200,"height":600,"url":"https:\/\/www.instantcredit.net\/wp-content\/uploads\/Financiacion_online_de_compras_en_Ecommerce___Instant_Credit.jpg","type":"image\/jpeg"}],"twitter_card":"summary_large_image","twitter_misc":{"Est. reading time":"1 minute"},"schema":{"@context":"https:\/\/schema.org","@graph":[{"@type":"WebPage","@id":"https:\/\/www.instantcredit.net\/en\/about-us\/","url":"https:\/\/www.instantcredit.net\/en\/about-us\/","name":"Instant Credit: The first multi-lender platform for e-commerce","isPartOf":{"@id":"https:\/\/www.instantcredit.net\/#website"},"primaryImageOfPage":{"@id":"https:\/\/www.instantcredit.net\/en\/about-us\/#primaryimage"},"image":{"@id":"https:\/\/www.instantcredit.net\/en\/about-us\/#primaryimage"},"thumbnailUrl":"https:\/\/www.instantcredit.net\/wp-content\/uploads\/Financiacion_online_de_compras_en_Ecommerce___Instant_Credit.jpg","datePublished":"2016-05-16T13:15:56+00:00","dateModified":"2020-10-14T14:16:37+00:00","description":"Through innovation and technology, Instant Credit by Banco Sabadell\u00a0offers buyers consumer credit in a transparent, secure, instantaneous and paperless way.","breadcrumb":{"@id":"https:\/\/www.instantcredit.net\/en\/about-us\/#breadcrumb"},"inLanguage":"en-US","potentialAction":[{"@type":"ReadAction","target":["https:\/\/www.instantcredit.net\/en\/about-us\/"]}]},{"@type":"ImageObject","inLanguage":"en-US","@id":"https:\/\/www.instantcredit.net\/en\/about-us\/#primaryimage","url":"https:\/\/www.instantcredit.net\/wp-content\/uploads\/Financiacion_online_de_compras_en_Ecommerce___Instant_Credit.jpg","contentUrl":"https:\/\/www.instantcredit.net\/wp-content\/uploads\/Financiacion_online_de_compras_en_Ecommerce___Instant_Credit.jpg","width":1200,"height":600,"caption":"Financiaci\u00f3n online de compras en Ecommerce Instant Credit"},{"@type":"BreadcrumbList","@id":"https:\/\/www.instantcredit.net\/en\/about-us\/#breadcrumb","itemListElement":[{"@type":"ListItem","position":1,"name":"Portada","item":"https:\/\/www.instantcredit.net\/instant-credit-el-pago-a-plazos-digital-de-sabadell-consumer-finance-2\/"},{"@type":"ListItem","position":2,"name":"About us"}]},{"@type":"WebSite","@id":"https:\/\/www.instantcredit.net\/#website","url":"https:\/\/www.instantcredit.net\/","name":"instantcredit.net","description":"La forma m\u00e1s r\u00e1pida y f\u00e1cil de financiar tus compras online.","publisher":{"@id":"https:\/\/www.instantcredit.net\/#organization"},"potentialAction":[{"@type":"SearchAction","target":{"@type":"EntryPoint","urlTemplate":"https:\/\/www.instantcredit.net\/?s={search_term_string}"},"query-input":{"@type":"PropertyValueSpecification","valueRequired":true,"valueName":"search_term_string"}}],"inLanguage":"en-US"},{"@type":"Organization","@id":"https:\/\/www.instantcredit.net\/#organization","name":"Instat credit","url":"https:\/\/www.instantcredit.net\/","logo":{"@type":"ImageObject","inLanguage":"en-US","@id":"https:\/\/www.instantcredit.net\/#\/schema\/logo\/image\/","url":"https:\/\/www.instantcredit.net\/wp-content\/uploads\/logo_ic.png","contentUrl":"https:\/\/www.instantcredit.net\/wp-content\/uploads\/logo_ic.png","width":638,"height":228,"caption":"Instat credit"},"image":{"@id":"https:\/\/www.instantcredit.net\/#\/schema\/logo\/image\/"},"sameAs":["https:\/\/www.linkedin.com\/company\/10596269\/"]}]}},"_links":{"self":[{"href":"https:\/\/www.instantcredit.net\/en\/wp-json\/wp\/v2\/pages\/2035\/"}],"collection":[{"href":"https:\/\/www.instantcredit.net\/en\/wp-json\/wp\/v2\/pages\/"}],"about":[{"href":"https:\/\/www.instantcredit.net\/en\/wp-json\/wp\/v2\/types\/page\/"}],"author":[{"embeddable":true,"href":"https:\/\/www.instantcredit.net\/en\/wp-json\/wp\/v2\/users\/8\/"}],"replies":[{"embeddable":true,"href":"https:\/\/www.instantcredit.net\/en\/wp-json\/wp\/v2\/comments\/?post=2035"}],"version-history":[{"count":4,"href":"https:\/\/www.instantcredit.net\/en\/wp-json\/wp\/v2\/pages\/2035\/revisions\/"}],"predecessor-version":[{"id":8243,"href":"https:\/\/www.instantcredit.net\/en\/wp-json\/wp\/v2\/pages\/2035\/revisions\/8243\/"}],"wp:featuredmedia":[{"embeddable":true,"href":"https:\/\/www.instantcredit.net\/en\/wp-json\/wp\/v2\/media\/4369\/"}],"wp:attachment":[{"href":"https:\/\/www.instantcredit.net\/en\/wp-json\/wp\/v2\/media\/?parent=2035"}],"curies":[{"name":"wp","href":"https:\/\/api.w.org\/{rel}","templated":true}]}}