{"id":2037,"date":"2016-05-16T13:16:04","date_gmt":"2016-05-16T13:16:04","guid":{"rendered":"http:\/\/www.instantcredit.net\/faq\/?lang=en"},"modified":"2020-10-14T16:19:25","modified_gmt":"2020-10-14T14:19:25","slug":"faqs","status":"publish","type":"page","link":"https:\/\/www.instantcredit.net\/en\/faqs\/","title":{"rendered":"FAQS"},"content":{"rendered":"<div class=\"ic_header_page ic_head_faq\">\n<div class=\"ic_text_header_page\">\n<div class=\"title_header\">\n<h1>Frequently Asked Questions<\/h1>\n<\/div>\n<div class=\"subtitle_header\">\n<h2>Find the answers to all your doubts regarding our pay in instalments method<\/h2>\n<\/div>\n<\/div>\n<\/div>\n<div class=\"ic_row\">\n<div class=\"ic_row_center\">\n<div class=\"ic_item_1col\">\n<div class=\"title_section\">\n<h2>Buy with Instant Credit<\/h2>\n<\/div>\n<div class=\"ic_accordion_container\">\n<div class=\"ic_accordion_step \">\n<div class=\"ic_btn_acordion\">\n<div class=\"title_faq\">\n<h3>How do I use Instant Credit?<\/h3>\n<\/div>\n<\/div>\n<div class=\"ic_content_accordion\">\n<div class=\"text_faq\">Instant Credit is the fastest and safest way to finance your online purchases. After adding your items to the shopping cart, select Instant Credit from the payment options page in order to pay in convenient monthly instalments.<br \/>\nSelect in how many monthly instalments you want to pay for your purchase and fill in the form with your basic information: first and last name, ID number, address, telephone and date of birth. Once you apply for your loan, you will be notified immediately if your financing has been approved.<br \/>\nOnce approved, sign the credit contract to complete your purchase.<\/div>\n<\/div>\n<\/div>\n<div class=\"ic_accordion_step\">\n<div class=\"ic_btn_acordion\">\n<div class=\"title_faq\">\n<h3>Who can buy with Instant Credit?<\/h3>\n<\/div>\n<\/div>\n<div class=\"ic_content_accordion\">\n<div class=\"text_faq\">Any customer who is of legal age and owns a credit card.<\/div>\n<\/div>\n<\/div>\n<div class=\"ic_accordion_step\">\n<div class=\"ic_btn_acordion\">\n<div class=\"title_faq\">\n<h3>What is the cost that financing a purchase with Instant Credit entails?<\/h3>\n<\/div>\n<\/div>\n<div class=\"ic_content_accordion\">\n<div class=\"text_faq\">Our lending is transparent and does not contain any small print. Interest rates can vary between 0% (if the business covers it) and 25% APR. You will be informed of the cost of the credit throughout the purchase process.<\/div>\n<\/div>\n<\/div>\n<div class=\"ic_accordion_step \">\n<div class=\"ic_btn_acordion\">\n<div class=\"title_faq\">\n<h3>Where can I find the terms and conditions of payment?<\/h3>\n<\/div>\n<\/div>\n<div class=\"ic_content_accordion\">\n<div class=\"text_faq\">When you send the credit request, you can check the precontractual conditions. Once you have read and approved the conditions, you can finalise the purchase. The financial institution that partners with Instant Credit and approves your credit will send you the pre-contractual conditions and the loan contract by email so that you have them available at any moment.<\/div>\n<\/div>\n<\/div>\n<div class=\"ic_accordion_step \">\n<div class=\"ic_btn_acordion\">\n<div class=\"title_faq\">\n<h3>When are the payments made?<\/h3>\n<\/div>\n<\/div>\n<div class=\"ic_content_accordion\">\n<div class=\"text_faq\">Paying in instalments is easy and convenient. During the credit application process, you will be notified of will the first installment be charged to your chosen bank account or introduced banking card. The remaining payments will then be automatically charged on a monthly basis, using the same payment method.<\/div>\n<\/div>\n<\/div>\n<div class=\"ic_accordion_step\">\n<div class=\"ic_btn_acordion\">\n<div class=\"title_faq\">\n<h3>Can I choose the number of instalments?<\/h3>\n<\/div>\n<\/div>\n<div class=\"ic_content_accordion\">\n<div class=\"text_faq\">Yes, you may choose from 3 up to 24 instalments. Our financing service is 100% transparent and secure. During the entire purchase process you will see the total amount of your purchase and the cost of each instalment.<\/div>\n<\/div>\n<\/div>\n<div class=\"ic_accordion_step\">\n<div class=\"ic_btn_acordion\">\n<div class=\"title_faq\">\n<h3>What happens to my loan if I return my purchase?<\/h3>\n<\/div>\n<\/div>\n<div class=\"ic_content_accordion\">\n<div class=\"text_faq\">If you have any problems with your purchase, please contact the store of original purchase. The return process is the same as with any other online or physical purchase.<\/div>\n<\/div>\n<\/div>\n<div class=\"ic_accordion_step \">\n<div class=\"ic_btn_acordion\">\n<div class=\"title_faq\">\n<h3>How can I cancel an order made using Instant Credit?<\/h3>\n<\/div>\n<\/div>\n<div class=\"ic_content_accordion\">\n<div class=\"text_faq\">If you would like to cancel your order, please contact the store where the order was made. If you would like to cancel the credit lending for your order, you can do so at any time by contacting the financial entity that approved your financing. You will receive the financial entity\u200b contact info\u200b by email once you complete the purchase.<\/div>\n<\/div>\n<\/div>\n<div class=\"ic_accordion_step \">\n<div class=\"ic_btn_acordion\">\n<div class=\"title_faq\">\n<h3>Can I pay my pending instalments before they are due?<\/h3>\n<\/div>\n<\/div>\n<div class=\"ic_content_accordion\">\n<div class=\"text_faq\">Of course! You can pay off any amount at any time during the duration of your credit loan by contacting the financial entity that has approved your financing.\u200b Once you complete the purchase, the\u200b financial entity\u200b contact info will be provided\u200b to you\u200b \u200bby email.<\/div>\n<\/div>\n<\/div>\n<div class=\"ic_accordion_step\">\n<div class=\"ic_btn_acordion\">\n<div class=\"title_faq\">\n<h3>Are there any fees for late payments?<\/h3>\n<\/div>\n<\/div>\n<div class=\"ic_content_accordion\">\n<div class=\"text_faq\">Yes. The late fees are detailed in the terms and conditions of your credit agreement<\/div>\n<\/div>\n<\/div>\n<div class=\"ic_accordion_step\">\n<div class=\"ic_btn_acordion\">\n<div class=\"title_faq\">\n<h3>What happens if my credit request is denied?<\/h3>\n<\/div>\n<\/div>\n<div class=\"ic_content_accordion\">\n<div class=\"text_faq\">If your credit request is not accepted, we will communicate this to you instantly via a message on your screen. In this case, you simply need to return to the payment page to finalise your purchase through an alternative payment option offered by the store.<\/div>\n<\/div>\n<\/div>\n<\/div>\n<\/div>\n<\/div>\n<\/div>\n<div class=\"ic_row ic_row_last_acordion\">\n<div class=\"ic_row_center\">\n<div class=\"ic_item_1col\">\n<div class=\"title_section\">\n<h2>Sell with Instant Credit<\/h2>\n<\/div>\n<div class=\"ic_accordion_container\">\n<div class=\"ic_accordion_step \">\n<div class=\"ic_btn_acordion\">\n<div class=\"title_faq\">\n<h3>What is the benefit of integrating Instant Credit in my webshop?<\/h3>\n<\/div>\n<\/div>\n<div class=\"ic_content_accordion\">\n<div class=\"text_faq\">Instant Credit offers a new payment method for the e-commerce shop. The instant financing at the point of sale offers additional flexibility to customers to choose the payments conditions that are most suited to their needs and the freedom to buy products at a superior price. The e-commerce merchant on the other side benefits from an increase in sales and in the average purchase ticket size.<\/div>\n<\/div>\n<\/div>\n<div class=\"ic_accordion_step\">\n<div class=\"ic_btn_acordion\">\n<div class=\"title_faq\">\n<h3>Why is the multi-financing model better than the traditional one?<\/h3>\n<\/div>\n<\/div>\n<div class=\"ic_content_accordion\">\n<div class=\"text_faq\">Instant Credit works with different partner financial institutions at European level. Key benefits for the e-commerce merchant are a higher rate of credit approval, a greater conversion of sales and a wider international service coverage.<\/div>\n<\/div>\n<\/div>\n<div class=\"ic_accordion_step\">\n<div class=\"ic_btn_acordion\">\n<div class=\"title_faq\">\n<h3>When will I receive payment for the orders made on credit?<\/h3>\n<\/div>\n<\/div>\n<div class=\"ic_content_accordion\">\n<div class=\"text_faq\">Instantly. The total amount of the purchase made with Instant Credit is paid to the business owner as soon as the shopper finalises the order.<\/div>\n<\/div>\n<\/div>\n<div class=\"ic_accordion_step\">\n<div class=\"ic_btn_acordion\">\n<div class=\"title_faq\">\n<h3>How can I see the transactions made with Instant Credit?<\/h3>\n<\/div>\n<\/div>\n<div class=\"ic_content_accordion\">\n<div class=\"text_faq\">The business is provided with a full back-office of Instant Credit where transactions can be seen and consulted in real time.<\/div>\n<\/div>\n<\/div>\n<div class=\"ic_accordion_step\">\n<div class=\"ic_btn_acordion\">\n<div class=\"title_faq\">\n<h3>What happens if the customer finally does not pay back the full amount of the credit?<\/h3>\n<\/div>\n<\/div>\n<div class=\"ic_content_accordion\">\n<div class=\"text_faq\">The e-commerce merchant does not assume any risk. The total amount of the purchase is paid directly to the e-commerce merchant once the purchase process has been successfully finalised.<\/div>\n<\/div>\n<\/div>\n<div class=\"ic_accordion_step\">\n<div class=\"ic_btn_acordion\">\n<div class=\"title_faq\">\n<h3>Can I manage the return of a product?<\/h3>\n<\/div>\n<\/div>\n<div class=\"ic_content_accordion\">\n<div class=\"text_faq\">Of course! The e-commerce merchant can approve any type of return. Instant Credit has an easy-to-use system of automatized refunds.<\/div>\n<\/div>\n<\/div>\n<div class=\"ic_accordion_step\">\n<div class=\"ic_btn_acordion\">\n<div class=\"title_faq\">\n<h3>Can I offer my customers interest-free financing?<\/h3>\n<\/div>\n<\/div>\n<div class=\"ic_content_accordion\">\n<div class=\"text_faq\">Of course! To increase sales conversion, the e-commerce merchant can decide at any moment to subsidise the APR of its customers permanently or temporarily through specific or seasonal campaigns. Please <a href=\"mailto:am@instantcredit.net\">contact us<\/a> for more information on the conditions of our interest free campaigns.<\/div>\n<\/div>\n<\/div>\n<div class=\"ic_accordion_step \">\n<div class=\"ic_btn_acordion\">\n<div class=\"title_faq\">\n<h3>How can I integrate Instant Credit in my webshop?<\/h3>\n<\/div>\n<\/div>\n<div class=\"ic_content_accordion\">\n<div class=\"text_faq\">It\u2019s very easy. Instant Credit will provide you with all the necessary technical documentation so that you can integrate our service in your webshop in an easy and fast way. Furthermore, with a single integration, you will benefit from an international service coverage adapted to all devices.<\/div>\n<\/div>\n<\/div>\n<div class=\"ic_accordion_step \">\n<div class=\"ic_btn_acordion\">\n<div class=\"title_faq\">\n<h3>How can I inform my customers about the Instant Credit payment method?<\/h3>\n<\/div>\n<\/div>\n<div class=\"ic_content_accordion\">\n<div class=\"text_faq\">Instant Credit offers a wide selection of banners, animated gifs and content to promote our service in your website. We are your partners and we work with you to develop the best promotion and financing strategy to maximise your sales.<\/div>\n<\/div>\n<\/div>\n<div class=\"ic_accordion_step\">\n<div class=\"ic_btn_acordion\">\n<div class=\"title_faq\">\n<h3>Do you want to integrate Instant Credit in your webshop?<\/h3>\n<\/div>\n<\/div>\n<div class=\"ic_content_accordion\">\n<div class=\"text_faq\">Click <a style=\"text-decoration: underline;\" href=\"https:\/\/www.instantcredit.net\/contact\/?lang=en\">here<\/a> to contact us.<\/div>\n<\/div>\n<\/div>\n<\/div>\n<\/div>\n<\/div>\n<\/div>\n","protected":false},"excerpt":{"rendered":"<p>Frequently Asked Questions Find the answers to all your doubts regarding our pay in instalments method Buy with Instant Credit How do I use Instant Credit? Instant Credit is the fastest and safest way to finance your online purchases. After adding your items to the shopping cart, select Instant Credit from the payment options page [&hellip;]<\/p>\n","protected":false},"author":8,"featured_media":4369,"parent":0,"menu_order":0,"comment_status":"closed","ping_status":"closed","template":"","meta":{"_acf_changed":false,"footnotes":""},"class_list":["post-2037","page","type-page","status-publish","has-post-thumbnail","hentry"],"acf":[],"yoast_head":"<!-- This site is optimized with the Yoast SEO plugin v23.4 - https:\/\/yoast.com\/wordpress\/plugins\/seo\/ -->\n<title>Instant Credit: Frequently asked questions about payment in instalments<\/title>\n<meta name=\"description\" content=\"We answer your queries regarding Instant Credit&#039;s paperless, secure and online payment in installments solution for ecommerce and physical point of sale.\" \/>\n<meta name=\"robots\" content=\"index, follow, max-snippet:-1, max-image-preview:large, max-video-preview:-1\" \/>\n<link rel=\"canonical\" href=\"https:\/\/www.instantcredit.net\/en\/faqs\/\" \/>\n<meta property=\"og:locale\" content=\"en_US\" \/>\n<meta property=\"og:type\" content=\"article\" \/>\n<meta property=\"og:title\" content=\"Instant Credit: Frequently asked questions about payment in instalments\" \/>\n<meta property=\"og:description\" content=\"We answer your queries regarding Instant Credit&#039;s paperless, secure and online payment in installments solution for ecommerce and physical point of sale.\" \/>\n<meta property=\"og:url\" content=\"https:\/\/www.instantcredit.net\/en\/faqs\/\" \/>\n<meta property=\"og:site_name\" content=\"instantcredit.net\" \/>\n<meta property=\"article:modified_time\" content=\"2020-10-14T14:19:25+00:00\" \/>\n<meta property=\"og:image\" content=\"https:\/\/www.instantcredit.net\/wp-content\/uploads\/Financiacion_online_de_compras_en_Ecommerce___Instant_Credit.jpg\" \/>\n\t<meta property=\"og:image:width\" content=\"1200\" \/>\n\t<meta property=\"og:image:height\" content=\"600\" \/>\n\t<meta property=\"og:image:type\" content=\"image\/jpeg\" \/>\n<meta name=\"twitter:card\" content=\"summary_large_image\" \/>\n<meta name=\"twitter:label1\" content=\"Est. reading time\" \/>\n\t<meta name=\"twitter:data1\" content=\"5 minutes\" \/>\n<script type=\"application\/ld+json\" class=\"yoast-schema-graph\">{\"@context\":\"https:\/\/schema.org\",\"@graph\":[{\"@type\":\"WebPage\",\"@id\":\"https:\/\/www.instantcredit.net\/en\/faqs\/\",\"url\":\"https:\/\/www.instantcredit.net\/en\/faqs\/\",\"name\":\"Instant Credit: Frequently asked questions about payment in instalments\",\"isPartOf\":{\"@id\":\"https:\/\/www.instantcredit.net\/#website\"},\"primaryImageOfPage\":{\"@id\":\"https:\/\/www.instantcredit.net\/en\/faqs\/#primaryimage\"},\"image\":{\"@id\":\"https:\/\/www.instantcredit.net\/en\/faqs\/#primaryimage\"},\"thumbnailUrl\":\"https:\/\/www.instantcredit.net\/wp-content\/uploads\/Financiacion_online_de_compras_en_Ecommerce___Instant_Credit.jpg\",\"datePublished\":\"2016-05-16T13:16:04+00:00\",\"dateModified\":\"2020-10-14T14:19:25+00:00\",\"description\":\"We answer your queries regarding Instant Credit's paperless, secure and online payment in installments solution for ecommerce and physical point of sale.\",\"breadcrumb\":{\"@id\":\"https:\/\/www.instantcredit.net\/en\/faqs\/#breadcrumb\"},\"inLanguage\":\"en-US\",\"potentialAction\":[{\"@type\":\"ReadAction\",\"target\":[\"https:\/\/www.instantcredit.net\/en\/faqs\/\"]}]},{\"@type\":\"ImageObject\",\"inLanguage\":\"en-US\",\"@id\":\"https:\/\/www.instantcredit.net\/en\/faqs\/#primaryimage\",\"url\":\"https:\/\/www.instantcredit.net\/wp-content\/uploads\/Financiacion_online_de_compras_en_Ecommerce___Instant_Credit.jpg\",\"contentUrl\":\"https:\/\/www.instantcredit.net\/wp-content\/uploads\/Financiacion_online_de_compras_en_Ecommerce___Instant_Credit.jpg\",\"width\":1200,\"height\":600,\"caption\":\"Financiaci\u00f3n online de compras en Ecommerce Instant Credit\"},{\"@type\":\"BreadcrumbList\",\"@id\":\"https:\/\/www.instantcredit.net\/en\/faqs\/#breadcrumb\",\"itemListElement\":[{\"@type\":\"ListItem\",\"position\":1,\"name\":\"Portada\",\"item\":\"https:\/\/www.instantcredit.net\/instant-credit-el-pago-a-plazos-digital-de-sabadell-consumer-finance-2\/\"},{\"@type\":\"ListItem\",\"position\":2,\"name\":\"FAQS\"}]},{\"@type\":\"WebSite\",\"@id\":\"https:\/\/www.instantcredit.net\/#website\",\"url\":\"https:\/\/www.instantcredit.net\/\",\"name\":\"instantcredit.net\",\"description\":\"La forma m\u00e1s r\u00e1pida y f\u00e1cil de financiar tus compras online.\",\"publisher\":{\"@id\":\"https:\/\/www.instantcredit.net\/#organization\"},\"potentialAction\":[{\"@type\":\"SearchAction\",\"target\":{\"@type\":\"EntryPoint\",\"urlTemplate\":\"https:\/\/www.instantcredit.net\/?s={search_term_string}\"},\"query-input\":{\"@type\":\"PropertyValueSpecification\",\"valueRequired\":true,\"valueName\":\"search_term_string\"}}],\"inLanguage\":\"en-US\"},{\"@type\":\"Organization\",\"@id\":\"https:\/\/www.instantcredit.net\/#organization\",\"name\":\"Instat credit\",\"url\":\"https:\/\/www.instantcredit.net\/\",\"logo\":{\"@type\":\"ImageObject\",\"inLanguage\":\"en-US\",\"@id\":\"https:\/\/www.instantcredit.net\/#\/schema\/logo\/image\/\",\"url\":\"https:\/\/www.instantcredit.net\/wp-content\/uploads\/logo_ic.png\",\"contentUrl\":\"https:\/\/www.instantcredit.net\/wp-content\/uploads\/logo_ic.png\",\"width\":638,\"height\":228,\"caption\":\"Instat credit\"},\"image\":{\"@id\":\"https:\/\/www.instantcredit.net\/#\/schema\/logo\/image\/\"},\"sameAs\":[\"https:\/\/www.linkedin.com\/company\/10596269\/\"]}]}<\/script>\n<!-- \/ Yoast SEO plugin. -->","yoast_head_json":{"title":"Instant Credit: Frequently asked questions about payment in instalments","description":"We answer your queries regarding Instant Credit's paperless, secure and online payment in installments solution for ecommerce and physical point of sale.","robots":{"index":"index","follow":"follow","max-snippet":"max-snippet:-1","max-image-preview":"max-image-preview:large","max-video-preview":"max-video-preview:-1"},"canonical":"https:\/\/www.instantcredit.net\/en\/faqs\/","og_locale":"en_US","og_type":"article","og_title":"Instant Credit: Frequently asked questions about payment in instalments","og_description":"We answer your queries regarding Instant Credit's paperless, secure and online payment in installments solution for ecommerce and physical point of sale.","og_url":"https:\/\/www.instantcredit.net\/en\/faqs\/","og_site_name":"instantcredit.net","article_modified_time":"2020-10-14T14:19:25+00:00","og_image":[{"width":1200,"height":600,"url":"https:\/\/www.instantcredit.net\/wp-content\/uploads\/Financiacion_online_de_compras_en_Ecommerce___Instant_Credit.jpg","type":"image\/jpeg"}],"twitter_card":"summary_large_image","twitter_misc":{"Est. reading time":"5 minutes"},"schema":{"@context":"https:\/\/schema.org","@graph":[{"@type":"WebPage","@id":"https:\/\/www.instantcredit.net\/en\/faqs\/","url":"https:\/\/www.instantcredit.net\/en\/faqs\/","name":"Instant Credit: Frequently asked questions about payment in instalments","isPartOf":{"@id":"https:\/\/www.instantcredit.net\/#website"},"primaryImageOfPage":{"@id":"https:\/\/www.instantcredit.net\/en\/faqs\/#primaryimage"},"image":{"@id":"https:\/\/www.instantcredit.net\/en\/faqs\/#primaryimage"},"thumbnailUrl":"https:\/\/www.instantcredit.net\/wp-content\/uploads\/Financiacion_online_de_compras_en_Ecommerce___Instant_Credit.jpg","datePublished":"2016-05-16T13:16:04+00:00","dateModified":"2020-10-14T14:19:25+00:00","description":"We answer your queries regarding Instant Credit's paperless, secure and online payment in installments solution for ecommerce and physical point of sale.","breadcrumb":{"@id":"https:\/\/www.instantcredit.net\/en\/faqs\/#breadcrumb"},"inLanguage":"en-US","potentialAction":[{"@type":"ReadAction","target":["https:\/\/www.instantcredit.net\/en\/faqs\/"]}]},{"@type":"ImageObject","inLanguage":"en-US","@id":"https:\/\/www.instantcredit.net\/en\/faqs\/#primaryimage","url":"https:\/\/www.instantcredit.net\/wp-content\/uploads\/Financiacion_online_de_compras_en_Ecommerce___Instant_Credit.jpg","contentUrl":"https:\/\/www.instantcredit.net\/wp-content\/uploads\/Financiacion_online_de_compras_en_Ecommerce___Instant_Credit.jpg","width":1200,"height":600,"caption":"Financiaci\u00f3n online de compras en Ecommerce Instant Credit"},{"@type":"BreadcrumbList","@id":"https:\/\/www.instantcredit.net\/en\/faqs\/#breadcrumb","itemListElement":[{"@type":"ListItem","position":1,"name":"Portada","item":"https:\/\/www.instantcredit.net\/instant-credit-el-pago-a-plazos-digital-de-sabadell-consumer-finance-2\/"},{"@type":"ListItem","position":2,"name":"FAQS"}]},{"@type":"WebSite","@id":"https:\/\/www.instantcredit.net\/#website","url":"https:\/\/www.instantcredit.net\/","name":"instantcredit.net","description":"La forma m\u00e1s r\u00e1pida y f\u00e1cil de financiar tus compras online.","publisher":{"@id":"https:\/\/www.instantcredit.net\/#organization"},"potentialAction":[{"@type":"SearchAction","target":{"@type":"EntryPoint","urlTemplate":"https:\/\/www.instantcredit.net\/?s={search_term_string}"},"query-input":{"@type":"PropertyValueSpecification","valueRequired":true,"valueName":"search_term_string"}}],"inLanguage":"en-US"},{"@type":"Organization","@id":"https:\/\/www.instantcredit.net\/#organization","name":"Instat credit","url":"https:\/\/www.instantcredit.net\/","logo":{"@type":"ImageObject","inLanguage":"en-US","@id":"https:\/\/www.instantcredit.net\/#\/schema\/logo\/image\/","url":"https:\/\/www.instantcredit.net\/wp-content\/uploads\/logo_ic.png","contentUrl":"https:\/\/www.instantcredit.net\/wp-content\/uploads\/logo_ic.png","width":638,"height":228,"caption":"Instat credit"},"image":{"@id":"https:\/\/www.instantcredit.net\/#\/schema\/logo\/image\/"},"sameAs":["https:\/\/www.linkedin.com\/company\/10596269\/"]}]}},"_links":{"self":[{"href":"https:\/\/www.instantcredit.net\/en\/wp-json\/wp\/v2\/pages\/2037\/"}],"collection":[{"href":"https:\/\/www.instantcredit.net\/en\/wp-json\/wp\/v2\/pages\/"}],"about":[{"href":"https:\/\/www.instantcredit.net\/en\/wp-json\/wp\/v2\/types\/page\/"}],"author":[{"embeddable":true,"href":"https:\/\/www.instantcredit.net\/en\/wp-json\/wp\/v2\/users\/8\/"}],"replies":[{"embeddable":true,"href":"https:\/\/www.instantcredit.net\/en\/wp-json\/wp\/v2\/comments\/?post=2037"}],"version-history":[{"count":7,"href":"https:\/\/www.instantcredit.net\/en\/wp-json\/wp\/v2\/pages\/2037\/revisions\/"}],"predecessor-version":[{"id":7467,"href":"https:\/\/www.instantcredit.net\/en\/wp-json\/wp\/v2\/pages\/2037\/revisions\/7467\/"}],"wp:featuredmedia":[{"embeddable":true,"href":"https:\/\/www.instantcredit.net\/en\/wp-json\/wp\/v2\/media\/4369\/"}],"wp:attachment":[{"href":"https:\/\/www.instantcredit.net\/en\/wp-json\/wp\/v2\/media\/?parent=2037"}],"curies":[{"name":"wp","href":"https:\/\/api.w.org\/{rel}","templated":true}]}}