{"id":2040,"date":"2016-05-16T13:16:15","date_gmt":"2016-05-16T13:16:15","guid":{"rendered":"http:\/\/www.instantcredit.net\/how-it-works\/?lang=en"},"modified":"2020-10-14T16:10:44","modified_gmt":"2020-10-14T14:10:44","slug":"how-it-works-2","status":"publish","type":"page","link":"https:\/\/www.instantcredit.net\/en\/how-it-works-2\/","title":{"rendered":"How it works"},"content":{"rendered":"<div class=\"ic_header_page\">\n<div class=\"ic_text_header_page\">\n<div class=\"title_header\">\n<h1>Financing an online purchase has never been so easy<\/h1>\n<\/div>\n<div class=\"subtitle_header\">\n<h2>Personalised instalments, no paperwork and instantaneous approval<\/h2>\n<\/div>\n<\/div>\n<\/div>\n<div class=\"ic_row_gris\">\n<div class=\"ic_row_center\">\n<div class=\"ic_item_3col ic_col_c\">\n<p><img decoding=\"async\" src=\"https:\/\/www.instantcredit.net\/wp-content\/uploads\/ic_icon_time.png\" alt=\"ic_icon_time\"><\/p>\n<div class=\"title_step\">\n<h3>Fast process, 100% online<\/h3>\n<\/div>\n<p>Finance your purchase instantly in convenient monthly instalments, no paperwork necessary<\/p>\n<\/div>\n<div class=\"ic_item_3col ic_col_c\">\n<p><img decoding=\"async\" src=\"https:\/\/www.instantcredit.net\/wp-content\/uploads\/ic_icon_calendar.png\" alt=\"ic_icon_calendar\"><\/p>\n<div class=\"title_step\">\n<h3>Convenient<\/h3>\n<\/div>\n<p>You choose the number of instalments to finance your purchase. 24\/7 service.<\/p>\n<\/div>\n<div class=\"ic_item_3col ic_col_c\">\n<p><img decoding=\"async\" src=\"https:\/\/www.instantcredit.net\/wp-content\/uploads\/ic_icon_security.png\" alt=\"\"><\/p>\n<div class=\"title_step\">\n<h3>Secure<\/h3>\n<\/div>\n<p>Instant Credit is designed to prevent unauthorized use and protect buyers\u2019 personal data at all times<\/p>\n<\/div>\n<\/div>\n<\/div>\n<div class=\"ic_row ic_row_ecommerce\">\n<div class=\"ic_row_center\">\n<div class=\"ic_item_2col ic_col_l\">\n<div class=\"title_section\">\n<h2>Do you own an<br \/>\ne-commerce?<\/h2>\n<\/div>\n<div class=\"subtitle_section\">\n<h3>Offer your clients the possibility to pay for their purchases in instalments and make the most out of instant financing<\/h3>\n<\/div>\n<hr>\n<ul class=\"ic_list_p\">\n<li>Boost in sales and conversion<\/li>\n<li>Secure and immediate payment<\/li>\n<li>Maximum flexibility for the buyer<\/li>\n<li>Single integration with broad international coverage<\/li>\n<li>Offer 0% APR campaigns: seasonal, by product, by number of instalments,&#8230; We provide you with all the necessary tools to implement it!<\/li>\n<\/ul>\n<p><a class=\"btn_action btn_call2action\" href=\"https:\/\/www.instantcredit.net\/contact?lang=en\">Interested<\/a><\/p>\n<\/div>\n<div class=\"ic_item_2col\"><\/div>\n<\/div>\n<\/div>\n<div class=\"ic_row_gris\">\n<div class=\"ic_row_center\">\n<div class=\"ic_item_1col\">\n<div class=\"title_section\">\n<h2 class=\"ic_h1_testimonios\">Instant Credit Experience<\/h2>\n<\/div>\n<div class=\"ic_madre_content_testimonios\">\n<ul class=\"ic_testimonios_content\">\n<li class=\"ic_testimonio\">\n<div class=\"ic_content_testimonio\">\n<div class=\"ic_texto_testimonial\">\n<p>\u201cThe process was quick and the answer was immediate. Very satisfied with the service.\u201d<\/p>\n<p>Eva C.<\/p>\n<\/div>\n<\/div>\n<\/li>\n<li class=\"ic_testimonio\">\n<div class=\"ic_content_testimonio\">\n<div class=\"ic_texto_testimonial\">\n<p>\u201cBuying with Instant Credit was easy and fast. I would recommend this method.\u201d<\/p>\n<p>Manuel A.<\/p>\n<\/div>\n<\/div>\n<\/li>\n<li class=\"ic_testimonio\">\n<div class=\"ic_content_testimonio\">\n<div class=\"ic_texto_testimonial\">\n<p>\u201cI wanted payment flexibility and that\u2019s what Instant Credit offers.\u201d<\/p>\n<p>Javier Sebasti\u00e1n T.<\/p>\n<\/div>\n<\/div>\n<\/li>\n<li class=\"ic_testimonio\">\n<div class=\"ic_content_testimonio\">\n<div class=\"ic_texto_testimonial\">\n<p>\u201cA friend recommended me this payment option so I gave it a try. In just 2 minutes I had already finished the process and my credit was approved.\u201d<\/p>\n<p>Alex S.<\/p>\n<\/div>\n<\/div>\n<\/li>\n<li class=\"ic_testimonio\">\n<div class=\"ic_content_testimonio\">\n<div class=\"ic_texto_testimonial\">\n<p>&#8220;First time using monthly payment in an online shop but I needed a new computer and I saw I could pay it in instalments. The steps were easy and the information was clear. Glad I gave it a try.&#8221;<\/p>\n<\/div>\n<\/div>\n<\/li>\n<li class=\"ic_testimonio\">\n<div class=\"ic_content_testimonio\">\n<div class=\"ic_texto_testimonial\">\n<p>&#8220;I needed a new fridge but I couldn\u2019t afford paying at once. The online shop had a more flexible payment method with Instant Credit and I didn\u2019t hesitate to use it.&#8221;<\/p>\n<p>Anna G.<\/p>\n<\/div>\n<\/div>\n<\/li>\n<li class=\"ic_testimonio\">\n<div class=\"ic_content_testimonio\">\n<div class=\"ic_texto_testimonial\">\n<p>&#8220;The online shop offered this payment option and I decided to try it. While following the steps I had some questions so I decided to call. They solved all my doubts, great customer service.&#8221;<\/p>\n<p>Gemma C.<\/p>\n<\/div>\n<\/div>\n<\/li>\n<li class=\"ic_testimonio\">\n<div class=\"ic_content_testimonio\">\n<div class=\"ic_texto_testimonial\">\n<p>&#8220;At the beginning I had some doubts because usually I pay all at once and with my card. I decided to use Instant Credit because the information was easy to understand and transparent. I am almost done with the credit and everything went great.&#8221;<\/p>\n<p>Marta B.<\/p>\n<\/div>\n<\/div>\n<\/li>\n<li class=\"ic_testimonio\">\n<div class=\"ic_content_testimonio\">\n<div class=\"ic_texto_testimonial\">\n<p>&#8220;Instant Credit has allowed me buying stuff that otherwise I couldn\u2019t have been able to afford.&#8221;<\/p>\n<p>Sara V.<\/p>\n<\/div>\n<\/div>\n<\/li>\n<li class=\"ic_testimonio\">\n<div class=\"ic_content_testimonio\">\n<div class=\"ic_texto_testimonial\">\n<p>&#8220;What I value the most when asking for a credit is trust and transparency. When I paid online using Instant Credit, during the whole process I knew how much I had to pay.&#8221;<\/p>\n<p>Silvia H.<\/p>\n<\/div>\n<\/div>\n<\/li>\n<\/ul>\n<\/div>\n<\/div>\n<\/div>\n<\/div>\n<div class=\"ic_row\">\n<div class=\"ic_row_center\">\n<div class=\"ic_item_2col ic_order_mobile\"><img decoding=\"async\" class=\"ic_responsive_image\" src=\"https:\/\/www.instantcredit.net\/wp-content\/uploads\/ic_img_tienda_fisica_eng.png\" alt=\"Sticker\"><\/div>\n<div class=\"ic_item_2col ic_col_l\">\n<div class=\"title_section\">\n<h2>Do you own a physical store?<\/h2>\n<\/div>\n<hr>\n<p>Our platform is adapted to all channels; online shops, physical points of sale and telemarketing<\/p>\n<\/div>\n<\/div>\n<\/div>\n","protected":false},"excerpt":{"rendered":"<p>Financing an online purchase has never been so easy Personalised instalments, no paperwork and instantaneous approval Fast process, 100% online Finance your purchase instantly in convenient monthly instalments, no paperwork necessary Convenient You choose the number of instalments to finance your purchase. 24\/7 service. Secure Instant Credit is designed to prevent unauthorized use and protect [&hellip;]<\/p>\n","protected":false},"author":8,"featured_media":4369,"parent":0,"menu_order":0,"comment_status":"closed","ping_status":"closed","template":"","meta":{"_acf_changed":false,"footnotes":""},"class_list":["post-2040","page","type-page","status-publish","has-post-thumbnail","hentry"],"acf":[],"yoast_head":"<!-- This site is optimized with the Yoast SEO plugin v23.4 - https:\/\/yoast.com\/wordpress\/plugins\/seo\/ -->\n<title>Instant Credit: How does our payment in instalments method work?<\/title>\n<meta name=\"description\" content=\"Find out how Instant Credit&#039;s digital payment in instalments works. Select &#039;Pay in instalments&#039; and instantly finance your online purchase. Easy and secure.\" \/>\n<meta name=\"robots\" content=\"index, follow, max-snippet:-1, max-image-preview:large, max-video-preview:-1\" \/>\n<link rel=\"canonical\" href=\"https:\/\/www.instantcredit.net\/en\/how-it-works-2\/\" \/>\n<meta property=\"og:locale\" content=\"en_US\" \/>\n<meta property=\"og:type\" content=\"article\" \/>\n<meta property=\"og:title\" content=\"Instant Credit: How does our payment in instalments method work?\" \/>\n<meta property=\"og:description\" content=\"Find out how Instant Credit&#039;s digital payment in instalments works. Select &#039;Pay in instalments&#039; and instantly finance your online purchase. Easy and secure.\" \/>\n<meta property=\"og:url\" content=\"https:\/\/www.instantcredit.net\/en\/how-it-works-2\/\" \/>\n<meta property=\"og:site_name\" content=\"instantcredit.net\" \/>\n<meta property=\"article:modified_time\" content=\"2020-10-14T14:10:44+00:00\" \/>\n<meta property=\"og:image\" content=\"https:\/\/www.instantcredit.net\/wp-content\/uploads\/Financiacion_online_de_compras_en_Ecommerce___Instant_Credit.jpg\" \/>\n\t<meta property=\"og:image:width\" content=\"1200\" \/>\n\t<meta property=\"og:image:height\" content=\"600\" \/>\n\t<meta property=\"og:image:type\" content=\"image\/jpeg\" \/>\n<meta name=\"twitter:card\" content=\"summary_large_image\" \/>\n<meta name=\"twitter:label1\" content=\"Est. reading time\" \/>\n\t<meta name=\"twitter:data1\" content=\"2 minutes\" \/>\n<script type=\"application\/ld+json\" class=\"yoast-schema-graph\">{\"@context\":\"https:\/\/schema.org\",\"@graph\":[{\"@type\":\"WebPage\",\"@id\":\"https:\/\/www.instantcredit.net\/en\/how-it-works-2\/\",\"url\":\"https:\/\/www.instantcredit.net\/en\/how-it-works-2\/\",\"name\":\"Instant Credit: How does our payment in instalments method work?\",\"isPartOf\":{\"@id\":\"https:\/\/www.instantcredit.net\/#website\"},\"primaryImageOfPage\":{\"@id\":\"https:\/\/www.instantcredit.net\/en\/how-it-works-2\/#primaryimage\"},\"image\":{\"@id\":\"https:\/\/www.instantcredit.net\/en\/how-it-works-2\/#primaryimage\"},\"thumbnailUrl\":\"https:\/\/www.instantcredit.net\/wp-content\/uploads\/Financiacion_online_de_compras_en_Ecommerce___Instant_Credit.jpg\",\"datePublished\":\"2016-05-16T13:16:15+00:00\",\"dateModified\":\"2020-10-14T14:10:44+00:00\",\"description\":\"Find out how Instant Credit's digital payment in instalments works. Select 'Pay in instalments' and instantly finance your online purchase. Easy and secure.\",\"breadcrumb\":{\"@id\":\"https:\/\/www.instantcredit.net\/en\/how-it-works-2\/#breadcrumb\"},\"inLanguage\":\"en-US\",\"potentialAction\":[{\"@type\":\"ReadAction\",\"target\":[\"https:\/\/www.instantcredit.net\/en\/how-it-works-2\/\"]}]},{\"@type\":\"ImageObject\",\"inLanguage\":\"en-US\",\"@id\":\"https:\/\/www.instantcredit.net\/en\/how-it-works-2\/#primaryimage\",\"url\":\"https:\/\/www.instantcredit.net\/wp-content\/uploads\/Financiacion_online_de_compras_en_Ecommerce___Instant_Credit.jpg\",\"contentUrl\":\"https:\/\/www.instantcredit.net\/wp-content\/uploads\/Financiacion_online_de_compras_en_Ecommerce___Instant_Credit.jpg\",\"width\":1200,\"height\":600,\"caption\":\"Financiaci\u00f3n online de compras en Ecommerce Instant Credit\"},{\"@type\":\"BreadcrumbList\",\"@id\":\"https:\/\/www.instantcredit.net\/en\/how-it-works-2\/#breadcrumb\",\"itemListElement\":[{\"@type\":\"ListItem\",\"position\":1,\"name\":\"Portada\",\"item\":\"https:\/\/www.instantcredit.net\/instant-credit-el-pago-a-plazos-digital-de-sabadell-consumer-finance-2\/\"},{\"@type\":\"ListItem\",\"position\":2,\"name\":\"How it works\"}]},{\"@type\":\"WebSite\",\"@id\":\"https:\/\/www.instantcredit.net\/#website\",\"url\":\"https:\/\/www.instantcredit.net\/\",\"name\":\"instantcredit.net\",\"description\":\"La forma m\u00e1s r\u00e1pida y f\u00e1cil de financiar tus compras online.\",\"publisher\":{\"@id\":\"https:\/\/www.instantcredit.net\/#organization\"},\"potentialAction\":[{\"@type\":\"SearchAction\",\"target\":{\"@type\":\"EntryPoint\",\"urlTemplate\":\"https:\/\/www.instantcredit.net\/?s={search_term_string}\"},\"query-input\":{\"@type\":\"PropertyValueSpecification\",\"valueRequired\":true,\"valueName\":\"search_term_string\"}}],\"inLanguage\":\"en-US\"},{\"@type\":\"Organization\",\"@id\":\"https:\/\/www.instantcredit.net\/#organization\",\"name\":\"Instat credit\",\"url\":\"https:\/\/www.instantcredit.net\/\",\"logo\":{\"@type\":\"ImageObject\",\"inLanguage\":\"en-US\",\"@id\":\"https:\/\/www.instantcredit.net\/#\/schema\/logo\/image\/\",\"url\":\"https:\/\/www.instantcredit.net\/wp-content\/uploads\/logo_ic.png\",\"contentUrl\":\"https:\/\/www.instantcredit.net\/wp-content\/uploads\/logo_ic.png\",\"width\":638,\"height\":228,\"caption\":\"Instat credit\"},\"image\":{\"@id\":\"https:\/\/www.instantcredit.net\/#\/schema\/logo\/image\/\"},\"sameAs\":[\"https:\/\/www.linkedin.com\/company\/10596269\/\"]}]}<\/script>\n<!-- \/ Yoast SEO plugin. -->","yoast_head_json":{"title":"Instant Credit: How does our payment in instalments method work?","description":"Find out how Instant Credit's digital payment in instalments works. Select 'Pay in instalments' and instantly finance your online purchase. Easy and secure.","robots":{"index":"index","follow":"follow","max-snippet":"max-snippet:-1","max-image-preview":"max-image-preview:large","max-video-preview":"max-video-preview:-1"},"canonical":"https:\/\/www.instantcredit.net\/en\/how-it-works-2\/","og_locale":"en_US","og_type":"article","og_title":"Instant Credit: How does our payment in instalments method work?","og_description":"Find out how Instant Credit's digital payment in instalments works. Select 'Pay in instalments' and instantly finance your online purchase. Easy and secure.","og_url":"https:\/\/www.instantcredit.net\/en\/how-it-works-2\/","og_site_name":"instantcredit.net","article_modified_time":"2020-10-14T14:10:44+00:00","og_image":[{"width":1200,"height":600,"url":"https:\/\/www.instantcredit.net\/wp-content\/uploads\/Financiacion_online_de_compras_en_Ecommerce___Instant_Credit.jpg","type":"image\/jpeg"}],"twitter_card":"summary_large_image","twitter_misc":{"Est. reading time":"2 minutes"},"schema":{"@context":"https:\/\/schema.org","@graph":[{"@type":"WebPage","@id":"https:\/\/www.instantcredit.net\/en\/how-it-works-2\/","url":"https:\/\/www.instantcredit.net\/en\/how-it-works-2\/","name":"Instant Credit: How does our payment in instalments method work?","isPartOf":{"@id":"https:\/\/www.instantcredit.net\/#website"},"primaryImageOfPage":{"@id":"https:\/\/www.instantcredit.net\/en\/how-it-works-2\/#primaryimage"},"image":{"@id":"https:\/\/www.instantcredit.net\/en\/how-it-works-2\/#primaryimage"},"thumbnailUrl":"https:\/\/www.instantcredit.net\/wp-content\/uploads\/Financiacion_online_de_compras_en_Ecommerce___Instant_Credit.jpg","datePublished":"2016-05-16T13:16:15+00:00","dateModified":"2020-10-14T14:10:44+00:00","description":"Find out how Instant Credit's digital payment in instalments works. Select 'Pay in instalments' and instantly finance your online purchase. Easy and secure.","breadcrumb":{"@id":"https:\/\/www.instantcredit.net\/en\/how-it-works-2\/#breadcrumb"},"inLanguage":"en-US","potentialAction":[{"@type":"ReadAction","target":["https:\/\/www.instantcredit.net\/en\/how-it-works-2\/"]}]},{"@type":"ImageObject","inLanguage":"en-US","@id":"https:\/\/www.instantcredit.net\/en\/how-it-works-2\/#primaryimage","url":"https:\/\/www.instantcredit.net\/wp-content\/uploads\/Financiacion_online_de_compras_en_Ecommerce___Instant_Credit.jpg","contentUrl":"https:\/\/www.instantcredit.net\/wp-content\/uploads\/Financiacion_online_de_compras_en_Ecommerce___Instant_Credit.jpg","width":1200,"height":600,"caption":"Financiaci\u00f3n online de compras en Ecommerce Instant Credit"},{"@type":"BreadcrumbList","@id":"https:\/\/www.instantcredit.net\/en\/how-it-works-2\/#breadcrumb","itemListElement":[{"@type":"ListItem","position":1,"name":"Portada","item":"https:\/\/www.instantcredit.net\/instant-credit-el-pago-a-plazos-digital-de-sabadell-consumer-finance-2\/"},{"@type":"ListItem","position":2,"name":"How it works"}]},{"@type":"WebSite","@id":"https:\/\/www.instantcredit.net\/#website","url":"https:\/\/www.instantcredit.net\/","name":"instantcredit.net","description":"La forma m\u00e1s r\u00e1pida y f\u00e1cil de financiar tus compras online.","publisher":{"@id":"https:\/\/www.instantcredit.net\/#organization"},"potentialAction":[{"@type":"SearchAction","target":{"@type":"EntryPoint","urlTemplate":"https:\/\/www.instantcredit.net\/?s={search_term_string}"},"query-input":{"@type":"PropertyValueSpecification","valueRequired":true,"valueName":"search_term_string"}}],"inLanguage":"en-US"},{"@type":"Organization","@id":"https:\/\/www.instantcredit.net\/#organization","name":"Instat credit","url":"https:\/\/www.instantcredit.net\/","logo":{"@type":"ImageObject","inLanguage":"en-US","@id":"https:\/\/www.instantcredit.net\/#\/schema\/logo\/image\/","url":"https:\/\/www.instantcredit.net\/wp-content\/uploads\/logo_ic.png","contentUrl":"https:\/\/www.instantcredit.net\/wp-content\/uploads\/logo_ic.png","width":638,"height":228,"caption":"Instat credit"},"image":{"@id":"https:\/\/www.instantcredit.net\/#\/schema\/logo\/image\/"},"sameAs":["https:\/\/www.linkedin.com\/company\/10596269\/"]}]}},"_links":{"self":[{"href":"https:\/\/www.instantcredit.net\/en\/wp-json\/wp\/v2\/pages\/2040\/"}],"collection":[{"href":"https:\/\/www.instantcredit.net\/en\/wp-json\/wp\/v2\/pages\/"}],"about":[{"href":"https:\/\/www.instantcredit.net\/en\/wp-json\/wp\/v2\/types\/page\/"}],"author":[{"embeddable":true,"href":"https:\/\/www.instantcredit.net\/en\/wp-json\/wp\/v2\/users\/8\/"}],"replies":[{"embeddable":true,"href":"https:\/\/www.instantcredit.net\/en\/wp-json\/wp\/v2\/comments\/?post=2040"}],"version-history":[{"count":3,"href":"https:\/\/www.instantcredit.net\/en\/wp-json\/wp\/v2\/pages\/2040\/revisions\/"}],"predecessor-version":[{"id":7509,"href":"https:\/\/www.instantcredit.net\/en\/wp-json\/wp\/v2\/pages\/2040\/revisions\/7509\/"}],"wp:featuredmedia":[{"embeddable":true,"href":"https:\/\/www.instantcredit.net\/en\/wp-json\/wp\/v2\/media\/4369\/"}],"wp:attachment":[{"href":"https:\/\/www.instantcredit.net\/en\/wp-json\/wp\/v2\/media\/?parent=2040"}],"curies":[{"name":"wp","href":"https:\/\/api.w.org\/{rel}","templated":true}]}}