{"id":2042,"date":"2016-05-16T13:16:21","date_gmt":"2016-05-16T13:16:21","guid":{"rendered":"http:\/\/www.instantcredit.net\/legal-notice\/?lang=en"},"modified":"2021-04-27T13:58:08","modified_gmt":"2021-04-27T11:58:08","slug":"legal-notice","status":"publish","type":"page","link":"https:\/\/www.instantcredit.net\/en\/legal-notice\/","title":{"rendered":"Legal Notice"},"content":{"rendered":"<div class=\"ic_row ic_legal_text\">\n<div class=\"ic_row_center\">\n<div class=\"ic_item_1col ic_col_l\">\n<div class=\"title_header\">\n<h1><span style=\"color: #007cbf;\">Legal Notice<\/span><\/h1>\n<\/div>\n<div class=\"subtitle_section\">\n<h2>General terms and conditions<\/h2>\n<\/div>\n<p>These general terms and conditions govern all users\u2019 use and access to the website, or Internet service, that LSP FINANCE SLU (hereinafter &#8220;Instant Credit&#8221;) with registered office at Acalle Sena n\u00ba 12 (pol\u00edgono industrial Can Sant Joan), 08174, Sant Cugat del Vall\u00e9s (SPAIN), with Tax Identification Number B-66.681.602, registered at the Barcelona Mercantile Register, \u200b\u200bVolume 45221, Folio 130, Sheet 480835 and Entry 1797, makes available to users through the electronic address: <a href=\"https:\/\/www.instantcredit.net\">www.instantcredit.net<\/a>, whose &#8220;IP&#8221; address is: 185.42.105.213.<\/p>\n<p>The use of the website by any user implies full acceptance of these conditions and criteria which are permanently available on the website, under the version published and in force at all times. To this end it is recommended that the user carefully read the conditions and instructions posted on the websites each time he accesses them, as well as the need to reload at all times the contents found in the user&#8217;s own computer cache memory in order to receive fully updated information.<\/p>\n<p>All this without prejudice to the specific conditions governing each of the goods, products and services that are available through the websites.<\/p>\n<div class=\"subtitle_section\">\n<h2>Purpose<\/h2>\n<\/div>\n<p>The main purpose of the website is to inform about the INSTANT CREDIT activities and the goods, products and services sold.<\/p>\n<div class=\"subtitle_section\">\n<h2>Terms of use for the user<\/h2>\n<\/div>\n<p>The user undertakes to make appropriate, correct and lawful use to the contents and services of the website. Illegal, illicit or contrary to good faith and public order and, in general, any conduct that violates, induces or may violate respect for human dignity and the principle of non-discrimination on grounds of race, sex, religion, opinion, nationality or any other personal or social circumstance; against the protection of public health and consumers and users; or the protection of youth and childhood are strictly prohibited. Likewise. any activity aimed at impersonating any person or entity, or interfering with, violating, altering or disconnecting the system, servers, networks or contents, as well as failing to comply with any connection requirement is also prohibited. INSTANT CREDIT reserves the right to exclude the user from the service without prior notice and to adopt whatever measures it deems appropriate at any time, in order to avoid the conduct and activities indicated.<\/p>\n<div class=\"subtitle_section\">\n<h2>Intellectual or Industrial Property<\/h2>\n<\/div>\n<p>It is expressly stated that all website elements are subject to intellectual or industrial property rights. The content, source codes, form, design and denomination of the products, applications, tools, pages, brands, commercial names, logos, images, sounds and graphics, including copyright, are owned or have been assigned or licensed to INSTANT CREDIT, and therefore authorship and exploitation rights in all its terms and conditions are protected by commercial and criminal laws in force, whose violation, regardless of the corresponding financial liabilities, constitutes an illicit or criminal activity<\/p>\n<p>Therefore, the user must refrain from any reproduction, adaptation, combination or integration into other applications, arrangements or any other manipulation or transformation, as well as any form of public communication or distribution, in relation to all content accessible through the web, unless express authorization of INSTANT CREDIT and even in that case, refrain from doing so through procedures other than those specified and provided through the website itself for users who, in no case, will be able to carry out any download, print, copy, or transfer of the content to any media, with alteration or modification of the contents provided, in such a manner that it differs, omits, adds, distorts, modifies or in any way contradicts the messages and information displayed and supplied through the web, in the way in which these appear in the system and in the computer records of INSTANT CREDIT.<\/p>\n<p>INSTANT CREDIT does not grant any license or any kind of authorization to use its industrial and intellectual property or on any right or property related to its own website, services or content.<\/p>\n<p>Those websites establishing hyperlinks (&#8220;hyperlinks&#8221;) to the INSTANT CREDIT website shall not reproduce this page, nor directly associate the link to any other page of the Portal other than the home page (&#8220;home page&#8221;). Likewise, they must also refrain from using distinctive signs, commercial names, labels, information or any other specific content to the website, except for the indication that forms part of the link itself (&#8220;link&#8221;). Under no circumstances may it be understood or stated that INSTANT CREDIT has authorized, intervenes, assumes, participates or has supervised in any way the contents on which the hyperlink appears, or even consents to the inclusion of the hyperlink unless expressly authorized.<\/p>\n<div class=\"subtitle_section\">\n<h2>Privacy Policy<\/h2>\n<\/div>\n<p>The user through the different areas that are part of the website, may visit, obtain information and use a set of applications or tools. All data provided by users will be treated with absolute confidentiality. Both the entity responsible for the files and those involved in any phase of the data processing and the entities to which they have been communicated, under the protection of the authorization granted by the user, are subject to the strictest professional secrecy, expressly committing themselves to adopt the protection level and the necessary technical and organizational measures to guarantee the security of personal data and prevent their alteration, misuse, loss, theft, unauthorized processing or access, either externally or within the framework of the structure itself or staff, taking into account the state of technology, the nature of the data stored and the risks to which they are exposed, whether these derive from human action or from physical or natural means. It also guarantees the processing and recording in files, programs, systems, equipment, premises and centers, which meet the integrity and security requirements and conditions established in the current legislation at all times.<\/p>\n<p>However, the user must be aware, and is expressly warned, that Internet security measures are not impregnable.<\/p>\n<ol type=\"a\">\n<li>\n<div class=\"subtitle_section\">\n<h2>Navigation<\/h2>\n<\/div>\n<p>The simple navigation through the INSTANT CREDIT website is free of charge and does not require prior registration by the user. However, access to or use of certain goods, products or services may require user registration and compliance with the provisions of the specific conditions governing each product or service.<\/li>\n<li>\n<div class=\"subtitle_section\">\n<h2>Personal Data<\/h2>\n<\/div>\n<p>In the event that a user \u2013 a natural person \u2013 is required to register his\/her personal data, in order to enable access, use or contracting of any service provided through the INSTANT CREDIT website, he\/she will be expressly informed that such data, together with those originated as a result of the execution of the service, are necessary for the development, control, management and execution of his\/her requests or operations and that they will be incorporated into the files created for this purpose in each case. The introduction and registration of personal data by the user will entail his\/her acceptance and express authorization to INSTANT CREDIT for the collection, incorporation to the respective files and the processing of such personal data, as well as for their conservation during the periods foreseen in the applicable provisions. In any case, the user may exercise the rights of access, rectification, opposition, erasure, limitation and portability and to exercise the right to oppose automated individual decisions that may significantly affect or have legal effects, in accordance with Article 22 of EU Regulation 2016\/679, by writing to the Data Protection Rights unit of INSTANT CREDIT through its registered office or offices or through the following email address: <a href=\"mailto:gdpr@instantcredit.net\">gdpr@instantcredit.net<\/a><\/p>\n<p>Finally, the user is warned that the INSTANT CREDIT website may facilitate access by means of links (&#8220;links&#8221;) to different websites corresponding to entities, companies, institutions or organizations unrelated to INSTANT CREDIT. INSTANT CREDIT will not be responsible, in relation to the registration on these websites, for the user\u2019s personal data.<\/li>\n<\/ol>\n<div class=\"subtitle_section\">\n<h2>Liability<\/h2>\n<\/div>\n<p>INSTANT CREDIT does not guarantee to the user the availability, access or continuity to the website connection nor to the provision of information or any of the different services offered through it. Consequently, INSTANT CREDIT and any possible content provider shall not be liable in the event of interruptions of service, delays, malfunctions, and in general any inconvenience originated from causes beyond INSTANT CREDIT or the providers\u2019 control, or arising from fraudulent or wilful user\u2019s misconduct, or force majeure. INSTANT CREDIT does not guarantee the usefulness, acquisition of results or infallibility of the contents provided through the web, which in any case are of an orientative and informative character. Such information has been obtained from sources considered reasonably reliable, but should not be presumed in any case infallible, and should be compared with other sources prior to adopting any opinion or decision by the user. Any opinions, measures or investment, or any action of any other type adopted by the user will be at his own risk.<\/p>\n<p>INSTANT CREDIT does not assume any responsibility derived from the use by the user of the website contents, reserving the right to modify, replace, update, renew, prevent or restrict access, interrupt, block, temporarily suspend or definitively cancel any service, provision of information or any other content, whether in relation to a specific user or in general.<\/p>\n<p>INSTANT CREDIT does not intervene, participate nor offer any guarantee in relation to goods, services or products offered by third party providers accessible through hyperlinks or advertisements.<\/p>\n<p>INSTANT CREDIT does not assume any responsibility for damages that may be caused to users&#8217; equipment for possible computer viruses contracted by the user as a result of browsing the website or by any other derivated from browsing. The user must observe all rules, conditions and measures specified and determined on the website itself.<\/p>\n<\/div>\n<\/div>\n<\/div>\n","protected":false},"excerpt":{"rendered":"<p>Legal Notice General terms and conditions These general terms and conditions govern all users\u2019 use and access to the website, or Internet service, that LSP FINANCE SLU (hereinafter &#8220;Instant Credit&#8221;) with registered office at Acalle Sena n\u00ba 12 (pol\u00edgono industrial Can Sant Joan), 08174, Sant Cugat del Vall\u00e9s (SPAIN), with Tax Identification Number B-66.681.602, registered [&hellip;]<\/p>\n","protected":false},"author":8,"featured_media":4369,"parent":0,"menu_order":0,"comment_status":"closed","ping_status":"closed","template":"","meta":{"_acf_changed":false,"footnotes":""},"class_list":["post-2042","page","type-page","status-publish","has-post-thumbnail","hentry"],"acf":[],"yoast_head":"<!-- This site is optimized with the Yoast SEO plugin v23.4 - https:\/\/yoast.com\/wordpress\/plugins\/seo\/ -->\n<title>Instant Credit: Legal notice, secure payment in instalments<\/title>\n<meta name=\"description\" content=\"Instant Credit&#039;s legal notice. Secure payment in instalments method for e-commerce and physical point of sale with a paperless process.\" \/>\n<meta name=\"robots\" content=\"index, follow, max-snippet:-1, max-image-preview:large, max-video-preview:-1\" \/>\n<link rel=\"canonical\" href=\"https:\/\/www.instantcredit.net\/en\/legal-notice\/\" \/>\n<meta property=\"og:locale\" content=\"en_US\" \/>\n<meta property=\"og:type\" content=\"article\" \/>\n<meta property=\"og:title\" content=\"Instant Credit: Legal notice, secure payment in instalments\" \/>\n<meta property=\"og:description\" content=\"Instant Credit&#039;s legal notice. Secure payment in instalments method for e-commerce and physical point of sale with a paperless process.\" \/>\n<meta property=\"og:url\" content=\"https:\/\/www.instantcredit.net\/en\/legal-notice\/\" \/>\n<meta property=\"og:site_name\" content=\"instantcredit.net\" \/>\n<meta property=\"article:modified_time\" content=\"2021-04-27T11:58:08+00:00\" \/>\n<meta property=\"og:image\" content=\"https:\/\/www.instantcredit.net\/wp-content\/uploads\/Financiacion_online_de_compras_en_Ecommerce___Instant_Credit.jpg\" \/>\n\t<meta property=\"og:image:width\" content=\"1200\" \/>\n\t<meta property=\"og:image:height\" content=\"600\" \/>\n\t<meta property=\"og:image:type\" content=\"image\/jpeg\" \/>\n<meta name=\"twitter:card\" content=\"summary_large_image\" \/>\n<meta name=\"twitter:label1\" content=\"Est. reading time\" \/>\n\t<meta name=\"twitter:data1\" content=\"8 minutes\" \/>\n<script type=\"application\/ld+json\" class=\"yoast-schema-graph\">{\"@context\":\"https:\/\/schema.org\",\"@graph\":[{\"@type\":\"WebPage\",\"@id\":\"https:\/\/www.instantcredit.net\/en\/legal-notice\/\",\"url\":\"https:\/\/www.instantcredit.net\/en\/legal-notice\/\",\"name\":\"Instant Credit: Legal notice, secure payment in instalments\",\"isPartOf\":{\"@id\":\"https:\/\/www.instantcredit.net\/#website\"},\"primaryImageOfPage\":{\"@id\":\"https:\/\/www.instantcredit.net\/en\/legal-notice\/#primaryimage\"},\"image\":{\"@id\":\"https:\/\/www.instantcredit.net\/en\/legal-notice\/#primaryimage\"},\"thumbnailUrl\":\"https:\/\/www.instantcredit.net\/wp-content\/uploads\/Financiacion_online_de_compras_en_Ecommerce___Instant_Credit.jpg\",\"datePublished\":\"2016-05-16T13:16:21+00:00\",\"dateModified\":\"2021-04-27T11:58:08+00:00\",\"description\":\"Instant Credit's legal notice. Secure payment in instalments method for e-commerce and physical point of sale with a paperless process.\",\"breadcrumb\":{\"@id\":\"https:\/\/www.instantcredit.net\/en\/legal-notice\/#breadcrumb\"},\"inLanguage\":\"en-US\",\"potentialAction\":[{\"@type\":\"ReadAction\",\"target\":[\"https:\/\/www.instantcredit.net\/en\/legal-notice\/\"]}]},{\"@type\":\"ImageObject\",\"inLanguage\":\"en-US\",\"@id\":\"https:\/\/www.instantcredit.net\/en\/legal-notice\/#primaryimage\",\"url\":\"https:\/\/www.instantcredit.net\/wp-content\/uploads\/Financiacion_online_de_compras_en_Ecommerce___Instant_Credit.jpg\",\"contentUrl\":\"https:\/\/www.instantcredit.net\/wp-content\/uploads\/Financiacion_online_de_compras_en_Ecommerce___Instant_Credit.jpg\",\"width\":1200,\"height\":600,\"caption\":\"Financiaci\u00f3n online de compras en Ecommerce Instant Credit\"},{\"@type\":\"BreadcrumbList\",\"@id\":\"https:\/\/www.instantcredit.net\/en\/legal-notice\/#breadcrumb\",\"itemListElement\":[{\"@type\":\"ListItem\",\"position\":1,\"name\":\"Portada\",\"item\":\"https:\/\/www.instantcredit.net\/instant-credit-el-pago-a-plazos-digital-de-sabadell-consumer-finance-2\/\"},{\"@type\":\"ListItem\",\"position\":2,\"name\":\"Legal Notice\"}]},{\"@type\":\"WebSite\",\"@id\":\"https:\/\/www.instantcredit.net\/#website\",\"url\":\"https:\/\/www.instantcredit.net\/\",\"name\":\"instantcredit.net\",\"description\":\"La forma m\u00e1s r\u00e1pida y f\u00e1cil de financiar tus compras online.\",\"publisher\":{\"@id\":\"https:\/\/www.instantcredit.net\/#organization\"},\"potentialAction\":[{\"@type\":\"SearchAction\",\"target\":{\"@type\":\"EntryPoint\",\"urlTemplate\":\"https:\/\/www.instantcredit.net\/?s={search_term_string}\"},\"query-input\":{\"@type\":\"PropertyValueSpecification\",\"valueRequired\":true,\"valueName\":\"search_term_string\"}}],\"inLanguage\":\"en-US\"},{\"@type\":\"Organization\",\"@id\":\"https:\/\/www.instantcredit.net\/#organization\",\"name\":\"Instat credit\",\"url\":\"https:\/\/www.instantcredit.net\/\",\"logo\":{\"@type\":\"ImageObject\",\"inLanguage\":\"en-US\",\"@id\":\"https:\/\/www.instantcredit.net\/#\/schema\/logo\/image\/\",\"url\":\"https:\/\/www.instantcredit.net\/wp-content\/uploads\/logo_ic.png\",\"contentUrl\":\"https:\/\/www.instantcredit.net\/wp-content\/uploads\/logo_ic.png\",\"width\":638,\"height\":228,\"caption\":\"Instat credit\"},\"image\":{\"@id\":\"https:\/\/www.instantcredit.net\/#\/schema\/logo\/image\/\"},\"sameAs\":[\"https:\/\/www.linkedin.com\/company\/10596269\/\"]}]}<\/script>\n<!-- \/ Yoast SEO plugin. -->","yoast_head_json":{"title":"Instant Credit: Legal notice, secure payment in instalments","description":"Instant Credit's legal notice. Secure payment in instalments method for e-commerce and physical point of sale with a paperless process.","robots":{"index":"index","follow":"follow","max-snippet":"max-snippet:-1","max-image-preview":"max-image-preview:large","max-video-preview":"max-video-preview:-1"},"canonical":"https:\/\/www.instantcredit.net\/en\/legal-notice\/","og_locale":"en_US","og_type":"article","og_title":"Instant Credit: Legal notice, secure payment in instalments","og_description":"Instant Credit's legal notice. Secure payment in instalments method for e-commerce and physical point of sale with a paperless process.","og_url":"https:\/\/www.instantcredit.net\/en\/legal-notice\/","og_site_name":"instantcredit.net","article_modified_time":"2021-04-27T11:58:08+00:00","og_image":[{"width":1200,"height":600,"url":"https:\/\/www.instantcredit.net\/wp-content\/uploads\/Financiacion_online_de_compras_en_Ecommerce___Instant_Credit.jpg","type":"image\/jpeg"}],"twitter_card":"summary_large_image","twitter_misc":{"Est. reading time":"8 minutes"},"schema":{"@context":"https:\/\/schema.org","@graph":[{"@type":"WebPage","@id":"https:\/\/www.instantcredit.net\/en\/legal-notice\/","url":"https:\/\/www.instantcredit.net\/en\/legal-notice\/","name":"Instant Credit: Legal notice, secure payment in instalments","isPartOf":{"@id":"https:\/\/www.instantcredit.net\/#website"},"primaryImageOfPage":{"@id":"https:\/\/www.instantcredit.net\/en\/legal-notice\/#primaryimage"},"image":{"@id":"https:\/\/www.instantcredit.net\/en\/legal-notice\/#primaryimage"},"thumbnailUrl":"https:\/\/www.instantcredit.net\/wp-content\/uploads\/Financiacion_online_de_compras_en_Ecommerce___Instant_Credit.jpg","datePublished":"2016-05-16T13:16:21+00:00","dateModified":"2021-04-27T11:58:08+00:00","description":"Instant Credit's legal notice. Secure payment in instalments method for e-commerce and physical point of sale with a paperless process.","breadcrumb":{"@id":"https:\/\/www.instantcredit.net\/en\/legal-notice\/#breadcrumb"},"inLanguage":"en-US","potentialAction":[{"@type":"ReadAction","target":["https:\/\/www.instantcredit.net\/en\/legal-notice\/"]}]},{"@type":"ImageObject","inLanguage":"en-US","@id":"https:\/\/www.instantcredit.net\/en\/legal-notice\/#primaryimage","url":"https:\/\/www.instantcredit.net\/wp-content\/uploads\/Financiacion_online_de_compras_en_Ecommerce___Instant_Credit.jpg","contentUrl":"https:\/\/www.instantcredit.net\/wp-content\/uploads\/Financiacion_online_de_compras_en_Ecommerce___Instant_Credit.jpg","width":1200,"height":600,"caption":"Financiaci\u00f3n online de compras en Ecommerce Instant Credit"},{"@type":"BreadcrumbList","@id":"https:\/\/www.instantcredit.net\/en\/legal-notice\/#breadcrumb","itemListElement":[{"@type":"ListItem","position":1,"name":"Portada","item":"https:\/\/www.instantcredit.net\/instant-credit-el-pago-a-plazos-digital-de-sabadell-consumer-finance-2\/"},{"@type":"ListItem","position":2,"name":"Legal Notice"}]},{"@type":"WebSite","@id":"https:\/\/www.instantcredit.net\/#website","url":"https:\/\/www.instantcredit.net\/","name":"instantcredit.net","description":"La forma m\u00e1s r\u00e1pida y f\u00e1cil de financiar tus compras online.","publisher":{"@id":"https:\/\/www.instantcredit.net\/#organization"},"potentialAction":[{"@type":"SearchAction","target":{"@type":"EntryPoint","urlTemplate":"https:\/\/www.instantcredit.net\/?s={search_term_string}"},"query-input":{"@type":"PropertyValueSpecification","valueRequired":true,"valueName":"search_term_string"}}],"inLanguage":"en-US"},{"@type":"Organization","@id":"https:\/\/www.instantcredit.net\/#organization","name":"Instat credit","url":"https:\/\/www.instantcredit.net\/","logo":{"@type":"ImageObject","inLanguage":"en-US","@id":"https:\/\/www.instantcredit.net\/#\/schema\/logo\/image\/","url":"https:\/\/www.instantcredit.net\/wp-content\/uploads\/logo_ic.png","contentUrl":"https:\/\/www.instantcredit.net\/wp-content\/uploads\/logo_ic.png","width":638,"height":228,"caption":"Instat credit"},"image":{"@id":"https:\/\/www.instantcredit.net\/#\/schema\/logo\/image\/"},"sameAs":["https:\/\/www.linkedin.com\/company\/10596269\/"]}]}},"_links":{"self":[{"href":"https:\/\/www.instantcredit.net\/en\/wp-json\/wp\/v2\/pages\/2042\/"}],"collection":[{"href":"https:\/\/www.instantcredit.net\/en\/wp-json\/wp\/v2\/pages\/"}],"about":[{"href":"https:\/\/www.instantcredit.net\/en\/wp-json\/wp\/v2\/types\/page\/"}],"author":[{"embeddable":true,"href":"https:\/\/www.instantcredit.net\/en\/wp-json\/wp\/v2\/users\/8\/"}],"replies":[{"embeddable":true,"href":"https:\/\/www.instantcredit.net\/en\/wp-json\/wp\/v2\/comments\/?post=2042"}],"version-history":[{"count":5,"href":"https:\/\/www.instantcredit.net\/en\/wp-json\/wp\/v2\/pages\/2042\/revisions\/"}],"predecessor-version":[{"id":8865,"href":"https:\/\/www.instantcredit.net\/en\/wp-json\/wp\/v2\/pages\/2042\/revisions\/8865\/"}],"wp:featuredmedia":[{"embeddable":true,"href":"https:\/\/www.instantcredit.net\/en\/wp-json\/wp\/v2\/media\/4369\/"}],"wp:attachment":[{"href":"https:\/\/www.instantcredit.net\/en\/wp-json\/wp\/v2\/media\/?parent=2042"}],"curies":[{"name":"wp","href":"https:\/\/api.w.org\/{rel}","templated":true}]}}