{"id":2349,"date":"2016-09-09T12:09:33","date_gmt":"2016-09-09T12:09:33","guid":{"rendered":"http:\/\/www.instantcredit.net\/instant-credit-2\/?lang=en"},"modified":"2020-10-14T16:09:34","modified_gmt":"2020-10-14T14:09:34","slug":"instant-credit-2","status":"publish","type":"page","link":"https:\/\/www.instantcredit.net\/en\/instant-credit-2\/","title":{"rendered":"Instant Credit | Fully fledged credit lending for eCommerce"},"content":{"rendered":"<div class=\"ic_hader_home ic_header_testing\" style=\"background-image: url('http:\/\/www.instantcredit.net\/wp-content\/uploads\/fd_portada_home_instant_credit_multifinanciera_eng.jpg'); background-size: cover; background-position: center;\"><img decoding=\"async\" class=\"ic_trama_header_home alignnone size-full wp-image-2921\" src=\"https:\/\/www.instantcredit.net\/wp-content\/uploads\/opacidad_header.svg\" alt=\"\"><\/p>\n<div class=\"ic_text_header\">\n<div class=\"title_header\">\n<h1>The most complete digital financing platform<\/h1>\n<\/div>\n<div class=\"subtitle_header\">\n<h2>The fastest and safest way to buy and pay in instalments<\/h2>\n<\/div>\n<p><a class=\"btn_action btn_headers btn_call2action\" href=\"https:\/\/www.instantcredit.net\/en\/contact\">Contact<\/a><\/p>\n<\/div>\n<div class=\"ic_scroll_icon\"><img decoding=\"async\" class=\"ic_scroll_gif alignnone size-full wp-image-2923\" src=\"https:\/\/www.instantcredit.net\/wp-content\/uploads\/scroll.gif\" alt=\"\"><\/div>\n<\/div>\n<div class=\"ic_row_blue\">\n<div class=\"ic_row_center\">\n<div class=\"ic_item_1col ic_col_c\">\n<div class=\"subtitle_section title_color_white\">\n<h2>We offer instant loans to buyers to finance their purchases easily, quickly and transparently through monthly instalments<\/h2>\n<\/div>\n<\/div>\n<div class=\"ic_item_1col ic_col_c\">\n<ul class=\"content_checks_outstanding\">\n<li><strong>100% online process<\/strong><\/li>\n<li><strong>Instant<\/strong><\/li>\n<li><strong>Comfortable<\/strong><\/li>\n<li><strong>Secure<\/strong><\/li>\n<\/ul>\n<\/div>\n<\/div>\n<\/div>\n<div class=\"ic_row_gris\">\n<div class=\"ic_row_center\">\n<div class=\"ic_item_3col ic_col_c\"><img decoding=\"async\" src=\"https:\/\/www.instantcredit.net\/wp-content\/uploads\/ic_icon_multifinanciera.png\" alt=\"ic_icon_time\"><\/p>\n<div class=\"title_step\">\n<h3>Multi-lender<\/h3>\n<\/div>\n<p>Multiple financial entities integrated into our platform for a higher approval rate. Service with greater coverage in consumer finance in sectors, purchase amounts and buyer profiles<\/p>\n<\/div>\n<div class=\"ic_item_3col ic_col_c\"><img decoding=\"async\" src=\"https:\/\/www.instantcredit.net\/wp-content\/uploads\/ic_icon_multicanal.png\" alt=\"ic_icon_time\"><\/p>\n<div class=\"title_step\">\n<h3>Multi-channel<\/h3>\n<\/div>\n<p>Platform adapted to all channels: online purchases, physical points of sale and telemarketing<\/p>\n<\/div>\n<div class=\"ic_item_3col ic_col_c\"><img decoding=\"async\" src=\"https:\/\/www.instantcredit.net\/wp-content\/uploads\/ic_icon_multipais.png\" alt=\"ic_icon_time\"><\/p>\n<div class=\"title_step\">\n<h3>Multi-country<\/h3>\n<\/div>\n<p>Instant financing to the buyer with greater geographical coverage with a single and simple technological integration<\/p>\n<\/div>\n<\/div>\n<\/div>\n<div class=\"ic_row row_advantage\">\n<div class=\"ic_row_center\">\n<div class=\"ic_item_1col ic_col_c\">\n<div class=\"title_section\">\n<p>Advantages for our Partners<\/p>\n<\/div>\n<\/div>\n<div class=\"ic_item_2col ic_col_l\">\n<div class=\"title_section\">\n<h2>Merchants<\/h2>\n<\/div>\n<div class=\"subtitle_section\">\n<h3>Offer your customers the option to pay their purchases in instalments and get the most out of instant financing<\/h3>\n<\/div>\n<hr>\n<ul class=\"ic_list_p\">\n<li>Increase in sales, conversion and average order value<\/li>\n<li>Secure and immediate payment<\/li>\n<li>Maximum flexibility for the buyer<\/li>\n<li>Single integration with broad international coverage<\/li>\n<li>Functionality of financing campaigns for buyers<\/li>\n<li>100% web responsive and multi-device<\/li>\n<\/ul>\n<p><a class=\"btn_action btn_call2action\" href=\"https:\/\/www.instantcredit.net\/en\/merchants\/\">More information<\/a><\/p>\n<\/div>\n<div class=\"ic_item_2col only_desktop_content\"><img decoding=\"async\" class=\"ic_responsive_image\" src=\"https:\/\/www.instantcredit.net\/wp-content\/uploads\/ic_img_comercios_pago_a_plazos.png\" alt=\"\"><\/div>\n<div class=\"col_finance\">\n<div class=\"ic_item_2col only_desktop_content\"><img decoding=\"async\" class=\"ic_responsive_image\" src=\"https:\/\/www.instantcredit.net\/wp-content\/uploads\/ic_img_financieras_plataforma_tecnoligica.png\" alt=\"\"><\/div>\n<div class=\"ic_item_2col ic_col_l\">\n<h1>Financial entities<\/h1>\n<h2>Technological platform for consumer finance with a paperless, secure, multi-channel and instant credit application process<\/h2>\n<hr>\n<ul class=\"ic_list_p\">\n<li>Increased financed volumes<\/li>\n<li>Acceleration of the time to market<\/li>\n<li>Proven technological platform<\/li>\n<li>Real-time management<\/li>\n<li>Multi-channel solution<\/li>\n<li>Qualified support<\/li>\n<\/ul>\n<p><a class=\"btn_action btn_call2action\" href=\"https:\/\/www.instantcredit.net\/en\/financial-entities\/\">More information<\/a><\/p>\n<\/div>\n<\/div>\n<\/div>\n<\/div>\n","protected":false},"excerpt":{"rendered":"<p>The most complete digital financing platform The fastest and safest way to buy and pay in instalments Contact We offer instant loans to buyers to finance their purchases easily, quickly and transparently through monthly instalments 100% online process Instant Comfortable Secure Multi-lender Multiple financial entities integrated into our platform for a higher approval rate. Service [&hellip;]<\/p>\n","protected":false},"author":8,"featured_media":8719,"parent":0,"menu_order":0,"comment_status":"closed","ping_status":"closed","template":"","meta":{"_acf_changed":false,"footnotes":""},"class_list":["post-2349","page","type-page","status-publish","has-post-thumbnail","hentry"],"acf":[],"yoast_head":"<!-- This site is optimized with the Yoast SEO plugin v23.4 - https:\/\/yoast.com\/wordpress\/plugins\/seo\/ -->\n<title>Instant Credit: Digital financing platform for online purchases<\/title>\n<meta name=\"description\" content=\"Instant Credit, Banco Sabadell&#039;s multi-lender financing platform, provides online shoppers with the fastest and safest way to pay in instalments.\" \/>\n<meta name=\"robots\" content=\"index, follow, max-snippet:-1, max-image-preview:large, max-video-preview:-1\" \/>\n<link rel=\"canonical\" href=\"https:\/\/www.instantcredit.net\/en\/instant-credit-2\/\" \/>\n<meta property=\"og:locale\" content=\"en_US\" \/>\n<meta property=\"og:type\" content=\"article\" \/>\n<meta property=\"og:title\" content=\"Instant Credit: Digital financing platform for online purchases\" \/>\n<meta property=\"og:description\" content=\"Instant Credit, Banco Sabadell&#039;s multi-lender financing platform, provides online shoppers with the fastest and safest way to pay in instalments.\" \/>\n<meta property=\"og:url\" content=\"https:\/\/www.instantcredit.net\/en\/instant-credit-2\/\" \/>\n<meta property=\"og:site_name\" content=\"instantcredit.net\" \/>\n<meta property=\"article:modified_time\" content=\"2020-10-14T14:09:34+00:00\" \/>\n<meta property=\"og:image\" content=\"https:\/\/www.instantcredit.net\/wp-content\/uploads\/Financiacion_online_de_compras_en_Ecommerce___Instant_Credit.jpg\" \/>\n\t<meta property=\"og:image:width\" content=\"1200\" \/>\n\t<meta property=\"og:image:height\" content=\"600\" \/>\n\t<meta property=\"og:image:type\" content=\"image\/jpeg\" \/>\n<meta name=\"twitter:card\" content=\"summary_large_image\" \/>\n<meta name=\"twitter:label1\" content=\"Est. reading time\" \/>\n\t<meta name=\"twitter:data1\" content=\"1 minute\" \/>\n<script type=\"application\/ld+json\" class=\"yoast-schema-graph\">{\"@context\":\"https:\/\/schema.org\",\"@graph\":[{\"@type\":\"WebPage\",\"@id\":\"https:\/\/www.instantcredit.net\/en\/instant-credit-2\/\",\"url\":\"https:\/\/www.instantcredit.net\/en\/instant-credit-2\/\",\"name\":\"Instant Credit: Digital financing platform for online purchases\",\"isPartOf\":{\"@id\":\"https:\/\/www.instantcredit.net\/#website\"},\"primaryImageOfPage\":{\"@id\":\"https:\/\/www.instantcredit.net\/en\/instant-credit-2\/#primaryimage\"},\"image\":{\"@id\":\"https:\/\/www.instantcredit.net\/en\/instant-credit-2\/#primaryimage\"},\"thumbnailUrl\":\"https:\/\/www.instantcredit.net\/wp-content\/uploads\/IC-paga-a-plazos.png\",\"datePublished\":\"2016-09-09T12:09:33+00:00\",\"dateModified\":\"2020-10-14T14:09:34+00:00\",\"description\":\"Instant Credit, Banco Sabadell's multi-lender financing platform, provides online shoppers with the fastest and safest way to pay in instalments.\",\"breadcrumb\":{\"@id\":\"https:\/\/www.instantcredit.net\/en\/instant-credit-2\/#breadcrumb\"},\"inLanguage\":\"en-US\",\"potentialAction\":[{\"@type\":\"ReadAction\",\"target\":[\"https:\/\/www.instantcredit.net\/en\/instant-credit-2\/\"]}]},{\"@type\":\"ImageObject\",\"inLanguage\":\"en-US\",\"@id\":\"https:\/\/www.instantcredit.net\/en\/instant-credit-2\/#primaryimage\",\"url\":\"https:\/\/www.instantcredit.net\/wp-content\/uploads\/IC-paga-a-plazos.png\",\"contentUrl\":\"https:\/\/www.instantcredit.net\/wp-content\/uploads\/IC-paga-a-plazos.png\",\"width\":1200,\"height\":699},{\"@type\":\"BreadcrumbList\",\"@id\":\"https:\/\/www.instantcredit.net\/en\/instant-credit-2\/#breadcrumb\",\"itemListElement\":[{\"@type\":\"ListItem\",\"position\":1,\"name\":\"Portada\",\"item\":\"https:\/\/www.instantcredit.net\/instant-credit-el-pago-a-plazos-digital-de-sabadell-consumer-finance-2\/\"},{\"@type\":\"ListItem\",\"position\":2,\"name\":\"Instant Credit | Fully fledged credit lending for eCommerce\"}]},{\"@type\":\"WebSite\",\"@id\":\"https:\/\/www.instantcredit.net\/#website\",\"url\":\"https:\/\/www.instantcredit.net\/\",\"name\":\"instantcredit.net\",\"description\":\"La forma m\u00e1s r\u00e1pida y f\u00e1cil de financiar tus compras online.\",\"publisher\":{\"@id\":\"https:\/\/www.instantcredit.net\/#organization\"},\"potentialAction\":[{\"@type\":\"SearchAction\",\"target\":{\"@type\":\"EntryPoint\",\"urlTemplate\":\"https:\/\/www.instantcredit.net\/?s={search_term_string}\"},\"query-input\":{\"@type\":\"PropertyValueSpecification\",\"valueRequired\":true,\"valueName\":\"search_term_string\"}}],\"inLanguage\":\"en-US\"},{\"@type\":\"Organization\",\"@id\":\"https:\/\/www.instantcredit.net\/#organization\",\"name\":\"Instat credit\",\"url\":\"https:\/\/www.instantcredit.net\/\",\"logo\":{\"@type\":\"ImageObject\",\"inLanguage\":\"en-US\",\"@id\":\"https:\/\/www.instantcredit.net\/#\/schema\/logo\/image\/\",\"url\":\"https:\/\/www.instantcredit.net\/wp-content\/uploads\/logo_ic.png\",\"contentUrl\":\"https:\/\/www.instantcredit.net\/wp-content\/uploads\/logo_ic.png\",\"width\":638,\"height\":228,\"caption\":\"Instat credit\"},\"image\":{\"@id\":\"https:\/\/www.instantcredit.net\/#\/schema\/logo\/image\/\"},\"sameAs\":[\"https:\/\/www.linkedin.com\/company\/10596269\/\"]}]}<\/script>\n<!-- \/ Yoast SEO plugin. -->","yoast_head_json":{"title":"Instant Credit: Digital financing platform for online purchases","description":"Instant Credit, Banco Sabadell's multi-lender financing platform, provides online shoppers with the fastest and safest way to pay in instalments.","robots":{"index":"index","follow":"follow","max-snippet":"max-snippet:-1","max-image-preview":"max-image-preview:large","max-video-preview":"max-video-preview:-1"},"canonical":"https:\/\/www.instantcredit.net\/en\/instant-credit-2\/","og_locale":"en_US","og_type":"article","og_title":"Instant Credit: Digital financing platform for online purchases","og_description":"Instant Credit, Banco Sabadell's multi-lender financing platform, provides online shoppers with the fastest and safest way to pay in instalments.","og_url":"https:\/\/www.instantcredit.net\/en\/instant-credit-2\/","og_site_name":"instantcredit.net","article_modified_time":"2020-10-14T14:09:34+00:00","og_image":[{"width":1200,"height":600,"url":"https:\/\/www.instantcredit.net\/wp-content\/uploads\/Financiacion_online_de_compras_en_Ecommerce___Instant_Credit.jpg","type":"image\/jpeg"}],"twitter_card":"summary_large_image","twitter_misc":{"Est. reading time":"1 minute"},"schema":{"@context":"https:\/\/schema.org","@graph":[{"@type":"WebPage","@id":"https:\/\/www.instantcredit.net\/en\/instant-credit-2\/","url":"https:\/\/www.instantcredit.net\/en\/instant-credit-2\/","name":"Instant Credit: Digital financing platform for online purchases","isPartOf":{"@id":"https:\/\/www.instantcredit.net\/#website"},"primaryImageOfPage":{"@id":"https:\/\/www.instantcredit.net\/en\/instant-credit-2\/#primaryimage"},"image":{"@id":"https:\/\/www.instantcredit.net\/en\/instant-credit-2\/#primaryimage"},"thumbnailUrl":"https:\/\/www.instantcredit.net\/wp-content\/uploads\/IC-paga-a-plazos.png","datePublished":"2016-09-09T12:09:33+00:00","dateModified":"2020-10-14T14:09:34+00:00","description":"Instant Credit, Banco Sabadell's multi-lender financing platform, provides online shoppers with the fastest and safest way to pay in instalments.","breadcrumb":{"@id":"https:\/\/www.instantcredit.net\/en\/instant-credit-2\/#breadcrumb"},"inLanguage":"en-US","potentialAction":[{"@type":"ReadAction","target":["https:\/\/www.instantcredit.net\/en\/instant-credit-2\/"]}]},{"@type":"ImageObject","inLanguage":"en-US","@id":"https:\/\/www.instantcredit.net\/en\/instant-credit-2\/#primaryimage","url":"https:\/\/www.instantcredit.net\/wp-content\/uploads\/IC-paga-a-plazos.png","contentUrl":"https:\/\/www.instantcredit.net\/wp-content\/uploads\/IC-paga-a-plazos.png","width":1200,"height":699},{"@type":"BreadcrumbList","@id":"https:\/\/www.instantcredit.net\/en\/instant-credit-2\/#breadcrumb","itemListElement":[{"@type":"ListItem","position":1,"name":"Portada","item":"https:\/\/www.instantcredit.net\/instant-credit-el-pago-a-plazos-digital-de-sabadell-consumer-finance-2\/"},{"@type":"ListItem","position":2,"name":"Instant Credit | Fully fledged credit lending for eCommerce"}]},{"@type":"WebSite","@id":"https:\/\/www.instantcredit.net\/#website","url":"https:\/\/www.instantcredit.net\/","name":"instantcredit.net","description":"La forma m\u00e1s r\u00e1pida y f\u00e1cil de financiar tus compras online.","publisher":{"@id":"https:\/\/www.instantcredit.net\/#organization"},"potentialAction":[{"@type":"SearchAction","target":{"@type":"EntryPoint","urlTemplate":"https:\/\/www.instantcredit.net\/?s={search_term_string}"},"query-input":{"@type":"PropertyValueSpecification","valueRequired":true,"valueName":"search_term_string"}}],"inLanguage":"en-US"},{"@type":"Organization","@id":"https:\/\/www.instantcredit.net\/#organization","name":"Instat credit","url":"https:\/\/www.instantcredit.net\/","logo":{"@type":"ImageObject","inLanguage":"en-US","@id":"https:\/\/www.instantcredit.net\/#\/schema\/logo\/image\/","url":"https:\/\/www.instantcredit.net\/wp-content\/uploads\/logo_ic.png","contentUrl":"https:\/\/www.instantcredit.net\/wp-content\/uploads\/logo_ic.png","width":638,"height":228,"caption":"Instat credit"},"image":{"@id":"https:\/\/www.instantcredit.net\/#\/schema\/logo\/image\/"},"sameAs":["https:\/\/www.linkedin.com\/company\/10596269\/"]}]}},"_links":{"self":[{"href":"https:\/\/www.instantcredit.net\/en\/wp-json\/wp\/v2\/pages\/2349\/"}],"collection":[{"href":"https:\/\/www.instantcredit.net\/en\/wp-json\/wp\/v2\/pages\/"}],"about":[{"href":"https:\/\/www.instantcredit.net\/en\/wp-json\/wp\/v2\/types\/page\/"}],"author":[{"embeddable":true,"href":"https:\/\/www.instantcredit.net\/en\/wp-json\/wp\/v2\/users\/8\/"}],"replies":[{"embeddable":true,"href":"https:\/\/www.instantcredit.net\/en\/wp-json\/wp\/v2\/comments\/?post=2349"}],"version-history":[{"count":1,"href":"https:\/\/www.instantcredit.net\/en\/wp-json\/wp\/v2\/pages\/2349\/revisions\/"}],"predecessor-version":[{"id":8240,"href":"https:\/\/www.instantcredit.net\/en\/wp-json\/wp\/v2\/pages\/2349\/revisions\/8240\/"}],"wp:featuredmedia":[{"embeddable":true,"href":"https:\/\/www.instantcredit.net\/en\/wp-json\/wp\/v2\/media\/8719\/"}],"wp:attachment":[{"href":"https:\/\/www.instantcredit.net\/en\/wp-json\/wp\/v2\/media\/?parent=2349"}],"curies":[{"name":"wp","href":"https:\/\/api.w.org\/{rel}","templated":true}]}}