{"id":3131,"date":"2017-07-27T16:10:37","date_gmt":"2017-07-27T16:10:37","guid":{"rendered":"http:\/\/www.instantcredit.net\/?page_id=3131&#038;lang=en"},"modified":"2021-04-28T10:53:37","modified_gmt":"2021-04-28T08:53:37","slug":"financial-entities","status":"publish","type":"page","link":"https:\/\/www.instantcredit.net\/en\/financial-entities\/","title":{"rendered":"Financial entities"},"content":{"rendered":"<div class=\"ic_header_page ic_head_financieras_test\">\n<div class=\"ic_text_header_page\">\n<div class=\"title_header\">\n<h1>Financial entities<\/h1>\n<\/div>\n<div class=\"subtitle_header\">\n<h2>Multi-lender, Multi-country and Multi-channel consumer finance technological platform<\/h2>\n<\/div>\n<\/div>\n<\/div>\n<div class=\"ic_row\">\n<div class=\"ic_row_center row_financieras_mode\">\n<div class=\"ic_item_2col ic_col_c\">\n<div class=\"subtitle_section\">\n<h2>Join Instant Credit<\/h2>\n<\/div>\n<hr \/>\n<p>Integrate the Instant Credit platform and gain access to our portfolio of large merchants to finance buyers\u2019 purchases. Generate significant financing volumes, additional revenues, and increase your client portfolio, amongst other benefits<\/p>\n<\/div>\n<div class=\"ic_item_2col ic_col_c\">\n<div class=\"subtitle_section\">\n<h2>Instant Credit License<\/h2>\n<\/div>\n<hr \/>\n<p>Get your own turnkey technological platform adapted to the market and to the latest regulations with a multi-channel, paperless instant credit origination process, which is 100% secure. Offer an integral solution to your merchants so that you only have to focus on lending<\/p>\n<\/div>\n<\/div>\n<\/div>\n<div class=\"ic_row_gris\">\n<div class=\"ic_row_center\">\n<div class=\"ic_item_1col ic_col_c\">\n<div class=\"title_section\">\n<h2>Why do lenders partner with Instant Credit?<\/h2>\n<\/div>\n<\/div>\n<div class=\"ic_item_3col ic_col_c\"><img decoding=\"async\" src=\"https:\/\/www.instantcredit.net\/wp-content\/uploads\/ic_icon_elevator_blue.png\" alt=\"\" \/><\/p>\n<div class=\"title_step\">\n<h3>Increased financing volumes<\/h3>\n<\/div>\n<p>Generate additional consumer finance revenue by accessing new end-users through large ecommerce businesses<\/p>\n<\/div>\n<div class=\"ic_item_3col ic_col_c\"><img decoding=\"async\" src=\"https:\/\/www.instantcredit.net\/wp-content\/uploads\/ic_icon_responsive_blue.png\" alt=\"\" \/><\/p>\n<div class=\"title_step\">\n<h3>Time to market<\/h3>\n<\/div>\n<p>License our turnkey technological platform for consumer finance, allowing you to provide an integral streamlined solution without incurring any significant initial investment<\/p>\n<\/div>\n<div class=\"ic_item_3col ic_col_c\"><img decoding=\"async\" src=\"https:\/\/www.instantcredit.net\/wp-content\/uploads\/ic_icon_register_blue.png\" alt=\"\" \/><\/p>\n<div class=\"title_step\">\n<h3>Proven technological platform<\/h3>\n<\/div>\n<p>Instant application and contract signing process, secure and 100% digital. A customisable platform<\/p>\n<\/div>\n<div class=\"ic_item_3col ic_col_c\"><img decoding=\"async\" src=\"https:\/\/www.instantcredit.net\/wp-content\/uploads\/ic_icon_time.png\" alt=\"\" \/><\/p>\n<div class=\"title_step\">\n<h3>Real-time management<\/h3>\n<\/div>\n<p>Digital and instant reporting to track every credit application and transaction<\/p>\n<\/div>\n<div class=\"ic_item_3col ic_col_c\"><img decoding=\"async\" src=\"https:\/\/www.instantcredit.net\/wp-content\/uploads\/ic_icon_planeta_blue.png\" alt=\"\" \/><\/p>\n<div class=\"title_step\">\n<h3>Qualified support<\/h3>\n<\/div>\n<p>Team experienced in online payments, finance, e-commerce and technology<\/p>\n<\/div>\n<div class=\"ic_item_3col ic_col_c\"><img decoding=\"async\" src=\"http:\/\/www.instantcredit.net\/wp-content\/uploads\/ic_icon_multicanal.png\" alt=\"\" \/><\/p>\n<div class=\"title_step\">\n<h3>Multi-channel<\/h3>\n<\/div>\n<p>Instant financing adapted to all channels: online purchases, physical points of sale and telemarketing<\/p>\n<\/div>\n<\/div>\n<\/div>\n<div class=\"ic_row\">\n<div class=\"ic_row_center\">\n<div class=\"ic_item_2col ic_col_l\">\n<div class=\"title_section\">\n<h2>Main features<\/h2>\n<\/div>\n<hr \/>\n<div class=\"step_funcionality\">\n<h3>Fraud prevention module<\/h3>\n<p>Include measures to prevent fraud and validate buyers\u2019 identity<\/p>\n<\/div>\n<div class=\"step_funcionality\">\n<h3>Promotional campaigns<\/h3>\n<p>Promotions fully configurable by the merchant, such as interest-free campaigns according to the number of instalments or purchase price<\/p>\n<\/div>\n<div class=\"step_funcionality\">\n<h3>Lender and merchant backoffice area<\/h3>\n<p>Real-time transaction monitoring and reporting<\/p>\n<\/div>\n<div class=\"step_funcionality\">\n<h3>Fund management<\/h3>\n<p>Instant and automated payment management between lender and merchants<\/p>\n<\/div>\n<div class=\"step_funcionality\">\n<h3>Digital credit contract signature<\/h3>\n<p>Automated generator of the credit contract and corresponding digital signature<\/p>\n<\/div>\n<div class=\"step_funcionality\">\n<h3>Risk decision engine<\/h3>\n<p>Configurable risk decision engine adjustable to the lenders\u2019 requirements<\/p>\n<\/div>\n<div class=\"step_funcionality\">\n<h3>360\u00ba Support<\/h3>\n<p>Support department for lenders, merchant and end-users. Including support on technology integrations<\/p>\n<\/div>\n<\/div>\n<div class=\"ic_item_2col step_funcionality_image\"><img decoding=\"async\" src=\"https:\/\/www.instantcredit.net\/wp-content\/uploads\/ic_img_financieras_plataforma_tecnoligica.png\" alt=\"\" \/><\/div>\n<\/div>\n<\/div>\n","protected":false},"excerpt":{"rendered":"<p>Financial entities Multi-lender, Multi-country and Multi-channel consumer finance technological platform Join Instant Credit Integrate the Instant Credit platform and gain access to our portfolio of large merchants to finance buyers\u2019 purchases. Generate significant financing volumes, additional revenues, and increase your client portfolio, amongst other benefits Instant Credit License Get your own turnkey technological platform adapted [&hellip;]<\/p>\n","protected":false},"author":7,"featured_media":4369,"parent":0,"menu_order":0,"comment_status":"closed","ping_status":"closed","template":"","meta":{"_acf_changed":false,"footnotes":""},"class_list":["post-3131","page","type-page","status-publish","has-post-thumbnail","hentry"],"acf":[],"yoast_head":"<!-- This site is optimized with the Yoast SEO plugin v23.4 - https:\/\/yoast.com\/wordpress\/plugins\/seo\/ -->\n<title>Instant Credit: multi-lender consumer finance technological platform<\/title>\n<meta name=\"description\" content=\"Multi-lender, multi-country and multi-channel consumer finance technological platform. Easy, instant and secure credit origination process.\" \/>\n<meta name=\"robots\" content=\"index, follow, max-snippet:-1, max-image-preview:large, max-video-preview:-1\" \/>\n<link rel=\"canonical\" href=\"https:\/\/www.instantcredit.net\/en\/financial-entities\/\" \/>\n<meta property=\"og:locale\" content=\"en_US\" \/>\n<meta property=\"og:type\" content=\"article\" \/>\n<meta property=\"og:title\" content=\"Instant Credit: multi-lender consumer finance technological platform\" \/>\n<meta property=\"og:description\" content=\"Multi-lender, multi-country and multi-channel consumer finance technological platform. Easy, instant and secure credit origination process.\" \/>\n<meta property=\"og:url\" content=\"https:\/\/www.instantcredit.net\/en\/financial-entities\/\" \/>\n<meta property=\"og:site_name\" content=\"instantcredit.net\" \/>\n<meta property=\"article:modified_time\" content=\"2021-04-28T08:53:37+00:00\" \/>\n<meta property=\"og:image\" content=\"https:\/\/www.instantcredit.net\/wp-content\/uploads\/Financiacion_online_de_compras_en_Ecommerce___Instant_Credit.jpg\" \/>\n\t<meta property=\"og:image:width\" content=\"1200\" \/>\n\t<meta property=\"og:image:height\" content=\"600\" \/>\n\t<meta property=\"og:image:type\" content=\"image\/jpeg\" \/>\n<meta name=\"twitter:card\" content=\"summary_large_image\" \/>\n<meta name=\"twitter:label1\" content=\"Est. reading time\" \/>\n\t<meta name=\"twitter:data1\" content=\"1 minute\" \/>\n<script type=\"application\/ld+json\" class=\"yoast-schema-graph\">{\"@context\":\"https:\/\/schema.org\",\"@graph\":[{\"@type\":\"WebPage\",\"@id\":\"https:\/\/www.instantcredit.net\/en\/financial-entities\/\",\"url\":\"https:\/\/www.instantcredit.net\/en\/financial-entities\/\",\"name\":\"Instant Credit: multi-lender consumer finance technological platform\",\"isPartOf\":{\"@id\":\"https:\/\/www.instantcredit.net\/#website\"},\"primaryImageOfPage\":{\"@id\":\"https:\/\/www.instantcredit.net\/en\/financial-entities\/#primaryimage\"},\"image\":{\"@id\":\"https:\/\/www.instantcredit.net\/en\/financial-entities\/#primaryimage\"},\"thumbnailUrl\":\"https:\/\/www.instantcredit.net\/wp-content\/uploads\/Financiacion_online_de_compras_en_Ecommerce___Instant_Credit.jpg\",\"datePublished\":\"2017-07-27T16:10:37+00:00\",\"dateModified\":\"2021-04-28T08:53:37+00:00\",\"description\":\"Multi-lender, multi-country and multi-channel consumer finance technological platform. Easy, instant and secure credit origination process.\",\"breadcrumb\":{\"@id\":\"https:\/\/www.instantcredit.net\/en\/financial-entities\/#breadcrumb\"},\"inLanguage\":\"en-US\",\"potentialAction\":[{\"@type\":\"ReadAction\",\"target\":[\"https:\/\/www.instantcredit.net\/en\/financial-entities\/\"]}]},{\"@type\":\"ImageObject\",\"inLanguage\":\"en-US\",\"@id\":\"https:\/\/www.instantcredit.net\/en\/financial-entities\/#primaryimage\",\"url\":\"https:\/\/www.instantcredit.net\/wp-content\/uploads\/Financiacion_online_de_compras_en_Ecommerce___Instant_Credit.jpg\",\"contentUrl\":\"https:\/\/www.instantcredit.net\/wp-content\/uploads\/Financiacion_online_de_compras_en_Ecommerce___Instant_Credit.jpg\",\"width\":1200,\"height\":600,\"caption\":\"Financiaci\u00f3n online de compras en Ecommerce Instant Credit\"},{\"@type\":\"BreadcrumbList\",\"@id\":\"https:\/\/www.instantcredit.net\/en\/financial-entities\/#breadcrumb\",\"itemListElement\":[{\"@type\":\"ListItem\",\"position\":1,\"name\":\"Portada\",\"item\":\"https:\/\/www.instantcredit.net\/instant-credit-el-pago-a-plazos-digital-de-sabadell-consumer-finance-2\/\"},{\"@type\":\"ListItem\",\"position\":2,\"name\":\"Financial entities\"}]},{\"@type\":\"WebSite\",\"@id\":\"https:\/\/www.instantcredit.net\/#website\",\"url\":\"https:\/\/www.instantcredit.net\/\",\"name\":\"instantcredit.net\",\"description\":\"La forma m\u00e1s r\u00e1pida y f\u00e1cil de financiar tus compras online.\",\"publisher\":{\"@id\":\"https:\/\/www.instantcredit.net\/#organization\"},\"potentialAction\":[{\"@type\":\"SearchAction\",\"target\":{\"@type\":\"EntryPoint\",\"urlTemplate\":\"https:\/\/www.instantcredit.net\/?s={search_term_string}\"},\"query-input\":{\"@type\":\"PropertyValueSpecification\",\"valueRequired\":true,\"valueName\":\"search_term_string\"}}],\"inLanguage\":\"en-US\"},{\"@type\":\"Organization\",\"@id\":\"https:\/\/www.instantcredit.net\/#organization\",\"name\":\"Instat credit\",\"url\":\"https:\/\/www.instantcredit.net\/\",\"logo\":{\"@type\":\"ImageObject\",\"inLanguage\":\"en-US\",\"@id\":\"https:\/\/www.instantcredit.net\/#\/schema\/logo\/image\/\",\"url\":\"https:\/\/www.instantcredit.net\/wp-content\/uploads\/logo_ic.png\",\"contentUrl\":\"https:\/\/www.instantcredit.net\/wp-content\/uploads\/logo_ic.png\",\"width\":638,\"height\":228,\"caption\":\"Instat credit\"},\"image\":{\"@id\":\"https:\/\/www.instantcredit.net\/#\/schema\/logo\/image\/\"},\"sameAs\":[\"https:\/\/www.linkedin.com\/company\/10596269\/\"]}]}<\/script>\n<!-- \/ Yoast SEO plugin. -->","yoast_head_json":{"title":"Instant Credit: multi-lender consumer finance technological platform","description":"Multi-lender, multi-country and multi-channel consumer finance technological platform. Easy, instant and secure credit origination process.","robots":{"index":"index","follow":"follow","max-snippet":"max-snippet:-1","max-image-preview":"max-image-preview:large","max-video-preview":"max-video-preview:-1"},"canonical":"https:\/\/www.instantcredit.net\/en\/financial-entities\/","og_locale":"en_US","og_type":"article","og_title":"Instant Credit: multi-lender consumer finance technological platform","og_description":"Multi-lender, multi-country and multi-channel consumer finance technological platform. Easy, instant and secure credit origination process.","og_url":"https:\/\/www.instantcredit.net\/en\/financial-entities\/","og_site_name":"instantcredit.net","article_modified_time":"2021-04-28T08:53:37+00:00","og_image":[{"width":1200,"height":600,"url":"https:\/\/www.instantcredit.net\/wp-content\/uploads\/Financiacion_online_de_compras_en_Ecommerce___Instant_Credit.jpg","type":"image\/jpeg"}],"twitter_card":"summary_large_image","twitter_misc":{"Est. reading time":"1 minute"},"schema":{"@context":"https:\/\/schema.org","@graph":[{"@type":"WebPage","@id":"https:\/\/www.instantcredit.net\/en\/financial-entities\/","url":"https:\/\/www.instantcredit.net\/en\/financial-entities\/","name":"Instant Credit: multi-lender consumer finance technological platform","isPartOf":{"@id":"https:\/\/www.instantcredit.net\/#website"},"primaryImageOfPage":{"@id":"https:\/\/www.instantcredit.net\/en\/financial-entities\/#primaryimage"},"image":{"@id":"https:\/\/www.instantcredit.net\/en\/financial-entities\/#primaryimage"},"thumbnailUrl":"https:\/\/www.instantcredit.net\/wp-content\/uploads\/Financiacion_online_de_compras_en_Ecommerce___Instant_Credit.jpg","datePublished":"2017-07-27T16:10:37+00:00","dateModified":"2021-04-28T08:53:37+00:00","description":"Multi-lender, multi-country and multi-channel consumer finance technological platform. Easy, instant and secure credit origination process.","breadcrumb":{"@id":"https:\/\/www.instantcredit.net\/en\/financial-entities\/#breadcrumb"},"inLanguage":"en-US","potentialAction":[{"@type":"ReadAction","target":["https:\/\/www.instantcredit.net\/en\/financial-entities\/"]}]},{"@type":"ImageObject","inLanguage":"en-US","@id":"https:\/\/www.instantcredit.net\/en\/financial-entities\/#primaryimage","url":"https:\/\/www.instantcredit.net\/wp-content\/uploads\/Financiacion_online_de_compras_en_Ecommerce___Instant_Credit.jpg","contentUrl":"https:\/\/www.instantcredit.net\/wp-content\/uploads\/Financiacion_online_de_compras_en_Ecommerce___Instant_Credit.jpg","width":1200,"height":600,"caption":"Financiaci\u00f3n online de compras en Ecommerce Instant Credit"},{"@type":"BreadcrumbList","@id":"https:\/\/www.instantcredit.net\/en\/financial-entities\/#breadcrumb","itemListElement":[{"@type":"ListItem","position":1,"name":"Portada","item":"https:\/\/www.instantcredit.net\/instant-credit-el-pago-a-plazos-digital-de-sabadell-consumer-finance-2\/"},{"@type":"ListItem","position":2,"name":"Financial entities"}]},{"@type":"WebSite","@id":"https:\/\/www.instantcredit.net\/#website","url":"https:\/\/www.instantcredit.net\/","name":"instantcredit.net","description":"La forma m\u00e1s r\u00e1pida y f\u00e1cil de financiar tus compras online.","publisher":{"@id":"https:\/\/www.instantcredit.net\/#organization"},"potentialAction":[{"@type":"SearchAction","target":{"@type":"EntryPoint","urlTemplate":"https:\/\/www.instantcredit.net\/?s={search_term_string}"},"query-input":{"@type":"PropertyValueSpecification","valueRequired":true,"valueName":"search_term_string"}}],"inLanguage":"en-US"},{"@type":"Organization","@id":"https:\/\/www.instantcredit.net\/#organization","name":"Instat credit","url":"https:\/\/www.instantcredit.net\/","logo":{"@type":"ImageObject","inLanguage":"en-US","@id":"https:\/\/www.instantcredit.net\/#\/schema\/logo\/image\/","url":"https:\/\/www.instantcredit.net\/wp-content\/uploads\/logo_ic.png","contentUrl":"https:\/\/www.instantcredit.net\/wp-content\/uploads\/logo_ic.png","width":638,"height":228,"caption":"Instat credit"},"image":{"@id":"https:\/\/www.instantcredit.net\/#\/schema\/logo\/image\/"},"sameAs":["https:\/\/www.linkedin.com\/company\/10596269\/"]}]}},"_links":{"self":[{"href":"https:\/\/www.instantcredit.net\/en\/wp-json\/wp\/v2\/pages\/3131\/"}],"collection":[{"href":"https:\/\/www.instantcredit.net\/en\/wp-json\/wp\/v2\/pages\/"}],"about":[{"href":"https:\/\/www.instantcredit.net\/en\/wp-json\/wp\/v2\/types\/page\/"}],"author":[{"embeddable":true,"href":"https:\/\/www.instantcredit.net\/en\/wp-json\/wp\/v2\/users\/7\/"}],"replies":[{"embeddable":true,"href":"https:\/\/www.instantcredit.net\/en\/wp-json\/wp\/v2\/comments\/?post=3131"}],"version-history":[{"count":3,"href":"https:\/\/www.instantcredit.net\/en\/wp-json\/wp\/v2\/pages\/3131\/revisions\/"}],"predecessor-version":[{"id":8881,"href":"https:\/\/www.instantcredit.net\/en\/wp-json\/wp\/v2\/pages\/3131\/revisions\/8881\/"}],"wp:featuredmedia":[{"embeddable":true,"href":"https:\/\/www.instantcredit.net\/en\/wp-json\/wp\/v2\/media\/4369\/"}],"wp:attachment":[{"href":"https:\/\/www.instantcredit.net\/en\/wp-json\/wp\/v2\/media\/?parent=3131"}],"curies":[{"name":"wp","href":"https:\/\/api.w.org\/{rel}","templated":true}]}}