{"id":3142,"date":"2017-07-28T07:39:09","date_gmt":"2017-07-28T07:39:09","guid":{"rendered":"http:\/\/www.instantcredit.net\/?page_id=3142&#038;lang=en"},"modified":"2020-10-14T16:17:54","modified_gmt":"2020-10-14T14:17:54","slug":"partners","status":"publish","type":"page","link":"https:\/\/www.instantcredit.net\/en\/partners\/","title":{"rendered":"Partners"},"content":{"rendered":"<div class=\"ic_header_page ic_head_partners\">\n<div class=\"ic_text_header_page\">\n<div class=\"title_header\">\n<h1>Instant Credit Partners<\/h1>\n<\/div>\n<div class=\"subtitle_header\">\n<h2>Discover the advantages of becoming our partner<\/h2>\n<\/div>\n<\/div>\n<\/div>\n<div class=\"ic_row\">\n<div class=\"ic_row_center ic_row_icons\">\n<div class=\"ic_item_1col ic_col_c\">\n<div class=\"title_section\">\n<h3>Merchants<\/h3>\n<\/div>\n<p>Examples<\/p>\n<div style=\"height: auto; width: auto;\">\n<p><img fetchpriority=\"high\" decoding=\"async\" class=\"alignnone wp-image-8072\" style=\"height: auto; width: auto;\" src=\"https:\/\/www.instantcredit.net\/wp-content\/uploads\/logos-new-white-01.png\" alt=\"\" width=\"800\" height=\"107\" srcset=\"https:\/\/www.instantcredit.net\/wp-content\/uploads\/logos-new-white-01.png 971w, https:\/\/www.instantcredit.net\/wp-content\/uploads\/logos-new-white-01-600x80.png 600w, https:\/\/www.instantcredit.net\/wp-content\/uploads\/logos-new-white-01-150x20.png 150w, https:\/\/www.instantcredit.net\/wp-content\/uploads\/logos-new-white-01-768x103.png 768w\" sizes=\"(max-width: 800px) 100vw, 800px\" \/><\/p>\n<p><img decoding=\"async\" class=\"alignnone wp-image-8070\" style=\"height: auto; width: auto;\" src=\"https:\/\/www.instantcredit.net\/wp-content\/uploads\/logos-new-white-02.png\" alt=\"\" width=\"800\" height=\"107\" srcset=\"https:\/\/www.instantcredit.net\/wp-content\/uploads\/logos-new-white-02.png 971w, https:\/\/www.instantcredit.net\/wp-content\/uploads\/logos-new-white-02-600x80.png 600w, https:\/\/www.instantcredit.net\/wp-content\/uploads\/logos-new-white-02-150x20.png 150w, https:\/\/www.instantcredit.net\/wp-content\/uploads\/logos-new-white-02-768x103.png 768w\" sizes=\"(max-width: 800px) 100vw, 800px\" \/><\/p>\n<\/div>\n<\/div>\n<div class=\"ic_item_1col ic_item_center_partners\">\n<hr>\n<p>Join the first multi-lender, multi-country and multi-channel platform<\/p>\n<p><a class=\"btn_action btn_call2action\" href=\"\/merchants\/?lang=en\">More information<\/a><\/p>\n<\/div>\n<\/div>\n<\/div>\n<div class=\"ic_row_gris\">\n<div class=\"ic_row_center ic_row_icons\">\n<div class=\"ic_item_1col ic_col_c\">\n<div class=\"title_section\">\n<h3>PSP<\/h3>\n<\/div>\n<p>Examples<\/p>\n<\/div>\n<div class=\"ic_item_6col\"><img decoding=\"async\" src=\"\/wp-content\/uploads\/logopartner05.png\" alt=\"\"><\/div>\n<div class=\"ic_item_6col\"><img decoding=\"async\" src=\"\/wp-content\/uploads\/logopartner06.png\" alt=\"\"><\/div>\n<div class=\"ic_item_6col\"><img decoding=\"async\" src=\"\/wp-content\/uploads\/logopartner07.png\" alt=\"\"><\/div>\n<div class=\"ic_item_6col\"><img decoding=\"async\" src=\"\/wp-content\/uploads\/logopartner08.png\" alt=\"\"><\/div>\n<div class=\"ic_item_6col\"><img decoding=\"async\" src=\"\/wp-content\/uploads\/logopartner09.png\" alt=\"\"><\/div>\n<div class=\"ic_item_6col\"><img decoding=\"async\" src=\"\/wp-content\/uploads\/logopartner10.png\" alt=\"\"><\/div>\n<\/div>\n<\/div>\n<div class=\"ic_row\">\n<div class=\"ic_row_center ic_row_icons\">\n<div class=\"ic_item_1col ic_col_c\">\n<div class=\"title_section\">\n<h3>Other partners<\/h3>\n<\/div>\n<p>Examples<\/p>\n<\/div>\n<div class=\"ic_item_6col\"><img decoding=\"async\" src=\"\/wp-content\/uploads\/logopartner28.png\" alt=\"\"><\/div>\n<div class=\"ic_item_6col\"><img decoding=\"async\" src=\"\/wp-content\/uploads\/logopartner29.png\" alt=\"\"><\/div>\n<div class=\"ic_item_6col\"><img decoding=\"async\" src=\"\/wp-content\/uploads\/logopartner30.png\" alt=\"\"><\/div>\n<div class=\"ic_item_6col\"><img decoding=\"async\" src=\"\/wp-content\/uploads\/logopartner31.png\" alt=\"\"><\/div>\n<div class=\"ic_item_6col\"><img decoding=\"async\" src=\"\/wp-content\/uploads\/logopartner32.png\" alt=\"\"><\/div>\n<div class=\"ic_item_6col\"><img decoding=\"async\" src=\"\/wp-content\/uploads\/logopartner33.png\" alt=\"\"><\/div>\n<div class=\"ic_item_6col\"><img decoding=\"async\" src=\"\/wp-content\/uploads\/logopartner34.png\" alt=\"\"><\/div>\n<div class=\"ic_item_6col\"><img decoding=\"async\" src=\"\/wp-content\/uploads\/logopartner35.png\" alt=\"\"><\/div>\n<div class=\"ic_item_6col\"><img decoding=\"async\" src=\"\/wp-content\/uploads\/logopartner36.png\" alt=\"\"><\/div>\n<div class=\"ic_item_6col\"><img decoding=\"async\" src=\"\/wp-content\/uploads\/logopartner37.png\" alt=\"\"><\/div>\n<div class=\"ic_item_6col\"><img decoding=\"async\" src=\"\/wp-content\/uploads\/logopartner38.png\" alt=\"\"><\/div>\n<div class=\"ic_item_6col\"><img decoding=\"async\" src=\"\/wp-content\/uploads\/logopartner39.png\" alt=\"\"><\/div>\n<div class=\"ic_item_6col\"><img decoding=\"async\" src=\"\/wp-content\/uploads\/logopartner44.png\" alt=\"\"><\/div>\n<\/div>\n<\/div>\n","protected":false},"excerpt":{"rendered":"<p>Instant Credit Partners Discover the advantages of becoming our partner Merchants Examples Join the first multi-lender, multi-country and multi-channel platform More information PSP Examples Other partners Examples<\/p>\n","protected":false},"author":7,"featured_media":4369,"parent":0,"menu_order":0,"comment_status":"closed","ping_status":"closed","template":"","meta":{"_acf_changed":false,"footnotes":""},"class_list":["post-3142","page","type-page","status-publish","has-post-thumbnail","hentry"],"acf":[],"yoast_head":"<!-- This site is optimized with the Yoast SEO plugin v23.4 - https:\/\/yoast.com\/wordpress\/plugins\/seo\/ -->\n<title>Instant Credit: Partners of our consumer finance platform<\/title>\n<meta name=\"description\" content=\"Partner lenders and merchants of Instant Credit&#039;s consumer finance platform for e-commerce. Contact us at info@instantcredit.com for more information\" \/>\n<meta name=\"robots\" content=\"index, follow, max-snippet:-1, max-image-preview:large, max-video-preview:-1\" \/>\n<link rel=\"canonical\" href=\"https:\/\/www.instantcredit.net\/en\/partners\/\" \/>\n<meta property=\"og:locale\" content=\"en_US\" \/>\n<meta property=\"og:type\" content=\"article\" \/>\n<meta property=\"og:title\" content=\"Instant Credit: Partners of our consumer finance platform\" \/>\n<meta property=\"og:description\" content=\"Partner lenders and merchants of Instant Credit&#039;s consumer finance platform for e-commerce. Contact us at info@instantcredit.com for more information\" \/>\n<meta property=\"og:url\" content=\"https:\/\/www.instantcredit.net\/en\/partners\/\" \/>\n<meta property=\"og:site_name\" content=\"instantcredit.net\" \/>\n<meta property=\"article:modified_time\" content=\"2020-10-14T14:17:54+00:00\" \/>\n<meta property=\"og:image\" content=\"https:\/\/www.instantcredit.net\/wp-content\/uploads\/Financiacion_online_de_compras_en_Ecommerce___Instant_Credit.jpg\" \/>\n\t<meta property=\"og:image:width\" content=\"1200\" \/>\n\t<meta property=\"og:image:height\" content=\"600\" \/>\n\t<meta property=\"og:image:type\" content=\"image\/jpeg\" \/>\n<meta name=\"twitter:card\" content=\"summary_large_image\" \/>\n<script type=\"application\/ld+json\" class=\"yoast-schema-graph\">{\"@context\":\"https:\/\/schema.org\",\"@graph\":[{\"@type\":\"WebPage\",\"@id\":\"https:\/\/www.instantcredit.net\/en\/partners\/\",\"url\":\"https:\/\/www.instantcredit.net\/en\/partners\/\",\"name\":\"Instant Credit: Partners of our consumer finance platform\",\"isPartOf\":{\"@id\":\"https:\/\/www.instantcredit.net\/#website\"},\"primaryImageOfPage\":{\"@id\":\"https:\/\/www.instantcredit.net\/en\/partners\/#primaryimage\"},\"image\":{\"@id\":\"https:\/\/www.instantcredit.net\/en\/partners\/#primaryimage\"},\"thumbnailUrl\":\"https:\/\/www.instantcredit.net\/wp-content\/uploads\/Financiacion_online_de_compras_en_Ecommerce___Instant_Credit.jpg\",\"datePublished\":\"2017-07-28T07:39:09+00:00\",\"dateModified\":\"2020-10-14T14:17:54+00:00\",\"description\":\"Partner lenders and merchants of Instant Credit's consumer finance platform for e-commerce. Contact us at info@instantcredit.com for more information\",\"breadcrumb\":{\"@id\":\"https:\/\/www.instantcredit.net\/en\/partners\/#breadcrumb\"},\"inLanguage\":\"en-US\",\"potentialAction\":[{\"@type\":\"ReadAction\",\"target\":[\"https:\/\/www.instantcredit.net\/en\/partners\/\"]}]},{\"@type\":\"ImageObject\",\"inLanguage\":\"en-US\",\"@id\":\"https:\/\/www.instantcredit.net\/en\/partners\/#primaryimage\",\"url\":\"https:\/\/www.instantcredit.net\/wp-content\/uploads\/Financiacion_online_de_compras_en_Ecommerce___Instant_Credit.jpg\",\"contentUrl\":\"https:\/\/www.instantcredit.net\/wp-content\/uploads\/Financiacion_online_de_compras_en_Ecommerce___Instant_Credit.jpg\",\"width\":1200,\"height\":600,\"caption\":\"Financiaci\u00f3n online de compras en Ecommerce Instant Credit\"},{\"@type\":\"BreadcrumbList\",\"@id\":\"https:\/\/www.instantcredit.net\/en\/partners\/#breadcrumb\",\"itemListElement\":[{\"@type\":\"ListItem\",\"position\":1,\"name\":\"Portada\",\"item\":\"https:\/\/www.instantcredit.net\/instant-credit-el-pago-a-plazos-digital-de-sabadell-consumer-finance-2\/\"},{\"@type\":\"ListItem\",\"position\":2,\"name\":\"Partners\"}]},{\"@type\":\"WebSite\",\"@id\":\"https:\/\/www.instantcredit.net\/#website\",\"url\":\"https:\/\/www.instantcredit.net\/\",\"name\":\"instantcredit.net\",\"description\":\"La forma m\u00e1s r\u00e1pida y f\u00e1cil de financiar tus compras online.\",\"publisher\":{\"@id\":\"https:\/\/www.instantcredit.net\/#organization\"},\"potentialAction\":[{\"@type\":\"SearchAction\",\"target\":{\"@type\":\"EntryPoint\",\"urlTemplate\":\"https:\/\/www.instantcredit.net\/?s={search_term_string}\"},\"query-input\":{\"@type\":\"PropertyValueSpecification\",\"valueRequired\":true,\"valueName\":\"search_term_string\"}}],\"inLanguage\":\"en-US\"},{\"@type\":\"Organization\",\"@id\":\"https:\/\/www.instantcredit.net\/#organization\",\"name\":\"Instat credit\",\"url\":\"https:\/\/www.instantcredit.net\/\",\"logo\":{\"@type\":\"ImageObject\",\"inLanguage\":\"en-US\",\"@id\":\"https:\/\/www.instantcredit.net\/#\/schema\/logo\/image\/\",\"url\":\"https:\/\/www.instantcredit.net\/wp-content\/uploads\/logo_ic.png\",\"contentUrl\":\"https:\/\/www.instantcredit.net\/wp-content\/uploads\/logo_ic.png\",\"width\":638,\"height\":228,\"caption\":\"Instat credit\"},\"image\":{\"@id\":\"https:\/\/www.instantcredit.net\/#\/schema\/logo\/image\/\"},\"sameAs\":[\"https:\/\/www.linkedin.com\/company\/10596269\/\"]}]}<\/script>\n<!-- \/ Yoast SEO plugin. -->","yoast_head_json":{"title":"Instant Credit: Partners of our consumer finance platform","description":"Partner lenders and merchants of Instant Credit's consumer finance platform for e-commerce. Contact us at info@instantcredit.com for more information","robots":{"index":"index","follow":"follow","max-snippet":"max-snippet:-1","max-image-preview":"max-image-preview:large","max-video-preview":"max-video-preview:-1"},"canonical":"https:\/\/www.instantcredit.net\/en\/partners\/","og_locale":"en_US","og_type":"article","og_title":"Instant Credit: Partners of our consumer finance platform","og_description":"Partner lenders and merchants of Instant Credit's consumer finance platform for e-commerce. Contact us at info@instantcredit.com for more information","og_url":"https:\/\/www.instantcredit.net\/en\/partners\/","og_site_name":"instantcredit.net","article_modified_time":"2020-10-14T14:17:54+00:00","og_image":[{"width":1200,"height":600,"url":"https:\/\/www.instantcredit.net\/wp-content\/uploads\/Financiacion_online_de_compras_en_Ecommerce___Instant_Credit.jpg","type":"image\/jpeg"}],"twitter_card":"summary_large_image","schema":{"@context":"https:\/\/schema.org","@graph":[{"@type":"WebPage","@id":"https:\/\/www.instantcredit.net\/en\/partners\/","url":"https:\/\/www.instantcredit.net\/en\/partners\/","name":"Instant Credit: Partners of our consumer finance platform","isPartOf":{"@id":"https:\/\/www.instantcredit.net\/#website"},"primaryImageOfPage":{"@id":"https:\/\/www.instantcredit.net\/en\/partners\/#primaryimage"},"image":{"@id":"https:\/\/www.instantcredit.net\/en\/partners\/#primaryimage"},"thumbnailUrl":"https:\/\/www.instantcredit.net\/wp-content\/uploads\/Financiacion_online_de_compras_en_Ecommerce___Instant_Credit.jpg","datePublished":"2017-07-28T07:39:09+00:00","dateModified":"2020-10-14T14:17:54+00:00","description":"Partner lenders and merchants of Instant Credit's consumer finance platform for e-commerce. Contact us at info@instantcredit.com for more information","breadcrumb":{"@id":"https:\/\/www.instantcredit.net\/en\/partners\/#breadcrumb"},"inLanguage":"en-US","potentialAction":[{"@type":"ReadAction","target":["https:\/\/www.instantcredit.net\/en\/partners\/"]}]},{"@type":"ImageObject","inLanguage":"en-US","@id":"https:\/\/www.instantcredit.net\/en\/partners\/#primaryimage","url":"https:\/\/www.instantcredit.net\/wp-content\/uploads\/Financiacion_online_de_compras_en_Ecommerce___Instant_Credit.jpg","contentUrl":"https:\/\/www.instantcredit.net\/wp-content\/uploads\/Financiacion_online_de_compras_en_Ecommerce___Instant_Credit.jpg","width":1200,"height":600,"caption":"Financiaci\u00f3n online de compras en Ecommerce Instant Credit"},{"@type":"BreadcrumbList","@id":"https:\/\/www.instantcredit.net\/en\/partners\/#breadcrumb","itemListElement":[{"@type":"ListItem","position":1,"name":"Portada","item":"https:\/\/www.instantcredit.net\/instant-credit-el-pago-a-plazos-digital-de-sabadell-consumer-finance-2\/"},{"@type":"ListItem","position":2,"name":"Partners"}]},{"@type":"WebSite","@id":"https:\/\/www.instantcredit.net\/#website","url":"https:\/\/www.instantcredit.net\/","name":"instantcredit.net","description":"La forma m\u00e1s r\u00e1pida y f\u00e1cil de financiar tus compras online.","publisher":{"@id":"https:\/\/www.instantcredit.net\/#organization"},"potentialAction":[{"@type":"SearchAction","target":{"@type":"EntryPoint","urlTemplate":"https:\/\/www.instantcredit.net\/?s={search_term_string}"},"query-input":{"@type":"PropertyValueSpecification","valueRequired":true,"valueName":"search_term_string"}}],"inLanguage":"en-US"},{"@type":"Organization","@id":"https:\/\/www.instantcredit.net\/#organization","name":"Instat credit","url":"https:\/\/www.instantcredit.net\/","logo":{"@type":"ImageObject","inLanguage":"en-US","@id":"https:\/\/www.instantcredit.net\/#\/schema\/logo\/image\/","url":"https:\/\/www.instantcredit.net\/wp-content\/uploads\/logo_ic.png","contentUrl":"https:\/\/www.instantcredit.net\/wp-content\/uploads\/logo_ic.png","width":638,"height":228,"caption":"Instat credit"},"image":{"@id":"https:\/\/www.instantcredit.net\/#\/schema\/logo\/image\/"},"sameAs":["https:\/\/www.linkedin.com\/company\/10596269\/"]}]}},"_links":{"self":[{"href":"https:\/\/www.instantcredit.net\/en\/wp-json\/wp\/v2\/pages\/3142\/"}],"collection":[{"href":"https:\/\/www.instantcredit.net\/en\/wp-json\/wp\/v2\/pages\/"}],"about":[{"href":"https:\/\/www.instantcredit.net\/en\/wp-json\/wp\/v2\/types\/page\/"}],"author":[{"embeddable":true,"href":"https:\/\/www.instantcredit.net\/en\/wp-json\/wp\/v2\/users\/7\/"}],"replies":[{"embeddable":true,"href":"https:\/\/www.instantcredit.net\/en\/wp-json\/wp\/v2\/comments\/?post=3142"}],"version-history":[{"count":6,"href":"https:\/\/www.instantcredit.net\/en\/wp-json\/wp\/v2\/pages\/3142\/revisions\/"}],"predecessor-version":[{"id":8244,"href":"https:\/\/www.instantcredit.net\/en\/wp-json\/wp\/v2\/pages\/3142\/revisions\/8244\/"}],"wp:featuredmedia":[{"embeddable":true,"href":"https:\/\/www.instantcredit.net\/en\/wp-json\/wp\/v2\/media\/4369\/"}],"wp:attachment":[{"href":"https:\/\/www.instantcredit.net\/en\/wp-json\/wp\/v2\/media\/?parent=3142"}],"curies":[{"name":"wp","href":"https:\/\/api.w.org\/{rel}","templated":true}]}}