{"id":3864,"date":"2017-11-15T10:29:02","date_gmt":"2017-11-15T08:29:02","guid":{"rendered":"http:\/\/www.instantcredit.net\/?page_id=3864&#038;lang=en"},"modified":"2018-08-30T12:16:08","modified_gmt":"2018-08-30T10:16:08","slug":"instant-credit-affiliate-program","status":"publish","type":"page","link":"https:\/\/www.instantcredit.net\/en\/instant-credit-affiliate-program\/","title":{"rendered":"Affiliate program"},"content":{"rendered":"<div class=\"ic_header_page ic_head_portales_afiliados\">\n<div class=\"ic_text_header_page\">\n<div class=\"title_header\">\n<h1>Affiliate program<\/h1>\n<\/div>\n<div class=\"subtitle_header\">\n<h2>Generate new revenues through your website users contracting financing<\/h2>\n<\/div>\n<p><a class=\"btn_action btn_headers btn_call2action\" href=\"https:\/\/www.instantcredit.net\/contact\/?lang=en\">Contact<\/a><\/p>\n<\/div>\n<\/div>\n<div class=\"ic_row\">\n<div class=\"ic_row_center\">\n<div class=\"ic_item_4col ic_col_c\">\n<p><img decoding=\"async\" src=\"https:\/\/www.instantcredit.net\/wp-content\/uploads\/ic_icon_moneybag.png\" alt=\"\" \/><\/p>\n<div class=\"title_step\">\n<h3>Generate new revenues<\/h3>\n<\/div>\n<p>Gain extra monthly income without investing extra time or money. Easy and straightforward; we take care of everything<\/p>\n<\/div>\n<div class=\"ic_item_4col ic_col_c\">\n<p><img decoding=\"async\" src=\"https:\/\/www.instantcredit.net\/wp-content\/uploads\/ic_icon_ecom.png\" alt=\"\" \/><\/p>\n<div class=\"title_step\">\n<h3>Offer financing services in your marketplace<\/h3>\n<\/div>\n<p>Increase your sales and conversion rate by offering a quick and simple way for your clients to expand their purchasing power<\/p>\n<\/div>\n<div class=\"ic_item_4col ic_col_c\">\n<p><img decoding=\"async\" src=\"https:\/\/www.instantcredit.net\/wp-content\/uploads\/ic_icon_security_blue.png\" alt=\"\" \/><\/p>\n<div class=\"title_step\">\n<h3>Risk free for you<\/h3>\n<\/div>\n<p>Offer a new service to your clients without facing any risk of default. You receive commission on every financing contract awarded to your users<\/p>\n<\/div>\n<div class=\"ic_item_4col ic_col_c\">\n<p><img decoding=\"async\" src=\"https:\/\/www.instantcredit.net\/wp-content\/uploads\/ic_icon_ahorro.png\" alt=\"\" \/><\/p>\n<div class=\"title_step\">\n<h3>No implementation costs<\/h3>\n<\/div>\n<p>The service does not require any investment, integration, nor technical change to the Portal<\/p>\n<\/div>\n<\/div>\n<\/div>\n<div class=\"ic_row_blue\">\n<div class=\"ic_row_center\">\n<div class=\"ic_item_1col ic_col_c\">\n<div class=\"subtitle_section title_color_white\">\n<h2>Instant Credit offers financing services to those website visitors who need it. The process is easy, fast, secure and 100% digital<\/h2>\n<\/div>\n<\/div>\n<div class=\"ic_item_4col ic_col_c\">\n<p><img decoding=\"async\" src=\"https:\/\/www.instantcredit.net\/wp-content\/uploads\/icon_01_ic_affiliate.png\" alt=\"\" \/><\/p>\n<div class=\"title_step\">Register as an affiliated portal<\/div>\n<\/div>\n<div class=\"ic_item_4col ic_col_c\">\n<p><img decoding=\"async\" src=\"https:\/\/www.instantcredit.net\/wp-content\/uploads\/icon_02_ic_affiliate.png\" alt=\"\" \/><\/p>\n<div class=\"title_step\">Promote our financing services using our banners and URL&#8217;s<\/div>\n<\/div>\n<div class=\"ic_item_4col ic_col_c\">\n<p><img decoding=\"async\" src=\"https:\/\/www.instantcredit.net\/wp-content\/uploads\/icon_03_ic_affiliate.png\" alt=\"\" \/><\/p>\n<div class=\"title_step\">Earn commission for each financial product contracted by your website users<\/div>\n<\/div>\n<\/div>\n<\/div>\n<div class=\"ic_row\">\n<div class=\"ic_row_center\">\n<div class=\"ic_item_2col ic_order_mobile\"><img decoding=\"async\" class=\"ic_responsive_image\" src=\"https:\/\/www.instantcredit.net\/wp-content\/uploads\/ic_img_affiliate_2.png\" alt=\"\" \/><\/div>\n<div class=\"ic_item_2col ic_col_l\">\n<div class=\"title_section\">\n<h2>Do you have a portal?<\/h2>\n<\/div>\n<hr \/>\n<ul class=\"ic_list_p\">\n<li>Increase your revenues by offering financial servicies to your website&#8217;s visitors. We offer leading market financial products to those users of your portal who need it<\/li>\n<li>We are a multi-lender platform with agreements with both local and international leading financial entities. We advise and provide the portal with all the necessary marketing content to generate additional revenues<\/li>\n<li>We monitor the credit conversion and approval rate of our partner financial entities and apply measures in order to offer the best financial service for you and your website users<\/li>\n<\/ul>\n<\/div>\n<\/div>\n<\/div>\n<div class=\"ic_row ic_row_afiliados\">\n<div class=\"ic_row_center\">\n<div class=\"ic_item_2col ic_col_l\">\n<div class=\"title_section\">\n<h2>Add Instant Credit in your portal<\/h2>\n<\/div>\n<hr \/>\n<p>Get all the information you need to offer financial services to your clients and start generating new revenue<\/p>\n<p><a class=\"btn_action btn_call2action\" href=\"https:\/\/www.instantcredit.net\/contact\/?lang=en\">Contact<\/a><\/p>\n<\/div>\n<div class=\"ic_item_2col\"><\/div>\n<\/div>\n<\/div>\n","protected":false},"excerpt":{"rendered":"<p>Affiliate program Generate new revenues through your website users contracting financing Contact Generate new revenues Gain extra monthly income without investing extra time or money. Easy and straightforward; we take care of everything Offer financing services in your marketplace Increase your sales and conversion rate by offering a quick and simple way for your clients [&hellip;]<\/p>\n","protected":false},"author":7,"featured_media":4369,"parent":0,"menu_order":0,"comment_status":"closed","ping_status":"closed","template":"","meta":{"_acf_changed":false,"footnotes":""},"class_list":["post-3864","page","type-page","status-publish","has-post-thumbnail","hentry"],"acf":[],"yoast_head":"<!-- This site is optimized with the Yoast SEO plugin v23.4 - https:\/\/yoast.com\/wordpress\/plugins\/seo\/ -->\n<title>Instant Credit&#039;s Affiliate Program<\/title>\n<meta name=\"description\" content=\"Increase your revenues by offering financial services to your website&#039;s visitors with Instant Credit&#039;s affiliate program. Offer leading financial products\" \/>\n<meta name=\"robots\" content=\"index, follow, max-snippet:-1, max-image-preview:large, max-video-preview:-1\" \/>\n<link rel=\"canonical\" href=\"https:\/\/www.instantcredit.net\/en\/instant-credit-affiliate-program\/\" \/>\n<meta property=\"og:locale\" content=\"en_US\" \/>\n<meta property=\"og:type\" content=\"article\" \/>\n<meta property=\"og:title\" content=\"Instant Credit&#039;s Affiliate Program\" \/>\n<meta property=\"og:description\" content=\"Increase your revenues by offering financial services to your website&#039;s visitors with Instant Credit&#039;s affiliate program. Offer leading financial products\" \/>\n<meta property=\"og:url\" content=\"https:\/\/www.instantcredit.net\/en\/instant-credit-affiliate-program\/\" \/>\n<meta property=\"og:site_name\" content=\"instantcredit.net\" \/>\n<meta property=\"article:modified_time\" content=\"2018-08-30T10:16:08+00:00\" \/>\n<meta property=\"og:image\" content=\"https:\/\/www.instantcredit.net\/wp-content\/uploads\/Financiacion_online_de_compras_en_Ecommerce___Instant_Credit.jpg\" \/>\n\t<meta property=\"og:image:width\" content=\"1200\" \/>\n\t<meta property=\"og:image:height\" content=\"600\" \/>\n\t<meta property=\"og:image:type\" content=\"image\/jpeg\" \/>\n<meta name=\"twitter:card\" content=\"summary_large_image\" \/>\n<meta name=\"twitter:label1\" content=\"Est. reading time\" \/>\n\t<meta name=\"twitter:data1\" content=\"1 minute\" \/>\n<script type=\"application\/ld+json\" class=\"yoast-schema-graph\">{\"@context\":\"https:\/\/schema.org\",\"@graph\":[{\"@type\":\"WebPage\",\"@id\":\"https:\/\/www.instantcredit.net\/en\/instant-credit-affiliate-program\/\",\"url\":\"https:\/\/www.instantcredit.net\/en\/instant-credit-affiliate-program\/\",\"name\":\"Instant Credit's Affiliate Program\",\"isPartOf\":{\"@id\":\"https:\/\/www.instantcredit.net\/#website\"},\"primaryImageOfPage\":{\"@id\":\"https:\/\/www.instantcredit.net\/en\/instant-credit-affiliate-program\/#primaryimage\"},\"image\":{\"@id\":\"https:\/\/www.instantcredit.net\/en\/instant-credit-affiliate-program\/#primaryimage\"},\"thumbnailUrl\":\"https:\/\/www.instantcredit.net\/wp-content\/uploads\/Financiacion_online_de_compras_en_Ecommerce___Instant_Credit.jpg\",\"datePublished\":\"2017-11-15T08:29:02+00:00\",\"dateModified\":\"2018-08-30T10:16:08+00:00\",\"description\":\"Increase your revenues by offering financial services to your website's visitors with Instant Credit's affiliate program. Offer leading financial products\",\"breadcrumb\":{\"@id\":\"https:\/\/www.instantcredit.net\/en\/instant-credit-affiliate-program\/#breadcrumb\"},\"inLanguage\":\"en-US\",\"potentialAction\":[{\"@type\":\"ReadAction\",\"target\":[\"https:\/\/www.instantcredit.net\/en\/instant-credit-affiliate-program\/\"]}]},{\"@type\":\"ImageObject\",\"inLanguage\":\"en-US\",\"@id\":\"https:\/\/www.instantcredit.net\/en\/instant-credit-affiliate-program\/#primaryimage\",\"url\":\"https:\/\/www.instantcredit.net\/wp-content\/uploads\/Financiacion_online_de_compras_en_Ecommerce___Instant_Credit.jpg\",\"contentUrl\":\"https:\/\/www.instantcredit.net\/wp-content\/uploads\/Financiacion_online_de_compras_en_Ecommerce___Instant_Credit.jpg\",\"width\":1200,\"height\":600,\"caption\":\"Financiaci\u00f3n online de compras en Ecommerce Instant Credit\"},{\"@type\":\"BreadcrumbList\",\"@id\":\"https:\/\/www.instantcredit.net\/en\/instant-credit-affiliate-program\/#breadcrumb\",\"itemListElement\":[{\"@type\":\"ListItem\",\"position\":1,\"name\":\"Portada\",\"item\":\"https:\/\/www.instantcredit.net\/instant-credit-el-pago-a-plazos-digital-de-sabadell-consumer-finance-2\/\"},{\"@type\":\"ListItem\",\"position\":2,\"name\":\"Affiliate program\"}]},{\"@type\":\"WebSite\",\"@id\":\"https:\/\/www.instantcredit.net\/#website\",\"url\":\"https:\/\/www.instantcredit.net\/\",\"name\":\"instantcredit.net\",\"description\":\"La forma m\u00e1s r\u00e1pida y f\u00e1cil de financiar tus compras online.\",\"publisher\":{\"@id\":\"https:\/\/www.instantcredit.net\/#organization\"},\"potentialAction\":[{\"@type\":\"SearchAction\",\"target\":{\"@type\":\"EntryPoint\",\"urlTemplate\":\"https:\/\/www.instantcredit.net\/?s={search_term_string}\"},\"query-input\":{\"@type\":\"PropertyValueSpecification\",\"valueRequired\":true,\"valueName\":\"search_term_string\"}}],\"inLanguage\":\"en-US\"},{\"@type\":\"Organization\",\"@id\":\"https:\/\/www.instantcredit.net\/#organization\",\"name\":\"Instat credit\",\"url\":\"https:\/\/www.instantcredit.net\/\",\"logo\":{\"@type\":\"ImageObject\",\"inLanguage\":\"en-US\",\"@id\":\"https:\/\/www.instantcredit.net\/#\/schema\/logo\/image\/\",\"url\":\"https:\/\/www.instantcredit.net\/wp-content\/uploads\/logo_ic.png\",\"contentUrl\":\"https:\/\/www.instantcredit.net\/wp-content\/uploads\/logo_ic.png\",\"width\":638,\"height\":228,\"caption\":\"Instat credit\"},\"image\":{\"@id\":\"https:\/\/www.instantcredit.net\/#\/schema\/logo\/image\/\"},\"sameAs\":[\"https:\/\/www.linkedin.com\/company\/10596269\/\"]}]}<\/script>\n<!-- \/ Yoast SEO plugin. -->","yoast_head_json":{"title":"Instant Credit's Affiliate Program","description":"Increase your revenues by offering financial services to your website's visitors with Instant Credit's affiliate program. Offer leading financial products","robots":{"index":"index","follow":"follow","max-snippet":"max-snippet:-1","max-image-preview":"max-image-preview:large","max-video-preview":"max-video-preview:-1"},"canonical":"https:\/\/www.instantcredit.net\/en\/instant-credit-affiliate-program\/","og_locale":"en_US","og_type":"article","og_title":"Instant Credit's Affiliate Program","og_description":"Increase your revenues by offering financial services to your website's visitors with Instant Credit's affiliate program. Offer leading financial products","og_url":"https:\/\/www.instantcredit.net\/en\/instant-credit-affiliate-program\/","og_site_name":"instantcredit.net","article_modified_time":"2018-08-30T10:16:08+00:00","og_image":[{"width":1200,"height":600,"url":"https:\/\/www.instantcredit.net\/wp-content\/uploads\/Financiacion_online_de_compras_en_Ecommerce___Instant_Credit.jpg","type":"image\/jpeg"}],"twitter_card":"summary_large_image","twitter_misc":{"Est. reading time":"1 minute"},"schema":{"@context":"https:\/\/schema.org","@graph":[{"@type":"WebPage","@id":"https:\/\/www.instantcredit.net\/en\/instant-credit-affiliate-program\/","url":"https:\/\/www.instantcredit.net\/en\/instant-credit-affiliate-program\/","name":"Instant Credit's Affiliate Program","isPartOf":{"@id":"https:\/\/www.instantcredit.net\/#website"},"primaryImageOfPage":{"@id":"https:\/\/www.instantcredit.net\/en\/instant-credit-affiliate-program\/#primaryimage"},"image":{"@id":"https:\/\/www.instantcredit.net\/en\/instant-credit-affiliate-program\/#primaryimage"},"thumbnailUrl":"https:\/\/www.instantcredit.net\/wp-content\/uploads\/Financiacion_online_de_compras_en_Ecommerce___Instant_Credit.jpg","datePublished":"2017-11-15T08:29:02+00:00","dateModified":"2018-08-30T10:16:08+00:00","description":"Increase your revenues by offering financial services to your website's visitors with Instant Credit's affiliate program. Offer leading financial products","breadcrumb":{"@id":"https:\/\/www.instantcredit.net\/en\/instant-credit-affiliate-program\/#breadcrumb"},"inLanguage":"en-US","potentialAction":[{"@type":"ReadAction","target":["https:\/\/www.instantcredit.net\/en\/instant-credit-affiliate-program\/"]}]},{"@type":"ImageObject","inLanguage":"en-US","@id":"https:\/\/www.instantcredit.net\/en\/instant-credit-affiliate-program\/#primaryimage","url":"https:\/\/www.instantcredit.net\/wp-content\/uploads\/Financiacion_online_de_compras_en_Ecommerce___Instant_Credit.jpg","contentUrl":"https:\/\/www.instantcredit.net\/wp-content\/uploads\/Financiacion_online_de_compras_en_Ecommerce___Instant_Credit.jpg","width":1200,"height":600,"caption":"Financiaci\u00f3n online de compras en Ecommerce Instant Credit"},{"@type":"BreadcrumbList","@id":"https:\/\/www.instantcredit.net\/en\/instant-credit-affiliate-program\/#breadcrumb","itemListElement":[{"@type":"ListItem","position":1,"name":"Portada","item":"https:\/\/www.instantcredit.net\/instant-credit-el-pago-a-plazos-digital-de-sabadell-consumer-finance-2\/"},{"@type":"ListItem","position":2,"name":"Affiliate program"}]},{"@type":"WebSite","@id":"https:\/\/www.instantcredit.net\/#website","url":"https:\/\/www.instantcredit.net\/","name":"instantcredit.net","description":"La forma m\u00e1s r\u00e1pida y f\u00e1cil de financiar tus compras online.","publisher":{"@id":"https:\/\/www.instantcredit.net\/#organization"},"potentialAction":[{"@type":"SearchAction","target":{"@type":"EntryPoint","urlTemplate":"https:\/\/www.instantcredit.net\/?s={search_term_string}"},"query-input":{"@type":"PropertyValueSpecification","valueRequired":true,"valueName":"search_term_string"}}],"inLanguage":"en-US"},{"@type":"Organization","@id":"https:\/\/www.instantcredit.net\/#organization","name":"Instat credit","url":"https:\/\/www.instantcredit.net\/","logo":{"@type":"ImageObject","inLanguage":"en-US","@id":"https:\/\/www.instantcredit.net\/#\/schema\/logo\/image\/","url":"https:\/\/www.instantcredit.net\/wp-content\/uploads\/logo_ic.png","contentUrl":"https:\/\/www.instantcredit.net\/wp-content\/uploads\/logo_ic.png","width":638,"height":228,"caption":"Instat credit"},"image":{"@id":"https:\/\/www.instantcredit.net\/#\/schema\/logo\/image\/"},"sameAs":["https:\/\/www.linkedin.com\/company\/10596269\/"]}]}},"_links":{"self":[{"href":"https:\/\/www.instantcredit.net\/en\/wp-json\/wp\/v2\/pages\/3864\/"}],"collection":[{"href":"https:\/\/www.instantcredit.net\/en\/wp-json\/wp\/v2\/pages\/"}],"about":[{"href":"https:\/\/www.instantcredit.net\/en\/wp-json\/wp\/v2\/types\/page\/"}],"author":[{"embeddable":true,"href":"https:\/\/www.instantcredit.net\/en\/wp-json\/wp\/v2\/users\/7\/"}],"replies":[{"embeddable":true,"href":"https:\/\/www.instantcredit.net\/en\/wp-json\/wp\/v2\/comments\/?post=3864"}],"version-history":[{"count":0,"href":"https:\/\/www.instantcredit.net\/en\/wp-json\/wp\/v2\/pages\/3864\/revisions\/"}],"wp:featuredmedia":[{"embeddable":true,"href":"https:\/\/www.instantcredit.net\/en\/wp-json\/wp\/v2\/media\/4369\/"}],"wp:attachment":[{"href":"https:\/\/www.instantcredit.net\/en\/wp-json\/wp\/v2\/media\/?parent=3864"}],"curies":[{"name":"wp","href":"https:\/\/api.w.org\/{rel}","templated":true}]}}