{"id":6040,"date":"2018-04-26T11:33:08","date_gmt":"2018-04-26T09:33:08","guid":{"rendered":"http:\/\/www.instantcredit.net\/buenas-practicas\/"},"modified":"2020-10-14T16:30:09","modified_gmt":"2020-10-14T14:30:09","slug":"best-practice","status":"publish","type":"page","link":"https:\/\/www.instantcredit.net\/en\/best-practice\/","title":{"rendered":"Best practice"},"content":{"rendered":"<div class=\"ic_row ic_header_bp\">\n<div class=\"ic_row_center\">\n<div class=\"ic_item_1col ic_col_l\">\n<p><a class=\"return_doc\" href=\"\/en\/inicio_documentacion\/\">Return to documentation<\/a><\/p>\n<h1><img decoding=\"async\" src=\"https:\/\/www.instantcredit.net\/wp-content\/uploads\/doc_icon_best_practices.png\" alt=\"\"> Best practices<\/h1>\n<p>En este apartado encontrar\u00e1s todas las acciones de marketing imprescindibles\u200b para sacar el m\u00e1ximo provecho al pago a plazos y aumentar tus ventas.<\/p>\n<h4 style=\"color: #007cbf;\">Discover your level of integration by selecting the recommended practices you are fulfilling.<\/h4>\n<\/div>\n<\/div>\n<\/div>\n<div class=\"ic_row status_bar_container\">\n<h3>Level of integration<\/h3>\n<div class=\"bar_status\">\n<div class=\"status_summary\"><\/div>\n<\/div>\n<div class=\"container_msn\">\n<h4><span id=\"summary_number\">0<\/span>\/8<\/h4>\n<p id=\"change_msn\">Select your best practice<\/p>\n<\/div>\n<\/div>\n<div id=\"first_bp\" class=\"ic_row ic_row_gris\">\n<div class=\"ic_row_center\">\n<div class=\"ic_item_2col ic_col_l\">\n<h2>1. Logo in the footer<\/h2>\n<div class=\"container_best_practice\">\n<div class=\"btn_bp btn_check\"><\/div>\n<div class=\"btn_bp btn_check_active\"><\/div>\n<p>I have the logo in the footer<\/p>\n<\/div>\n<p>Inform your users that you have Instant Credit\u2019s payment method for paying in instalments.<\/p>\n<p><a class=\"btn_action\" href=\"https:\/\/www.instantcredit.net\/en\/documentacion\/integration-online-commerce\/#identidad\" target=\"_blank\" rel=\"noopener noreferrer\">More information<\/a><\/p>\n<\/div>\n<div class=\"ic_item_2col\"><img decoding=\"async\" src=\"https:\/\/www.instantcredit.net\/wp-content\/uploads\/doc_ej_logo_ENG.png\" alt=\"Footer de tiendas online con logo InstantCredit\"><\/div>\n<\/div>\n<\/div>\n<div class=\"ic_row\">\n<div class=\"ic_row_center\">\n<div class=\"ic_item_2col ic_col_l\">\n<h2>2. Banners on your website<\/h2>\n<div class=\"container_best_practice\">\n<div class=\"btn_bp btn_check\"><\/div>\n<div class=\"btn_bp btn_check_active\"><\/div>\n<p>I have Instant Credit banners<\/p>\n<\/div>\n<p>Communicate to your customers that the Instant Credit payment method is available to them.<\/p>\n<p><a class=\"btn_action\" href=\"https:\/\/www.instantcredit.net\/en\/documentacion\/integration-online-commerce\/#banners\" target=\"_blank\" rel=\"noopener noreferrer\">More information<\/a><\/p>\n<\/div>\n<div class=\"ic_item_2col\"><img decoding=\"async\" src=\"https:\/\/www.instantcredit.net\/wp-content\/uploads\/doc_ej_pagina_inicio_ENG.png\" alt=\"Banner 'Compra ahora y paga a plazos' en p\u00e1gina inicial ecommerce\"><\/div>\n<\/div>\n<\/div>\n<div class=\"ic_row ic_row_gris\">\n<div class=\"ic_row_center\">\n<div class=\"ic_item_2col ic_col_l\">\n<h2>3. Payment simulator<\/h2>\n<div class=\"container_best_practice\">\n<div class=\"btn_bp btn_check\"><\/div>\n<div class=\"btn_bp btn_check_active\"><\/div>\n<p>I have the payment simulator<\/p>\n<\/div>\n<p>Allow buyers to see in advance how much they will pay each month. We recommend integrating this in:<strong> product page and<\/strong>&nbsp;<strong>checkout page.<\/strong><\/p>\n<p><a class=\"btn_action\" href=\"https:\/\/www.instantcredit.net\/en\/documentacion\/integration-online-commerce\/#simulador_de_cuotas\" target=\"_blank\" rel=\"noopener noreferrer\">More information<\/a><\/p>\n<\/div>\n<div class=\"ic_item_2col\"><img decoding=\"async\" src=\"https:\/\/www.instantcredit.net\/wp-content\/uploads\/doc_ej_simulador_pagina_producto_ENG.png\" alt=\"Simulador de cuotas en la p\u00e1gina de producto de la tienda online\"><\/div>\n<\/div>\n<\/div>\n<div class=\"ic_row\">\n<div class=\"ic_row_center\">\n<div class=\"ic_item_2col ic_col_l\">\n<h2>4. Description of the payment method<\/h2>\n<div class=\"container_best_practice\">\n<div class=\"btn_bp btn_check\"><\/div>\n<div class=\"btn_bp btn_check_active\"><\/div>\n<p>I provide information on the instalments payment method<\/p>\n<\/div>\n<p>Information for the user interested in this payment method.<\/p>\n<p><a class=\"btn_action\" href=\"https:\/\/www.instantcredit.net\/en\/documentacion\/integration-online-commerce\/#descripcion_del_metodo_de_pago\" target=\"_blank\" rel=\"noopener noreferrer\">More information<\/a><\/p>\n<\/div>\n<div class=\"ic_item_2col\"><img decoding=\"async\" src=\"https:\/\/www.instantcredit.net\/wp-content\/uploads\/doc_ej_metodo_pago.png\" alt=\"Microsite con los pasos para pagar a plazos con Instant Credit\"><\/div>\n<\/div>\n<\/div>\n<div class=\"ic_row ic_row_gris\">\n<div class=\"ic_row_center\">\n<div class=\"ic_item_2col ic_col_l\">\n<h2>5. Your clients\u2019 information<\/h2>\n<div class=\"container_best_practice\">\n<div class=\"btn_bp btn_check\"><\/div>\n<div class=\"btn_bp btn_check_active\"><\/div>\n<p>I send my clients\u2019 information<\/p>\n<\/div>\n<p>Send information from the end user, such as: name and surname, mobile phone, email, etc to speed up the credit application process.<\/p>\n<p><a class=\"btn_action\" href=\"https:\/\/www.instantcredit.net\/en\/documentacion\/api\/#credit-request\" target=\"_blank\" rel=\"noopener noreferrer\">More information<\/a><\/p>\n<\/div>\n<div class=\"ic_item_2col\"><img decoding=\"async\" src=\"https:\/\/www.instantcredit.net\/wp-content\/uploads\/doc_ej_historico_clientes_ENG.png\" alt=\"Proceso de solicitud de cr\u00e9dito online\"><\/div>\n<\/div>\n<\/div>\n<div class=\"ic_row\">\n<div class=\"ic_row_center\">\n<div class=\"ic_item_2col ic_col_l\">\n<h2>6. I inform my clients about paying in instalments<\/h2>\n<div class=\"container_best_practice\">\n<div class=\"btn_bp btn_check\"><\/div>\n<div class=\"btn_bp btn_check_active\"><\/div>\n<p>I promote payment in instalments<\/p>\n<\/div>\n<p>In your communications with your customers, for example in your newsletters and social media networks, let them know that they can finance their purchases.<\/p>\n<p><a class=\"btn_action\" href=\"https:\/\/www.instantcredit.net\/en\/documentacion\/marketing-actions\/\" target=\"_blank\" rel=\"noopener noreferrer\">More information<\/a><\/p>\n<\/div>\n<div class=\"ic_item_2col\"><img decoding=\"async\" src=\"https:\/\/www.instantcredit.net\/wp-content\/uploads\/doc_ej_banner_email_ENG.png\" alt=\"Email 'Compra ahora y paga a plazos, r\u00e1pido, seguro y sin papeles'\"><\/div>\n<\/div>\n<\/div>\n<div class=\"ic_row ic_row_gris\">\n<div class=\"ic_row_center\">\n<div class=\"ic_item_2col ic_col_l\">\n<h2>7. Recovery of abandoned carts<\/h2>\n<div class=\"container_best_practice\">\n<div class=\"btn_bp btn_check\"><\/div>\n<div class=\"btn_bp btn_check_active\"><\/div>\n<p>I recover abandoned carts<\/p>\n<\/div>\n<p>Use the instalment payment method to complete previously denied payment attempts.<\/p>\n<p><a class=\"btn_action\" href=\"https:\/\/www.instantcredit.net\/en\/documentacion\/marketing-actions\/#recuperacion_de_carrito\" target=\"_blank\" rel=\"noopener noreferrer\">More information<\/a><\/p>\n<\/div>\n<div class=\"ic_item_2col\"><img decoding=\"async\" src=\"https:\/\/www.instantcredit.net\/wp-content\/uploads\/doc_ej_email_recuperacion_ENG.png\" alt=\"Recuperaci\u00f3n de carritos abandonados gracias a la financiaci\u00f3n Instant Credit\"><\/div>\n<\/div>\n<\/div>\n<div class=\"ic_row\">\n<div class=\"ic_row_center\">\n<div class=\"ic_item_2col ic_col_l\">\n<h2>8. Interest free campaigns<\/h2>\n<div class=\"container_best_practice\">\n<div class=\"btn_bp btn_check\"><\/div>\n<div class=\"btn_bp btn_check_active\"><\/div>\n<p>I carry out interest free campaigns<\/p>\n<\/div>\n<p>Boost your sales and make the most out of financing.<\/p>\n<p><a class=\"btn_action\" href=\"https:\/\/www.instantcredit.net\/en\/documentacion\/interest-free-campaigns\/\" target=\"_blank\" rel=\"noopener noreferrer\">More information<\/a><\/p>\n<\/div>\n<div class=\"ic_item_2col\"><img decoding=\"async\" src=\"https:\/\/www.instantcredit.net\/wp-content\/uploads\/doc_ej_campanas_int_ENG.png\" alt=\"Banner financiaci\u00f3n sin intereses en tienda online\"><\/div>\n<div class=\"ic_item_1col ic_col_l\"><a class=\"return_doc\" href=\"\/en\/inicio_documentacion\/\">Return to documentation<\/a><\/div>\n<\/div>\n<\/div>\n","protected":false},"excerpt":{"rendered":"<p>Return to documentation Best practices En este apartado encontrar\u00e1s todas las acciones de marketing imprescindibles\u200b para sacar el m\u00e1ximo provecho al pago a plazos y aumentar tus ventas. Discover your level of integration by selecting the recommended practices you are fulfilling. Level of integration 0\/8 Select your best practice 1. Logo in the footer I [&hellip;]<\/p>\n","protected":false},"author":7,"featured_media":0,"parent":0,"menu_order":0,"comment_status":"closed","ping_status":"closed","template":"templates\/template_private_documentation_bp.php","meta":{"_acf_changed":false,"footnotes":""},"class_list":["post-6040","page","type-page","status-publish","hentry"],"acf":[],"yoast_head":"<!-- This site is optimized with the Yoast SEO plugin v23.4 - https:\/\/yoast.com\/wordpress\/plugins\/seo\/ -->\n<title>Instant Credit: Best practices to increase e-commerce sales<\/title>\n<meta name=\"description\" content=\"In this section you will find all the essential marketing actions to get the most out of payment in instalments and increase e-commerce sales.\" \/>\n<meta name=\"robots\" content=\"index, follow, max-snippet:-1, max-image-preview:large, max-video-preview:-1\" \/>\n<link rel=\"canonical\" href=\"https:\/\/www.instantcredit.net\/en\/best-practice\/\" \/>\n<meta property=\"og:locale\" content=\"en_US\" \/>\n<meta property=\"og:type\" content=\"article\" \/>\n<meta property=\"og:title\" content=\"Instant Credit: Best practices to increase e-commerce sales\" \/>\n<meta property=\"og:description\" content=\"In this section you will find all the essential marketing actions to get the most out of payment in instalments and increase e-commerce sales.\" \/>\n<meta property=\"og:url\" content=\"https:\/\/www.instantcredit.net\/en\/best-practice\/\" \/>\n<meta property=\"og:site_name\" content=\"instantcredit.net\" \/>\n<meta property=\"article:modified_time\" content=\"2020-10-14T14:30:09+00:00\" \/>\n<meta property=\"og:image\" content=\"https:\/\/www.instantcredit.net\/wp-content\/uploads\/doc_icon_best_practices.png\" \/>\n<meta name=\"twitter:card\" content=\"summary_large_image\" \/>\n<meta name=\"twitter:label1\" content=\"Est. reading time\" \/>\n\t<meta name=\"twitter:data1\" content=\"1 minute\" \/>\n<script type=\"application\/ld+json\" class=\"yoast-schema-graph\">{\"@context\":\"https:\/\/schema.org\",\"@graph\":[{\"@type\":\"WebPage\",\"@id\":\"https:\/\/www.instantcredit.net\/en\/best-practice\/\",\"url\":\"https:\/\/www.instantcredit.net\/en\/best-practice\/\",\"name\":\"Instant Credit: Best practices to increase e-commerce sales\",\"isPartOf\":{\"@id\":\"https:\/\/www.instantcredit.net\/#website\"},\"primaryImageOfPage\":{\"@id\":\"https:\/\/www.instantcredit.net\/en\/best-practice\/#primaryimage\"},\"image\":{\"@id\":\"https:\/\/www.instantcredit.net\/en\/best-practice\/#primaryimage\"},\"thumbnailUrl\":\"https:\/\/www.instantcredit.net\/wp-content\/uploads\/doc_icon_best_practices.png\",\"datePublished\":\"2018-04-26T09:33:08+00:00\",\"dateModified\":\"2020-10-14T14:30:09+00:00\",\"description\":\"In this section you will find all the essential marketing actions to get the most out of payment in instalments and increase e-commerce sales.\",\"breadcrumb\":{\"@id\":\"https:\/\/www.instantcredit.net\/en\/best-practice\/#breadcrumb\"},\"inLanguage\":\"en-US\",\"potentialAction\":[{\"@type\":\"ReadAction\",\"target\":[\"https:\/\/www.instantcredit.net\/en\/best-practice\/\"]}]},{\"@type\":\"ImageObject\",\"inLanguage\":\"en-US\",\"@id\":\"https:\/\/www.instantcredit.net\/en\/best-practice\/#primaryimage\",\"url\":\"https:\/\/www.instantcredit.net\/wp-content\/uploads\/doc_icon_best_practices.png\",\"contentUrl\":\"https:\/\/www.instantcredit.net\/wp-content\/uploads\/doc_icon_best_practices.png\"},{\"@type\":\"BreadcrumbList\",\"@id\":\"https:\/\/www.instantcredit.net\/en\/best-practice\/#breadcrumb\",\"itemListElement\":[{\"@type\":\"ListItem\",\"position\":1,\"name\":\"Portada\",\"item\":\"https:\/\/www.instantcredit.net\/instant-credit-el-pago-a-plazos-digital-de-sabadell-consumer-finance-2\/\"},{\"@type\":\"ListItem\",\"position\":2,\"name\":\"Best practice\"}]},{\"@type\":\"WebSite\",\"@id\":\"https:\/\/www.instantcredit.net\/#website\",\"url\":\"https:\/\/www.instantcredit.net\/\",\"name\":\"instantcredit.net\",\"description\":\"La forma m\u00e1s r\u00e1pida y f\u00e1cil de financiar tus compras online.\",\"publisher\":{\"@id\":\"https:\/\/www.instantcredit.net\/#organization\"},\"potentialAction\":[{\"@type\":\"SearchAction\",\"target\":{\"@type\":\"EntryPoint\",\"urlTemplate\":\"https:\/\/www.instantcredit.net\/?s={search_term_string}\"},\"query-input\":{\"@type\":\"PropertyValueSpecification\",\"valueRequired\":true,\"valueName\":\"search_term_string\"}}],\"inLanguage\":\"en-US\"},{\"@type\":\"Organization\",\"@id\":\"https:\/\/www.instantcredit.net\/#organization\",\"name\":\"Instat credit\",\"url\":\"https:\/\/www.instantcredit.net\/\",\"logo\":{\"@type\":\"ImageObject\",\"inLanguage\":\"en-US\",\"@id\":\"https:\/\/www.instantcredit.net\/#\/schema\/logo\/image\/\",\"url\":\"https:\/\/www.instantcredit.net\/wp-content\/uploads\/logo_ic.png\",\"contentUrl\":\"https:\/\/www.instantcredit.net\/wp-content\/uploads\/logo_ic.png\",\"width\":638,\"height\":228,\"caption\":\"Instat credit\"},\"image\":{\"@id\":\"https:\/\/www.instantcredit.net\/#\/schema\/logo\/image\/\"},\"sameAs\":[\"https:\/\/www.linkedin.com\/company\/10596269\/\"]}]}<\/script>\n<!-- \/ Yoast SEO plugin. -->","yoast_head_json":{"title":"Instant Credit: Best practices to increase e-commerce sales","description":"In this section you will find all the essential marketing actions to get the most out of payment in instalments and increase e-commerce sales.","robots":{"index":"index","follow":"follow","max-snippet":"max-snippet:-1","max-image-preview":"max-image-preview:large","max-video-preview":"max-video-preview:-1"},"canonical":"https:\/\/www.instantcredit.net\/en\/best-practice\/","og_locale":"en_US","og_type":"article","og_title":"Instant Credit: Best practices to increase e-commerce sales","og_description":"In this section you will find all the essential marketing actions to get the most out of payment in instalments and increase e-commerce sales.","og_url":"https:\/\/www.instantcredit.net\/en\/best-practice\/","og_site_name":"instantcredit.net","article_modified_time":"2020-10-14T14:30:09+00:00","og_image":[{"url":"https:\/\/www.instantcredit.net\/wp-content\/uploads\/doc_icon_best_practices.png"}],"twitter_card":"summary_large_image","twitter_misc":{"Est. reading time":"1 minute"},"schema":{"@context":"https:\/\/schema.org","@graph":[{"@type":"WebPage","@id":"https:\/\/www.instantcredit.net\/en\/best-practice\/","url":"https:\/\/www.instantcredit.net\/en\/best-practice\/","name":"Instant Credit: Best practices to increase e-commerce sales","isPartOf":{"@id":"https:\/\/www.instantcredit.net\/#website"},"primaryImageOfPage":{"@id":"https:\/\/www.instantcredit.net\/en\/best-practice\/#primaryimage"},"image":{"@id":"https:\/\/www.instantcredit.net\/en\/best-practice\/#primaryimage"},"thumbnailUrl":"https:\/\/www.instantcredit.net\/wp-content\/uploads\/doc_icon_best_practices.png","datePublished":"2018-04-26T09:33:08+00:00","dateModified":"2020-10-14T14:30:09+00:00","description":"In this section you will find all the essential marketing actions to get the most out of payment in instalments and increase e-commerce sales.","breadcrumb":{"@id":"https:\/\/www.instantcredit.net\/en\/best-practice\/#breadcrumb"},"inLanguage":"en-US","potentialAction":[{"@type":"ReadAction","target":["https:\/\/www.instantcredit.net\/en\/best-practice\/"]}]},{"@type":"ImageObject","inLanguage":"en-US","@id":"https:\/\/www.instantcredit.net\/en\/best-practice\/#primaryimage","url":"https:\/\/www.instantcredit.net\/wp-content\/uploads\/doc_icon_best_practices.png","contentUrl":"https:\/\/www.instantcredit.net\/wp-content\/uploads\/doc_icon_best_practices.png"},{"@type":"BreadcrumbList","@id":"https:\/\/www.instantcredit.net\/en\/best-practice\/#breadcrumb","itemListElement":[{"@type":"ListItem","position":1,"name":"Portada","item":"https:\/\/www.instantcredit.net\/instant-credit-el-pago-a-plazos-digital-de-sabadell-consumer-finance-2\/"},{"@type":"ListItem","position":2,"name":"Best practice"}]},{"@type":"WebSite","@id":"https:\/\/www.instantcredit.net\/#website","url":"https:\/\/www.instantcredit.net\/","name":"instantcredit.net","description":"La forma m\u00e1s r\u00e1pida y f\u00e1cil de financiar tus compras online.","publisher":{"@id":"https:\/\/www.instantcredit.net\/#organization"},"potentialAction":[{"@type":"SearchAction","target":{"@type":"EntryPoint","urlTemplate":"https:\/\/www.instantcredit.net\/?s={search_term_string}"},"query-input":{"@type":"PropertyValueSpecification","valueRequired":true,"valueName":"search_term_string"}}],"inLanguage":"en-US"},{"@type":"Organization","@id":"https:\/\/www.instantcredit.net\/#organization","name":"Instat credit","url":"https:\/\/www.instantcredit.net\/","logo":{"@type":"ImageObject","inLanguage":"en-US","@id":"https:\/\/www.instantcredit.net\/#\/schema\/logo\/image\/","url":"https:\/\/www.instantcredit.net\/wp-content\/uploads\/logo_ic.png","contentUrl":"https:\/\/www.instantcredit.net\/wp-content\/uploads\/logo_ic.png","width":638,"height":228,"caption":"Instat credit"},"image":{"@id":"https:\/\/www.instantcredit.net\/#\/schema\/logo\/image\/"},"sameAs":["https:\/\/www.linkedin.com\/company\/10596269\/"]}]}},"_links":{"self":[{"href":"https:\/\/www.instantcredit.net\/en\/wp-json\/wp\/v2\/pages\/6040\/"}],"collection":[{"href":"https:\/\/www.instantcredit.net\/en\/wp-json\/wp\/v2\/pages\/"}],"about":[{"href":"https:\/\/www.instantcredit.net\/en\/wp-json\/wp\/v2\/types\/page\/"}],"author":[{"embeddable":true,"href":"https:\/\/www.instantcredit.net\/en\/wp-json\/wp\/v2\/users\/7\/"}],"replies":[{"embeddable":true,"href":"https:\/\/www.instantcredit.net\/en\/wp-json\/wp\/v2\/comments\/?post=6040"}],"version-history":[{"count":6,"href":"https:\/\/www.instantcredit.net\/en\/wp-json\/wp\/v2\/pages\/6040\/revisions\/"}],"predecessor-version":[{"id":8247,"href":"https:\/\/www.instantcredit.net\/en\/wp-json\/wp\/v2\/pages\/6040\/revisions\/8247\/"}],"wp:attachment":[{"href":"https:\/\/www.instantcredit.net\/en\/wp-json\/wp\/v2\/media\/?parent=6040"}],"curies":[{"name":"wp","href":"https:\/\/api.w.org\/{rel}","templated":true}]}}