{"id":6161,"date":"2018-10-03T08:55:42","date_gmt":"2018-10-03T06:55:42","guid":{"rendered":"http:\/\/www.instantcredit.net\/inicio_documentacion\/"},"modified":"2020-10-14T16:28:33","modified_gmt":"2020-10-14T14:28:33","slug":"inicio_documentacion","status":"publish","type":"page","link":"https:\/\/www.instantcredit.net\/en\/inicio_documentacion\/","title":{"rendered":"Documentation"},"content":{"rendered":"<div class=\"dsktp_content private_content\">\n<div class=\"ic_row\">\n<div class=\"ic_row_center\">\n<div class=\"container_content tecnical\">\n<div class=\"title\">\n<h2>Technical documentation<\/h2>\n<\/div>\n<div class=\"description\">\n<p>Documentation for the integration of Instant Credit in your ecommerce store.<\/p>\n<\/div>\n<div class=\"action_info action_info_active\">content<\/div>\n<div class=\"content\">\n<ul>\n<li><a href=\"\/en\/documentacion\/api\/\">API<\/a>\n<ul>\n<li><a href=\"\/en\/documentacion\/api\/#introduccion\">Introduction<\/a><\/li>\n<li><a href=\"\/en\/documentacion\/api\/#signature\">Signature<\/a><\/li>\n<li><a href=\"\/en\/documentacion\/api\/#access_token_request\">Access token request<\/a><\/li>\n<li><a href=\"\/en\/documentacion\/api\/#credit-request\">Credit\/request<\/a><\/li>\n<li><a href=\"\/en\/documentacion\/api\/#refund-request\">Refund\/request<\/a><\/li>\n<li><a href=\"\/en\/documentacion\/api\/#credit-confirmation\">Credit\/confirmation<\/a><\/li>\n<li><a href=\"\/en\/documentacion\/api\/#refund-confirmation\">Refund\/confirmation<\/a><\/li>\n<\/ul>\n<\/li>\n<li><a href=\"\/en\/documentacion\/modules\/\">Modules<\/a>\n<ul>\n<li><a href=\"\/en\/documentacion\/modules\/#magento\">Magento<\/a><\/li>\n<li><a href=\"\/en\/documentacion\/modules\/#prestashop\">Prestashop<\/a><\/li>\n<\/ul>\n<\/li>\n<li><a href=\"\/en\/documentacion\/payment-simulator\/\">Payment simulator<\/a>\n<ul>\n<li><a href=\"\/en\/documentacion\/payment-simulator\/#instrucciones_de_integracion\">Integration instructions<\/a><\/li>\n<li><a href=\"\/en\/documentacion\/payment-simulator\/#diseno_del_simulador\">Simulator design<\/a><\/li>\n<li><a href=\"\/en\/documentacion\/payment-simulator\/#donde_integrarlo\">Where to integrate it<\/a><\/li>\n<\/ul>\n<\/li>\n<\/ul>\n<\/div>\n<\/div>\n<div class=\"container_content marketing\">\n<div class=\"title\">\n<h2>Marketing<\/h2>\n<\/div>\n<div class=\"description\">\n<p>Content and creativity for the promotion of payment in instalments in your store.<\/p>\n<\/div>\n<div class=\"action_info action_info_active\">content<\/div>\n<div class=\"content\">\n<ul>\n<li><a href=\"\/en\/documentacion\/integration-online-commerce\/\">Integration in your ecommerce<\/a>\n<ul>\n<li><a href=\"\/en\/documentacion\/integration-online-commerce\/#identidad\">Identity<\/a><\/li>\n<li><a href=\"\/en\/documentacion\/integration-online-commerce\/#banners\">Banners<\/a><\/li>\n<li><a href=\"\/en\/documentacion\/integration-online-commerce\/#simulador_de_cuotas\">Payment simulator<\/a><\/li>\n<li><a href=\"\/en\/documentacion\/integration-online-commerce\/#descripcion_del_metodo_de_pago\">Payment method description<\/a><\/li>\n<li><a href=\"\/en\/documentacion\/integration-online-commerce\/#checkouts_recomendados\">Recommended checkouts<\/a><\/li>\n<\/ul>\n<\/li>\n<li><a href=\"\/en\/documentacion\/marketing-actions\/\">Marketing actions<\/a>\n<ul>\n<li><a href=\"\/en\/documentacion\/marketing-actions\/#emails_newsletter\">Emails &amp; Newsletter<\/a><\/li>\n<li><a href=\"\/en\/documentacion\/marketing-actions\/#recuperacion_de_carrito\">Cart recovery<\/a><\/li>\n<li><a href=\"\/en\/documentacion\/marketing-actions\/#tarjetas_denegadas_error_190\">Denied cards (error 190)<\/a><\/li>\n<li><a href=\"\/en\/documentacion\/marketing-actions\/#redes_sociales\">Social networks<\/a><\/li>\n<li><a href=\"\/en\/documentacion\/marketing-actions\/#whatsapp\">Whatsapp<\/a><\/li>\n<li><a href=\"\/en\/documentacion\/marketing-actions\/#sms\">SMS<\/a><\/li>\n<li><a href=\"\/en\/documentacion\/marketing-actions\/#adwords\">Adwords<\/a><\/li>\n<li><a href=\"\/en\/documentacion\/marketing-actions\/#contenido_comunicaciones\">Content for your communications<\/a><\/li>\n<\/ul>\n<\/li>\n<li><a href=\"\/en\/documentacion\/communication-physical-stores\/\">Communication for physical stores<\/a>\n<ul>\n<li><a href=\"\/en\/documentacion\/communication-physical-stores\/#display\">Display<\/a><\/li>\n<li><a href=\"\/en\/documentacion\/communication-physical-stores\/#pegatina\">Sticker<\/a><\/li>\n<li><a href=\"\/en\/documentacion\/communication-physical-stores\/#poster\">P\u00f3ster<\/a><\/li>\n<li><a href=\"\/en\/documentacion\/communication-physical-stores\/#catalogo\">Catalogue<\/a><\/li>\n<\/ul>\n<\/li>\n<li><a href=\"\/en\/documentacion\/interest-free-campaigns\/\">Interest free campaigns<\/a>\n<ul>\n<li><a href=\"\/en\/documentacion\/interest-free-campaigns\/#campanas_0tae\">Campaigns interest free 0% APR<\/a><\/li>\n<li><a href=\"\/en\/documentacion\/interest-free-campaigns\/#campanas_0tin\">Campaigns interest free 0% NIR<\/a><\/li>\n<li><a href=\"\/en\/documentacion\/interest-free-campaigns\/#otras_campanas\">Other campaigns<\/a><\/li>\n<li><a href=\"\/en\/documentacion\/interest-free-campaigns\/#como_activar_una_campana\">How to activate a campaign<\/a><\/li>\n<li><a href=\"\/en\/documentacion\/interest-free-campaigns\/#banner_para_tus_campanas\">Banners for your campaigns<\/a><\/li>\n<\/ul>\n<\/li>\n<p><!--\n \t\n\n<li><a href=\"\/en\/best-practice\/\">Best practice<\/a><\/li>\n\n\n--><\/ul>\n<\/div>\n<\/div>\n<p><!--\n\n\n<div class=\"container_content backoffice\">\n\n\n<div class=\"title\">\n\n\n<h2>Backoffice<\/h2>\n\n\n<\/div>\n\n\n\n\n<div class=\"description\">\n\nInformation for using our back office.<\/div>\n\n\n\n\n<div class=\"action_info action_info_active\">content<\/div>\n\n\n\n\n<div class=\"content\">\n\n\n<ul>\n \t\n\n<li><a href=\"\/en\/documentacion\/manual-backoffice\/\">Manual backoffice<\/a>\n\n\n<ul>\n \t\n\n<li><a href=\"\/en\/documentacion\/manual-backoffice\/#guia_comercio\">Guide for the merchant<\/a><\/li>\n\n\n<\/ul>\n\n\n<\/li>\n\n\n \t\n\n<li><a href=\"\/en\/documentacion\/offline-credit-request\/\">Offline credit request<\/a>\n\n\n<ul>\n \t\n\n<li><a href=\"\/en\/documentacion\/offline-credit-request\/#tienda_fisica_call_center\">Physical store\/Call center<\/a><\/li>\n\n\n \t\n\n<li><a href=\"\/en\/documentacion\/offline-credit-request\/#agencia_de_viajes\">Travel agency<\/a><\/li>\n\n\n<\/ul>\n\n\n<\/li>\n\n\n<\/ul>\n\n\n<\/div>\n\n\n<\/div>\n\n\n--><\/p>\n<\/div>\n<\/div>\n<\/div>\n","protected":false},"excerpt":{"rendered":"<p>Technical documentation Documentation for the integration of Instant Credit in your ecommerce store. content API Introduction Signature Access token request Credit\/request Refund\/request Credit\/confirmation Refund\/confirmation Modules Magento Prestashop Payment simulator Integration instructions Simulator design Where to integrate it Marketing Content and creativity for the promotion of payment in instalments in your store. content Integration in your [&hellip;]<\/p>\n","protected":false},"author":7,"featured_media":0,"parent":0,"menu_order":0,"comment_status":"closed","ping_status":"closed","template":"templates\/template_inicio_documentation.php","meta":{"_acf_changed":false,"footnotes":""},"class_list":["post-6161","page","type-page","status-publish","hentry"],"acf":[],"yoast_head":"<!-- This site is optimized with the Yoast SEO plugin v23.4 - https:\/\/yoast.com\/wordpress\/plugins\/seo\/ -->\n<title>Instant Credit: Merchant&#039;s documentation<\/title>\n<meta name=\"description\" content=\"Technical documentation, content and creativities for the promotion of Instant Credit&#039;s secure, digital and omnichannel payment in instalments platform\" \/>\n<meta name=\"robots\" content=\"index, follow, max-snippet:-1, max-image-preview:large, max-video-preview:-1\" \/>\n<link rel=\"canonical\" href=\"https:\/\/www.instantcredit.net\/en\/inicio_documentacion\/\" \/>\n<meta property=\"og:locale\" content=\"en_US\" \/>\n<meta property=\"og:type\" content=\"article\" \/>\n<meta property=\"og:title\" content=\"Instant Credit: Merchant&#039;s documentation\" \/>\n<meta property=\"og:description\" content=\"Technical documentation, content and creativities for the promotion of Instant Credit&#039;s secure, digital and omnichannel payment in instalments platform\" \/>\n<meta property=\"og:url\" content=\"https:\/\/www.instantcredit.net\/en\/inicio_documentacion\/\" \/>\n<meta property=\"og:site_name\" content=\"instantcredit.net\" \/>\n<meta property=\"article:modified_time\" content=\"2020-10-14T14:28:33+00:00\" \/>\n<meta property=\"og:image\" content=\"https:\/\/www.instantcredit.net\/wp-content\/uploads\/Financiacion_online_de_compras_en_Ecommerce___Instant_Credit.jpg\" \/>\n\t<meta property=\"og:image:width\" content=\"1200\" \/>\n\t<meta property=\"og:image:height\" content=\"600\" \/>\n\t<meta property=\"og:image:type\" content=\"image\/jpeg\" \/>\n<meta name=\"twitter:card\" content=\"summary_large_image\" \/>\n<meta name=\"twitter:label1\" content=\"Est. reading time\" \/>\n\t<meta name=\"twitter:data1\" content=\"1 minute\" \/>\n<script type=\"application\/ld+json\" class=\"yoast-schema-graph\">{\"@context\":\"https:\/\/schema.org\",\"@graph\":[{\"@type\":\"WebPage\",\"@id\":\"https:\/\/www.instantcredit.net\/en\/inicio_documentacion\/\",\"url\":\"https:\/\/www.instantcredit.net\/en\/inicio_documentacion\/\",\"name\":\"Instant Credit: Merchant's documentation\",\"isPartOf\":{\"@id\":\"https:\/\/www.instantcredit.net\/#website\"},\"datePublished\":\"2018-10-03T06:55:42+00:00\",\"dateModified\":\"2020-10-14T14:28:33+00:00\",\"description\":\"Technical documentation, content and creativities for the promotion of Instant Credit's secure, digital and omnichannel payment in instalments platform\",\"breadcrumb\":{\"@id\":\"https:\/\/www.instantcredit.net\/en\/inicio_documentacion\/#breadcrumb\"},\"inLanguage\":\"en-US\",\"potentialAction\":[{\"@type\":\"ReadAction\",\"target\":[\"https:\/\/www.instantcredit.net\/en\/inicio_documentacion\/\"]}]},{\"@type\":\"BreadcrumbList\",\"@id\":\"https:\/\/www.instantcredit.net\/en\/inicio_documentacion\/#breadcrumb\",\"itemListElement\":[{\"@type\":\"ListItem\",\"position\":1,\"name\":\"Portada\",\"item\":\"https:\/\/www.instantcredit.net\/instant-credit-el-pago-a-plazos-digital-de-sabadell-consumer-finance-2\/\"},{\"@type\":\"ListItem\",\"position\":2,\"name\":\"Documentation\"}]},{\"@type\":\"WebSite\",\"@id\":\"https:\/\/www.instantcredit.net\/#website\",\"url\":\"https:\/\/www.instantcredit.net\/\",\"name\":\"instantcredit.net\",\"description\":\"La forma m\u00e1s r\u00e1pida y f\u00e1cil de financiar tus compras online.\",\"publisher\":{\"@id\":\"https:\/\/www.instantcredit.net\/#organization\"},\"potentialAction\":[{\"@type\":\"SearchAction\",\"target\":{\"@type\":\"EntryPoint\",\"urlTemplate\":\"https:\/\/www.instantcredit.net\/?s={search_term_string}\"},\"query-input\":{\"@type\":\"PropertyValueSpecification\",\"valueRequired\":true,\"valueName\":\"search_term_string\"}}],\"inLanguage\":\"en-US\"},{\"@type\":\"Organization\",\"@id\":\"https:\/\/www.instantcredit.net\/#organization\",\"name\":\"Instat credit\",\"url\":\"https:\/\/www.instantcredit.net\/\",\"logo\":{\"@type\":\"ImageObject\",\"inLanguage\":\"en-US\",\"@id\":\"https:\/\/www.instantcredit.net\/#\/schema\/logo\/image\/\",\"url\":\"https:\/\/www.instantcredit.net\/wp-content\/uploads\/logo_ic.png\",\"contentUrl\":\"https:\/\/www.instantcredit.net\/wp-content\/uploads\/logo_ic.png\",\"width\":638,\"height\":228,\"caption\":\"Instat credit\"},\"image\":{\"@id\":\"https:\/\/www.instantcredit.net\/#\/schema\/logo\/image\/\"},\"sameAs\":[\"https:\/\/www.linkedin.com\/company\/10596269\/\"]}]}<\/script>\n<!-- \/ Yoast SEO plugin. -->","yoast_head_json":{"title":"Instant Credit: Merchant's documentation","description":"Technical documentation, content and creativities for the promotion of Instant Credit's secure, digital and omnichannel payment in instalments platform","robots":{"index":"index","follow":"follow","max-snippet":"max-snippet:-1","max-image-preview":"max-image-preview:large","max-video-preview":"max-video-preview:-1"},"canonical":"https:\/\/www.instantcredit.net\/en\/inicio_documentacion\/","og_locale":"en_US","og_type":"article","og_title":"Instant Credit: Merchant's documentation","og_description":"Technical documentation, content and creativities for the promotion of Instant Credit's secure, digital and omnichannel payment in instalments platform","og_url":"https:\/\/www.instantcredit.net\/en\/inicio_documentacion\/","og_site_name":"instantcredit.net","article_modified_time":"2020-10-14T14:28:33+00:00","og_image":[{"width":1200,"height":600,"url":"https:\/\/www.instantcredit.net\/wp-content\/uploads\/Financiacion_online_de_compras_en_Ecommerce___Instant_Credit.jpg","type":"image\/jpeg"}],"twitter_card":"summary_large_image","twitter_misc":{"Est. reading time":"1 minute"},"schema":{"@context":"https:\/\/schema.org","@graph":[{"@type":"WebPage","@id":"https:\/\/www.instantcredit.net\/en\/inicio_documentacion\/","url":"https:\/\/www.instantcredit.net\/en\/inicio_documentacion\/","name":"Instant Credit: Merchant's documentation","isPartOf":{"@id":"https:\/\/www.instantcredit.net\/#website"},"datePublished":"2018-10-03T06:55:42+00:00","dateModified":"2020-10-14T14:28:33+00:00","description":"Technical documentation, content and creativities for the promotion of Instant Credit's secure, digital and omnichannel payment in instalments platform","breadcrumb":{"@id":"https:\/\/www.instantcredit.net\/en\/inicio_documentacion\/#breadcrumb"},"inLanguage":"en-US","potentialAction":[{"@type":"ReadAction","target":["https:\/\/www.instantcredit.net\/en\/inicio_documentacion\/"]}]},{"@type":"BreadcrumbList","@id":"https:\/\/www.instantcredit.net\/en\/inicio_documentacion\/#breadcrumb","itemListElement":[{"@type":"ListItem","position":1,"name":"Portada","item":"https:\/\/www.instantcredit.net\/instant-credit-el-pago-a-plazos-digital-de-sabadell-consumer-finance-2\/"},{"@type":"ListItem","position":2,"name":"Documentation"}]},{"@type":"WebSite","@id":"https:\/\/www.instantcredit.net\/#website","url":"https:\/\/www.instantcredit.net\/","name":"instantcredit.net","description":"La forma m\u00e1s r\u00e1pida y f\u00e1cil de financiar tus compras online.","publisher":{"@id":"https:\/\/www.instantcredit.net\/#organization"},"potentialAction":[{"@type":"SearchAction","target":{"@type":"EntryPoint","urlTemplate":"https:\/\/www.instantcredit.net\/?s={search_term_string}"},"query-input":{"@type":"PropertyValueSpecification","valueRequired":true,"valueName":"search_term_string"}}],"inLanguage":"en-US"},{"@type":"Organization","@id":"https:\/\/www.instantcredit.net\/#organization","name":"Instat credit","url":"https:\/\/www.instantcredit.net\/","logo":{"@type":"ImageObject","inLanguage":"en-US","@id":"https:\/\/www.instantcredit.net\/#\/schema\/logo\/image\/","url":"https:\/\/www.instantcredit.net\/wp-content\/uploads\/logo_ic.png","contentUrl":"https:\/\/www.instantcredit.net\/wp-content\/uploads\/logo_ic.png","width":638,"height":228,"caption":"Instat credit"},"image":{"@id":"https:\/\/www.instantcredit.net\/#\/schema\/logo\/image\/"},"sameAs":["https:\/\/www.linkedin.com\/company\/10596269\/"]}]}},"_links":{"self":[{"href":"https:\/\/www.instantcredit.net\/en\/wp-json\/wp\/v2\/pages\/6161\/"}],"collection":[{"href":"https:\/\/www.instantcredit.net\/en\/wp-json\/wp\/v2\/pages\/"}],"about":[{"href":"https:\/\/www.instantcredit.net\/en\/wp-json\/wp\/v2\/types\/page\/"}],"author":[{"embeddable":true,"href":"https:\/\/www.instantcredit.net\/en\/wp-json\/wp\/v2\/users\/7\/"}],"replies":[{"embeddable":true,"href":"https:\/\/www.instantcredit.net\/en\/wp-json\/wp\/v2\/comments\/?post=6161"}],"version-history":[{"count":5,"href":"https:\/\/www.instantcredit.net\/en\/wp-json\/wp\/v2\/pages\/6161\/revisions\/"}],"predecessor-version":[{"id":7273,"href":"https:\/\/www.instantcredit.net\/en\/wp-json\/wp\/v2\/pages\/6161\/revisions\/7273\/"}],"wp:attachment":[{"href":"https:\/\/www.instantcredit.net\/en\/wp-json\/wp\/v2\/media\/?parent=6161"}],"curies":[{"name":"wp","href":"https:\/\/api.w.org\/{rel}","templated":true}]}}