{"id":6170,"date":"2018-10-04T12:53:51","date_gmt":"2018-10-04T10:53:51","guid":{"rendered":"http:\/\/www.instantcredit.net\/?page_id=6170"},"modified":"2020-10-14T16:48:01","modified_gmt":"2020-10-14T14:48:01","slug":"credentials-request","status":"publish","type":"page","link":"https:\/\/www.instantcredit.net\/en\/credentials-request\/","title":{"rendered":"Credentials request"},"content":{"rendered":"<div class=\"ic_row\">\n<div class=\"ic_row_center\">\n<div class=\"ic_item_1col ic_col_l\"><a class=\"return_doc\" href=\"\/en\/inicio_documentacion\/\">Return to documentation<\/a><\/p>\n<h1 style=\"color: #007cbf;\">Contact form<\/h1>\n<p>Contact our team and in the subject of the message indicate the kind of help you need: <strong>technical consultation, request for credentials or request for marketing content.<\/strong> We will get in touch with you as soon as possible.<\/p>\n\n<div class=\"wpcf7 no-js\" id=\"wpcf7-f6169-o1\" lang=\"es-ES\" dir=\"ltr\">\n<div class=\"screen-reader-response\"><p role=\"status\" aria-live=\"polite\" aria-atomic=\"true\"><\/p> <ul><\/ul><\/div>\n<form action=\"\/en\/wp-json\/wp\/v2\/pages\/6170\/#wpcf7-f6169-o1\" method=\"post\" class=\"wpcf7-form init\" aria-label=\"Formulario de contacto\" novalidate=\"novalidate\" data-status=\"init\">\n<div style=\"display: none;\">\n<input type=\"hidden\" name=\"_wpcf7\" value=\"6169\" \/>\n<input type=\"hidden\" name=\"_wpcf7_version\" value=\"5.9.8\" \/>\n<input type=\"hidden\" name=\"_wpcf7_locale\" value=\"es_ES\" \/>\n<input type=\"hidden\" name=\"_wpcf7_unit_tag\" value=\"wpcf7-f6169-o1\" \/>\n<input type=\"hidden\" name=\"_wpcf7_container_post\" value=\"0\" \/>\n<input type=\"hidden\" name=\"_wpcf7_posted_data_hash\" value=\"\" \/>\n<input type=\"hidden\" name=\"_wpcf7_recaptcha_response\" value=\"\" \/>\n<\/div>\n<p><span class=\"wpcf7-form-control-wrap\" data-name=\"nombrecompleto\"><input size=\"40\" maxlength=\"400\" class=\"wpcf7-form-control wpcf7-text wpcf7-validates-as-required\" aria-required=\"true\" aria-invalid=\"false\" placeholder=\"Name and surname*\" value=\"\" type=\"text\" name=\"nombrecompleto\" \/><\/span><br \/>\n<span class=\"wpcf7-form-control-wrap\" data-name=\"nombrecomercio\"><input size=\"40\" maxlength=\"400\" class=\"wpcf7-form-control wpcf7-text wpcf7-validates-as-required\" aria-required=\"true\" aria-invalid=\"false\" placeholder=\"Merchant name*\" value=\"\" type=\"text\" name=\"nombrecomercio\" \/><\/span><br \/>\n<span class=\"wpcf7-form-control-wrap\" data-name=\"email\"><input size=\"40\" maxlength=\"400\" class=\"wpcf7-form-control wpcf7-email wpcf7-validates-as-required wpcf7-text wpcf7-validates-as-email\" aria-required=\"true\" aria-invalid=\"false\" placeholder=\"Email*\" value=\"\" type=\"email\" name=\"email\" \/><\/span>\n<\/p>\n<p>Subject*<br \/>\n<span class=\"wpcf7-form-control-wrap\" data-name=\"asunto\"><select class=\"wpcf7-form-control wpcf7-select wpcf7-validates-as-required\" id=\"asunto_credenciales\" aria-required=\"true\" aria-invalid=\"false\" name=\"asunto\"><option value=\"\">&#8212;Por favor, elige una opci\u00f3n&#8212;<\/option><option value=\"Technical consultation\">Technical consultation<\/option><option value=\"Credentials\">Credentials<\/option><option value=\"Marketing content\">Marketing content<\/option><\/select><\/span>\n<\/p>\n<p><span class=\"wpcf7-form-control-wrap\" data-name=\"Comentarios\"><textarea cols=\"40\" rows=\"10\" maxlength=\"2000\" class=\"wpcf7-form-control wpcf7-textarea\" aria-invalid=\"false\" placeholder=\"Comments\" name=\"Comentarios\"><\/textarea><\/span>\n<\/p>\n\n<p><input class=\"wpcf7-form-control wpcf7-submit has-spinner\" type=\"submit\" value=\"Send\" \/>\n<\/p><div class=\"wpcf7-response-output\" aria-hidden=\"true\"><\/div>\n<\/form>\n<\/div>\n\n<\/div>\n<\/div>\n<\/div>\n","protected":false},"excerpt":{"rendered":"<p>Return to documentation Contact form Contact our team and in the subject of the message indicate the kind of help you need: technical consultation, request for credentials or request for marketing content. We will get in touch with you as soon as possible.<\/p>\n","protected":false},"author":7,"featured_media":0,"parent":0,"menu_order":0,"comment_status":"closed","ping_status":"closed","template":"templates\/template_documentation_public.php","meta":{"_acf_changed":false,"footnotes":""},"class_list":["post-6170","page","type-page","status-publish","hentry"],"acf":[],"yoast_head":"<!-- This site is optimized with the Yoast SEO plugin v23.4 - https:\/\/yoast.com\/wordpress\/plugins\/seo\/ -->\n<title>Instant Credit: Merchant&#039;s documentation credentials request<\/title>\n<meta name=\"description\" content=\"Contact Instant Credit&#039;s team for more information regarding technical issues, request for credentials or request for marketing contents.\" \/>\n<meta name=\"robots\" content=\"index, follow, max-snippet:-1, max-image-preview:large, max-video-preview:-1\" \/>\n<link rel=\"canonical\" href=\"https:\/\/www.instantcredit.net\/en\/credentials-request\/\" \/>\n<meta property=\"og:locale\" content=\"en_US\" \/>\n<meta property=\"og:type\" content=\"article\" \/>\n<meta property=\"og:title\" content=\"Instant Credit: Merchant&#039;s documentation credentials request\" \/>\n<meta property=\"og:description\" content=\"Contact Instant Credit&#039;s team for more information regarding technical issues, request for credentials or request for marketing contents.\" \/>\n<meta property=\"og:url\" content=\"https:\/\/www.instantcredit.net\/en\/credentials-request\/\" \/>\n<meta property=\"og:site_name\" content=\"instantcredit.net\" \/>\n<meta property=\"article:modified_time\" content=\"2020-10-14T14:48:01+00:00\" \/>\n<meta property=\"og:image\" content=\"https:\/\/www.instantcredit.net\/wp-content\/uploads\/Financiacion_online_de_compras_en_Ecommerce___Instant_Credit.jpg\" \/>\n\t<meta property=\"og:image:width\" content=\"1200\" \/>\n\t<meta property=\"og:image:height\" content=\"600\" \/>\n\t<meta property=\"og:image:type\" content=\"image\/jpeg\" \/>\n<meta name=\"twitter:card\" content=\"summary_large_image\" \/>\n<script type=\"application\/ld+json\" class=\"yoast-schema-graph\">{\"@context\":\"https:\/\/schema.org\",\"@graph\":[{\"@type\":\"WebPage\",\"@id\":\"https:\/\/www.instantcredit.net\/en\/credentials-request\/\",\"url\":\"https:\/\/www.instantcredit.net\/en\/credentials-request\/\",\"name\":\"Instant Credit: Merchant's documentation credentials request\",\"isPartOf\":{\"@id\":\"https:\/\/www.instantcredit.net\/#website\"},\"datePublished\":\"2018-10-04T10:53:51+00:00\",\"dateModified\":\"2020-10-14T14:48:01+00:00\",\"description\":\"Contact Instant Credit's team for more information regarding technical issues, request for credentials or request for marketing contents.\",\"breadcrumb\":{\"@id\":\"https:\/\/www.instantcredit.net\/en\/credentials-request\/#breadcrumb\"},\"inLanguage\":\"en-US\",\"potentialAction\":[{\"@type\":\"ReadAction\",\"target\":[\"https:\/\/www.instantcredit.net\/en\/credentials-request\/\"]}]},{\"@type\":\"BreadcrumbList\",\"@id\":\"https:\/\/www.instantcredit.net\/en\/credentials-request\/#breadcrumb\",\"itemListElement\":[{\"@type\":\"ListItem\",\"position\":1,\"name\":\"Portada\",\"item\":\"https:\/\/www.instantcredit.net\/instant-credit-el-pago-a-plazos-digital-de-sabadell-consumer-finance-2\/\"},{\"@type\":\"ListItem\",\"position\":2,\"name\":\"Credentials request\"}]},{\"@type\":\"WebSite\",\"@id\":\"https:\/\/www.instantcredit.net\/#website\",\"url\":\"https:\/\/www.instantcredit.net\/\",\"name\":\"instantcredit.net\",\"description\":\"La forma m\u00e1s r\u00e1pida y f\u00e1cil de financiar tus compras online.\",\"publisher\":{\"@id\":\"https:\/\/www.instantcredit.net\/#organization\"},\"potentialAction\":[{\"@type\":\"SearchAction\",\"target\":{\"@type\":\"EntryPoint\",\"urlTemplate\":\"https:\/\/www.instantcredit.net\/?s={search_term_string}\"},\"query-input\":{\"@type\":\"PropertyValueSpecification\",\"valueRequired\":true,\"valueName\":\"search_term_string\"}}],\"inLanguage\":\"en-US\"},{\"@type\":\"Organization\",\"@id\":\"https:\/\/www.instantcredit.net\/#organization\",\"name\":\"Instat credit\",\"url\":\"https:\/\/www.instantcredit.net\/\",\"logo\":{\"@type\":\"ImageObject\",\"inLanguage\":\"en-US\",\"@id\":\"https:\/\/www.instantcredit.net\/#\/schema\/logo\/image\/\",\"url\":\"https:\/\/www.instantcredit.net\/wp-content\/uploads\/logo_ic.png\",\"contentUrl\":\"https:\/\/www.instantcredit.net\/wp-content\/uploads\/logo_ic.png\",\"width\":638,\"height\":228,\"caption\":\"Instat credit\"},\"image\":{\"@id\":\"https:\/\/www.instantcredit.net\/#\/schema\/logo\/image\/\"},\"sameAs\":[\"https:\/\/www.linkedin.com\/company\/10596269\/\"]}]}<\/script>\n<!-- \/ Yoast SEO plugin. -->","yoast_head_json":{"title":"Instant Credit: Merchant's documentation credentials request","description":"Contact Instant Credit's team for more information regarding technical issues, request for credentials or request for marketing contents.","robots":{"index":"index","follow":"follow","max-snippet":"max-snippet:-1","max-image-preview":"max-image-preview:large","max-video-preview":"max-video-preview:-1"},"canonical":"https:\/\/www.instantcredit.net\/en\/credentials-request\/","og_locale":"en_US","og_type":"article","og_title":"Instant Credit: Merchant's documentation credentials request","og_description":"Contact Instant Credit's team for more information regarding technical issues, request for credentials or request for marketing contents.","og_url":"https:\/\/www.instantcredit.net\/en\/credentials-request\/","og_site_name":"instantcredit.net","article_modified_time":"2020-10-14T14:48:01+00:00","og_image":[{"width":1200,"height":600,"url":"https:\/\/www.instantcredit.net\/wp-content\/uploads\/Financiacion_online_de_compras_en_Ecommerce___Instant_Credit.jpg","type":"image\/jpeg"}],"twitter_card":"summary_large_image","schema":{"@context":"https:\/\/schema.org","@graph":[{"@type":"WebPage","@id":"https:\/\/www.instantcredit.net\/en\/credentials-request\/","url":"https:\/\/www.instantcredit.net\/en\/credentials-request\/","name":"Instant Credit: Merchant's documentation credentials request","isPartOf":{"@id":"https:\/\/www.instantcredit.net\/#website"},"datePublished":"2018-10-04T10:53:51+00:00","dateModified":"2020-10-14T14:48:01+00:00","description":"Contact Instant Credit's team for more information regarding technical issues, request for credentials or request for marketing contents.","breadcrumb":{"@id":"https:\/\/www.instantcredit.net\/en\/credentials-request\/#breadcrumb"},"inLanguage":"en-US","potentialAction":[{"@type":"ReadAction","target":["https:\/\/www.instantcredit.net\/en\/credentials-request\/"]}]},{"@type":"BreadcrumbList","@id":"https:\/\/www.instantcredit.net\/en\/credentials-request\/#breadcrumb","itemListElement":[{"@type":"ListItem","position":1,"name":"Portada","item":"https:\/\/www.instantcredit.net\/instant-credit-el-pago-a-plazos-digital-de-sabadell-consumer-finance-2\/"},{"@type":"ListItem","position":2,"name":"Credentials request"}]},{"@type":"WebSite","@id":"https:\/\/www.instantcredit.net\/#website","url":"https:\/\/www.instantcredit.net\/","name":"instantcredit.net","description":"La forma m\u00e1s r\u00e1pida y f\u00e1cil de financiar tus compras online.","publisher":{"@id":"https:\/\/www.instantcredit.net\/#organization"},"potentialAction":[{"@type":"SearchAction","target":{"@type":"EntryPoint","urlTemplate":"https:\/\/www.instantcredit.net\/?s={search_term_string}"},"query-input":{"@type":"PropertyValueSpecification","valueRequired":true,"valueName":"search_term_string"}}],"inLanguage":"en-US"},{"@type":"Organization","@id":"https:\/\/www.instantcredit.net\/#organization","name":"Instat credit","url":"https:\/\/www.instantcredit.net\/","logo":{"@type":"ImageObject","inLanguage":"en-US","@id":"https:\/\/www.instantcredit.net\/#\/schema\/logo\/image\/","url":"https:\/\/www.instantcredit.net\/wp-content\/uploads\/logo_ic.png","contentUrl":"https:\/\/www.instantcredit.net\/wp-content\/uploads\/logo_ic.png","width":638,"height":228,"caption":"Instat credit"},"image":{"@id":"https:\/\/www.instantcredit.net\/#\/schema\/logo\/image\/"},"sameAs":["https:\/\/www.linkedin.com\/company\/10596269\/"]}]}},"_links":{"self":[{"href":"https:\/\/www.instantcredit.net\/en\/wp-json\/wp\/v2\/pages\/6170\/"}],"collection":[{"href":"https:\/\/www.instantcredit.net\/en\/wp-json\/wp\/v2\/pages\/"}],"about":[{"href":"https:\/\/www.instantcredit.net\/en\/wp-json\/wp\/v2\/types\/page\/"}],"author":[{"embeddable":true,"href":"https:\/\/www.instantcredit.net\/en\/wp-json\/wp\/v2\/users\/7\/"}],"replies":[{"embeddable":true,"href":"https:\/\/www.instantcredit.net\/en\/wp-json\/wp\/v2\/comments\/?post=6170"}],"version-history":[{"count":2,"href":"https:\/\/www.instantcredit.net\/en\/wp-json\/wp\/v2\/pages\/6170\/revisions\/"}],"predecessor-version":[{"id":7265,"href":"https:\/\/www.instantcredit.net\/en\/wp-json\/wp\/v2\/pages\/6170\/revisions\/7265\/"}],"wp:attachment":[{"href":"https:\/\/www.instantcredit.net\/en\/wp-json\/wp\/v2\/media\/?parent=6170"}],"curies":[{"name":"wp","href":"https:\/\/api.w.org\/{rel}","templated":true}]}}