{"id":6721,"date":"2019-01-18T09:41:56","date_gmt":"2019-01-18T08:41:56","guid":{"rendered":"http:\/\/www.instantcredit.net\/?page_id=6721"},"modified":"2021-04-27T13:57:23","modified_gmt":"2021-04-27T11:57:23","slug":"data-handling-of-companies-and-their-representatives","status":"publish","type":"page","link":"https:\/\/www.instantcredit.net\/en\/data-handling-of-companies-and-their-representatives\/","title":{"rendered":"Data handling of companies and their representatives"},"content":{"rendered":"<div class=\"ic_row ic_legal_text\">\n<div class=\"ic_row_center\">\n<div class=\"ic_item_1col ic_col_l\">\n<div class=\"title_header\">\n<h1><span style=\"color: #007cbf;\">Data processing of legal representatives and individual entrepreneurs<\/span><\/h1>\n<\/div>\n<p>LSP FINANCE, S.L.U, with registered office in calle Sena n\u00ba 12 (pol\u00edgono industrial Can Sant Joan), 08174, Sant Cugat del Vall\u00e9s, and CIF number B-66.681.602, informs you that the information you provide through this form as a legal representative or individual entrepreneur, will be added to a file owned by LSP FINANCE, S.L.U, based on a legitimate interest to process the necessary data for a profesional identification and localization and, if applicable, to maintain any relationship with the entity in which you are working.<\/p>\n<p>LSP FINANCE, S.L.U shall not transfer your data to any third party unless it is legally obliged to do so.<\/p>\n<p>LSP FINANCE, S.L.U shall retain the data you provide until the time that you request that it be deleted from our file and, in any event, so long as contractual relationship is maintained with LSP FINANCE, S.L.U<\/p>\n<p>The sender of the data provided in this form guarantees that the information provided is true, accurate, complete and up-to-date, and is responsible for any direct or indirect loss or damage that could be caused to LSP FINANCE, S.L.U as a consequence of the breach of this obligation.<\/p>\n<p>Please be informed that you are able to exercise your rights of access, rectification, erasure, limitation of processing, opposition and the portability of the data provided in this form, by directly contacting LSP FINANCE, S.L.U, at Avenida Diagonal, n\u00ba 407, 4\u00ba 1\u00ba , 08008, Barcelona, or by email request to <a class=\"Xx\" dir=\"ltr\" tabindex=\"-1\" href=\"mailto:gdpr@instantcredit.net\" target=\"_blank\" rel=\"nofollow noreferrer noopener\" data-display=\"gdpr@instantcredit.net\" data-sanitized=\"mailto:gdpr@instantcredit.net\">gdpr@instantcredit.net<\/a>.<\/p>\n<p>You can obtain further information about the Privacy Policy of LSP FINANCE, S.L.U at <a style=\"color: #007cbf; text-decoration: underline;\" href=\"https:\/\/www.instantcredit.net\/en\/privacy-policies\/\">https:\/\/www.instantcredit.net\/en\/privacy-policies\/<\/a>.<\/p>\n<\/div>\n<\/div>\n<\/div>\n","protected":false},"excerpt":{"rendered":"<p>Data processing of legal representatives and individual entrepreneurs LSP FINANCE, S.L.U, with registered office in calle Sena n\u00ba 12 (pol\u00edgono industrial Can Sant Joan), 08174, Sant Cugat del Vall\u00e9s, and CIF number B-66.681.602, informs you that the information you provide through this form as a legal representative or individual entrepreneur, will be added to a [&hellip;]<\/p>\n","protected":false},"author":9,"featured_media":0,"parent":0,"menu_order":0,"comment_status":"closed","ping_status":"closed","template":"","meta":{"_acf_changed":false,"footnotes":""},"class_list":["post-6721","page","type-page","status-publish","hentry"],"acf":[],"yoast_head":"<!-- This site is optimized with the Yoast SEO plugin v23.4 - https:\/\/yoast.com\/wordpress\/plugins\/seo\/ -->\n<title>Instant Credit: Data handling of companies and their representatives<\/title>\n<meta name=\"description\" content=\"Instant Credits data processing of legal representatives and individual entrepreneurs.\" \/>\n<meta name=\"robots\" content=\"index, nofollow, max-snippet:-1, max-image-preview:large, max-video-preview:-1\" \/>\n<link rel=\"canonical\" href=\"https:\/\/www.instantcredit.net\/en\/data-handling-of-companies-and-their-representatives\/\" \/>\n<meta property=\"og:locale\" content=\"en_US\" \/>\n<meta property=\"og:type\" content=\"article\" \/>\n<meta property=\"og:title\" content=\"Instant Credit: Data handling of companies and their representatives\" \/>\n<meta property=\"og:description\" content=\"Instant Credits data processing of legal representatives and individual entrepreneurs.\" \/>\n<meta property=\"og:url\" content=\"https:\/\/www.instantcredit.net\/en\/data-handling-of-companies-and-their-representatives\/\" \/>\n<meta property=\"og:site_name\" content=\"instantcredit.net\" \/>\n<meta property=\"article:modified_time\" content=\"2021-04-27T11:57:23+00:00\" \/>\n<meta property=\"og:image\" content=\"https:\/\/www.instantcredit.net\/wp-content\/uploads\/Financiacion_online_de_compras_en_Ecommerce___Instant_Credit.jpg\" \/>\n\t<meta property=\"og:image:width\" content=\"1200\" \/>\n\t<meta property=\"og:image:height\" content=\"600\" \/>\n\t<meta property=\"og:image:type\" content=\"image\/jpeg\" \/>\n<meta name=\"twitter:card\" content=\"summary_large_image\" \/>\n<meta name=\"twitter:label1\" content=\"Est. reading time\" \/>\n\t<meta name=\"twitter:data1\" content=\"1 minute\" \/>\n<script type=\"application\/ld+json\" class=\"yoast-schema-graph\">{\"@context\":\"https:\/\/schema.org\",\"@graph\":[{\"@type\":\"WebPage\",\"@id\":\"https:\/\/www.instantcredit.net\/en\/data-handling-of-companies-and-their-representatives\/\",\"url\":\"https:\/\/www.instantcredit.net\/en\/data-handling-of-companies-and-their-representatives\/\",\"name\":\"Instant Credit: Data handling of companies and their representatives\",\"isPartOf\":{\"@id\":\"https:\/\/www.instantcredit.net\/#website\"},\"datePublished\":\"2019-01-18T08:41:56+00:00\",\"dateModified\":\"2021-04-27T11:57:23+00:00\",\"description\":\"Instant Credits data processing of legal representatives and individual entrepreneurs.\",\"breadcrumb\":{\"@id\":\"https:\/\/www.instantcredit.net\/en\/data-handling-of-companies-and-their-representatives\/#breadcrumb\"},\"inLanguage\":\"en-US\",\"potentialAction\":[{\"@type\":\"ReadAction\",\"target\":[\"https:\/\/www.instantcredit.net\/en\/data-handling-of-companies-and-their-representatives\/\"]}]},{\"@type\":\"BreadcrumbList\",\"@id\":\"https:\/\/www.instantcredit.net\/en\/data-handling-of-companies-and-their-representatives\/#breadcrumb\",\"itemListElement\":[{\"@type\":\"ListItem\",\"position\":1,\"name\":\"Portada\",\"item\":\"https:\/\/www.instantcredit.net\/instant-credit-el-pago-a-plazos-digital-de-sabadell-consumer-finance-2\/\"},{\"@type\":\"ListItem\",\"position\":2,\"name\":\"Data handling of companies and their representatives\"}]},{\"@type\":\"WebSite\",\"@id\":\"https:\/\/www.instantcredit.net\/#website\",\"url\":\"https:\/\/www.instantcredit.net\/\",\"name\":\"instantcredit.net\",\"description\":\"La forma m\u00e1s r\u00e1pida y f\u00e1cil de financiar tus compras online.\",\"publisher\":{\"@id\":\"https:\/\/www.instantcredit.net\/#organization\"},\"potentialAction\":[{\"@type\":\"SearchAction\",\"target\":{\"@type\":\"EntryPoint\",\"urlTemplate\":\"https:\/\/www.instantcredit.net\/?s={search_term_string}\"},\"query-input\":{\"@type\":\"PropertyValueSpecification\",\"valueRequired\":true,\"valueName\":\"search_term_string\"}}],\"inLanguage\":\"en-US\"},{\"@type\":\"Organization\",\"@id\":\"https:\/\/www.instantcredit.net\/#organization\",\"name\":\"Instat credit\",\"url\":\"https:\/\/www.instantcredit.net\/\",\"logo\":{\"@type\":\"ImageObject\",\"inLanguage\":\"en-US\",\"@id\":\"https:\/\/www.instantcredit.net\/#\/schema\/logo\/image\/\",\"url\":\"https:\/\/www.instantcredit.net\/wp-content\/uploads\/logo_ic.png\",\"contentUrl\":\"https:\/\/www.instantcredit.net\/wp-content\/uploads\/logo_ic.png\",\"width\":638,\"height\":228,\"caption\":\"Instat credit\"},\"image\":{\"@id\":\"https:\/\/www.instantcredit.net\/#\/schema\/logo\/image\/\"},\"sameAs\":[\"https:\/\/www.linkedin.com\/company\/10596269\/\"]}]}<\/script>\n<!-- \/ Yoast SEO plugin. -->","yoast_head_json":{"title":"Instant Credit: Data handling of companies and their representatives","description":"Instant Credits data processing of legal representatives and individual entrepreneurs.","robots":{"index":"index","follow":"nofollow","max-snippet":"max-snippet:-1","max-image-preview":"max-image-preview:large","max-video-preview":"max-video-preview:-1"},"canonical":"https:\/\/www.instantcredit.net\/en\/data-handling-of-companies-and-their-representatives\/","og_locale":"en_US","og_type":"article","og_title":"Instant Credit: Data handling of companies and their representatives","og_description":"Instant Credits data processing of legal representatives and individual entrepreneurs.","og_url":"https:\/\/www.instantcredit.net\/en\/data-handling-of-companies-and-their-representatives\/","og_site_name":"instantcredit.net","article_modified_time":"2021-04-27T11:57:23+00:00","og_image":[{"width":1200,"height":600,"url":"https:\/\/www.instantcredit.net\/wp-content\/uploads\/Financiacion_online_de_compras_en_Ecommerce___Instant_Credit.jpg","type":"image\/jpeg"}],"twitter_card":"summary_large_image","twitter_misc":{"Est. reading time":"1 minute"},"schema":{"@context":"https:\/\/schema.org","@graph":[{"@type":"WebPage","@id":"https:\/\/www.instantcredit.net\/en\/data-handling-of-companies-and-their-representatives\/","url":"https:\/\/www.instantcredit.net\/en\/data-handling-of-companies-and-their-representatives\/","name":"Instant Credit: Data handling of companies and their representatives","isPartOf":{"@id":"https:\/\/www.instantcredit.net\/#website"},"datePublished":"2019-01-18T08:41:56+00:00","dateModified":"2021-04-27T11:57:23+00:00","description":"Instant Credits data processing of legal representatives and individual entrepreneurs.","breadcrumb":{"@id":"https:\/\/www.instantcredit.net\/en\/data-handling-of-companies-and-their-representatives\/#breadcrumb"},"inLanguage":"en-US","potentialAction":[{"@type":"ReadAction","target":["https:\/\/www.instantcredit.net\/en\/data-handling-of-companies-and-their-representatives\/"]}]},{"@type":"BreadcrumbList","@id":"https:\/\/www.instantcredit.net\/en\/data-handling-of-companies-and-their-representatives\/#breadcrumb","itemListElement":[{"@type":"ListItem","position":1,"name":"Portada","item":"https:\/\/www.instantcredit.net\/instant-credit-el-pago-a-plazos-digital-de-sabadell-consumer-finance-2\/"},{"@type":"ListItem","position":2,"name":"Data handling of companies and their representatives"}]},{"@type":"WebSite","@id":"https:\/\/www.instantcredit.net\/#website","url":"https:\/\/www.instantcredit.net\/","name":"instantcredit.net","description":"La forma m\u00e1s r\u00e1pida y f\u00e1cil de financiar tus compras online.","publisher":{"@id":"https:\/\/www.instantcredit.net\/#organization"},"potentialAction":[{"@type":"SearchAction","target":{"@type":"EntryPoint","urlTemplate":"https:\/\/www.instantcredit.net\/?s={search_term_string}"},"query-input":{"@type":"PropertyValueSpecification","valueRequired":true,"valueName":"search_term_string"}}],"inLanguage":"en-US"},{"@type":"Organization","@id":"https:\/\/www.instantcredit.net\/#organization","name":"Instat credit","url":"https:\/\/www.instantcredit.net\/","logo":{"@type":"ImageObject","inLanguage":"en-US","@id":"https:\/\/www.instantcredit.net\/#\/schema\/logo\/image\/","url":"https:\/\/www.instantcredit.net\/wp-content\/uploads\/logo_ic.png","contentUrl":"https:\/\/www.instantcredit.net\/wp-content\/uploads\/logo_ic.png","width":638,"height":228,"caption":"Instat credit"},"image":{"@id":"https:\/\/www.instantcredit.net\/#\/schema\/logo\/image\/"},"sameAs":["https:\/\/www.linkedin.com\/company\/10596269\/"]}]}},"_links":{"self":[{"href":"https:\/\/www.instantcredit.net\/en\/wp-json\/wp\/v2\/pages\/6721\/"}],"collection":[{"href":"https:\/\/www.instantcredit.net\/en\/wp-json\/wp\/v2\/pages\/"}],"about":[{"href":"https:\/\/www.instantcredit.net\/en\/wp-json\/wp\/v2\/types\/page\/"}],"author":[{"embeddable":true,"href":"https:\/\/www.instantcredit.net\/en\/wp-json\/wp\/v2\/users\/9\/"}],"replies":[{"embeddable":true,"href":"https:\/\/www.instantcredit.net\/en\/wp-json\/wp\/v2\/comments\/?post=6721"}],"version-history":[{"count":10,"href":"https:\/\/www.instantcredit.net\/en\/wp-json\/wp\/v2\/pages\/6721\/revisions\/"}],"predecessor-version":[{"id":8864,"href":"https:\/\/www.instantcredit.net\/en\/wp-json\/wp\/v2\/pages\/6721\/revisions\/8864\/"}],"wp:attachment":[{"href":"https:\/\/www.instantcredit.net\/en\/wp-json\/wp\/v2\/media\/?parent=6721"}],"curies":[{"name":"wp","href":"https:\/\/api.w.org\/{rel}","templated":true}]}}