{"id":6738,"date":"2019-01-24T09:01:25","date_gmt":"2019-01-24T08:01:25","guid":{"rendered":"http:\/\/www.instantcredit.net\/?page_id=6738"},"modified":"2021-04-28T11:05:44","modified_gmt":"2021-04-28T09:05:44","slug":"merchant-contact","status":"publish","type":"page","link":"https:\/\/www.instantcredit.net\/en\/merchant-contact\/","title":{"rendered":"merchant contact"},"content":{"rendered":"<div class=\"ic_header_page ic_head_contacto\">\n<div class=\"ic_text_header_page\">\n<div class=\"title_header\">\n<h1>How can we help you?<\/h1>\n<\/div>\n<div class=\"subtitle_header\">\n<h2>Contact us if you are interested in offering a payment method by instalments or if you have any other request you think we can be of help with<\/h2>\n<\/div>\n<\/div>\n<\/div>\n<div class=\"ic_row row_contat_forms_content\">\n<div class=\"ic_row_center\">\n<div class=\"ic_item_2col\">\n<div class=\"title_section\">Contact types<\/div>\n<div class=\"ic_contact_type_content\"><a class=\"btn_action btn_action_active\" href=\"\/en\/merchant-contact\/\">Merchant<\/a><br \/>\n<a class=\"btn_action\" href=\"\/en\/buyer-contact\/\">Buyer<\/a><\/div>\n<\/div>\n<div class=\"ic_item_2col\">\n<div class=\"wpcf7 no-js\" id=\"wpcf7-f6739-o1\" lang=\"es-ES\" dir=\"ltr\">\n<div class=\"screen-reader-response\"><p role=\"status\" aria-live=\"polite\" aria-atomic=\"true\"><\/p> <ul><\/ul><\/div>\n<form action=\"\/en\/wp-json\/wp\/v2\/pages\/6738\/#wpcf7-f6739-o1\" method=\"post\" class=\"wpcf7-form init\" aria-label=\"Formulario de contacto\" novalidate=\"novalidate\" data-status=\"init\">\n<div style=\"display: none;\">\n<input type=\"hidden\" name=\"_wpcf7\" value=\"6739\" \/>\n<input type=\"hidden\" name=\"_wpcf7_version\" value=\"5.9.8\" \/>\n<input type=\"hidden\" name=\"_wpcf7_locale\" value=\"es_ES\" \/>\n<input type=\"hidden\" name=\"_wpcf7_unit_tag\" value=\"wpcf7-f6739-o1\" \/>\n<input type=\"hidden\" name=\"_wpcf7_container_post\" value=\"0\" \/>\n<input type=\"hidden\" name=\"_wpcf7_posted_data_hash\" value=\"\" \/>\n<input type=\"hidden\" name=\"_wpcf7_recaptcha_response\" value=\"\" \/>\n<\/div>\n<p><strong>If you are a merchant,<\/strong> fill out this form and we will be in touch as soon as possible\n<\/p>\n<hr \/>\n<p><span class=\"wpcf7-form-control-wrap\" data-name=\"NAME\"><input size=\"40\" maxlength=\"400\" class=\"wpcf7-form-control wpcf7-text wpcf7-validates-as-required\" aria-required=\"true\" aria-invalid=\"false\" placeholder=\"Name*\" value=\"\" type=\"text\" name=\"NAME\" \/><\/span><br \/>\n<span class=\"wpcf7-form-control-wrap\" data-name=\"email\"><input size=\"40\" maxlength=\"400\" class=\"wpcf7-form-control wpcf7-email wpcf7-validates-as-required wpcf7-text wpcf7-validates-as-email email_validation\" id=\"email\" aria-required=\"true\" aria-invalid=\"false\" placeholder=\"Email*\" value=\"\" type=\"email\" name=\"email\" \/><\/span><br \/>\n<span class=\"wpcf7-form-control-wrap\" data-name=\"mobile\"><input size=\"40\" maxlength=\"400\" class=\"wpcf7-form-control wpcf7-tel wpcf7-validates-as-required wpcf7-text wpcf7-validates-as-tel email_validator\" aria-required=\"true\" aria-invalid=\"false\" placeholder=\"Mobile number*\" value=\"\" type=\"tel\" name=\"mobile\" \/><\/span><br \/>\n<span class=\"wpcf7-form-control-wrap\" data-name=\"merchant_name\"><input size=\"40\" maxlength=\"400\" class=\"wpcf7-form-control wpcf7-text wpcf7-validates-as-required email_validator\" aria-required=\"true\" aria-invalid=\"false\" placeholder=\"Merchant URL*\" value=\"\" type=\"text\" name=\"merchant_name\" \/><\/span><br \/>\n<span class=\"wpcf7-form-control-wrap\" data-name=\"amount\"><input size=\"40\" maxlength=\"400\" class=\"wpcf7-form-control wpcf7-text wpcf7-validates-as-required\" id=\"facturation_form\" aria-required=\"true\" aria-invalid=\"false\" placeholder=\"Annual online turnover*\" value=\"\" type=\"text\" name=\"amount\" \/><\/span><br \/>\n<span class=\"note_amount\">Annual online turnover required: \u20ac500.000 or more<\/span><br \/>\n<span class=\"wpcf7-form-control-wrap\" data-name=\"comment\"><textarea cols=\"40\" rows=\"10\" maxlength=\"2000\" class=\"wpcf7-form-control wpcf7-textarea\" aria-invalid=\"false\" placeholder=\"Comments\" name=\"comment\"><\/textarea><\/span>\n<\/p>\n<p><span class=\"wpcf7-form-control-wrap\" data-name=\"autosuscription\"><span class=\"wpcf7-form-control wpcf7-checkbox wpcf7-validates-as-required\" id=\"terms_contact_en\"><span class=\"wpcf7-list-item first last\"><input type=\"checkbox\" name=\"autosuscription[]\" value=\"Quiero recibir comunicaciones comerciales relacionadas con el sector financiero.\" \/><span class=\"wpcf7-list-item-label\">Quiero recibir comunicaciones comerciales relacionadas con el sector financiero.<\/span><\/span><\/span><\/span><br \/>\n<input class=\"wpcf7-form-control wpcf7-hidden noemails\" value=\"NO\" type=\"hidden\" name=\"license_email\" \/>\n<\/p>\n\n<p><input class=\"wpcf7-form-control wpcf7-submit has-spinner\" type=\"submit\" value=\"Send\" \/>\n<\/p><div class=\"wpcf7-response-output\" aria-hidden=\"true\"><\/div>\n<\/form>\n<\/div>\n<\/div>\n<\/div>\n<\/div>\n<div class=\"ic_row ic_item_contant\" style=\"padding-top: 50px; padding-bottom: 50px;\">\n<div class=\"ic_row_center\">\n<div class=\"ic_item_1col  ic_col_l\">\n<div class=\"title_section\" style=\"text-align: center; font-size: 35px;\">Contact<\/div>\n<\/div>\n<div class=\"ic_item_2col\">\n<div class=\"subtitle_section\" style=\"font-size: 23px;\"><strong>Phone number<\/strong><\/div>\n<p style=\"font-size: 23px; color: #000;\"><span style=\"color: #000000;\"><a style=\"color: #000000; font-size: 18px;\" href=\"tel:901-101-387\">901 101 387<\/a><\/span><\/p>\n<\/div>\n<div class=\"ic_item_2col\">\n<div style=\"font-size: 23px;\"><strong>Email<\/strong><\/div>\n<p style=\"font-size: 18px;\"><strong>Merchants:<\/strong> <a href=\"mailto:sales@instantcredit.net\">sales@instantcredit.net<\/a><\/p>\n<p style=\"font-size: 18px;\"><strong>Buyers:<\/strong> <a href=\"mailto:info@instantcredit.net\">info@instantcredit.net<\/a><\/p>\n<\/div>\n<\/div>\n<\/div>\n","protected":false},"excerpt":{"rendered":"<p>How can we help you? Contact us if you are interested in offering a payment method by instalments or if you have any other request you think we can be of help with Contact types Merchant Buyer Contact Phone number 901 101 387 Email Merchants: sales@instantcredit.net Buyers: info@instantcredit.net<\/p>\n","protected":false},"author":7,"featured_media":0,"parent":0,"menu_order":0,"comment_status":"closed","ping_status":"closed","template":"","meta":{"_acf_changed":false,"footnotes":""},"class_list":["post-6738","page","type-page","status-publish","hentry"],"acf":[],"yoast_head":"<!-- This site is optimized with the Yoast SEO plugin v23.4 - https:\/\/yoast.com\/wordpress\/plugins\/seo\/ -->\n<title>Instant Credit: Merchant&#039;s contact form<\/title>\n<meta name=\"description\" content=\"Instant Credit, payment in instalments provider for ecommerce and POS. Become a partner and boost your sales. For more information: sales@instantcredit.net.\" \/>\n<meta name=\"robots\" content=\"index, follow, max-snippet:-1, max-image-preview:large, max-video-preview:-1\" \/>\n<link rel=\"canonical\" href=\"https:\/\/www.instantcredit.net\/en\/merchant-contact\/\" \/>\n<meta property=\"og:locale\" content=\"en_US\" \/>\n<meta property=\"og:type\" content=\"article\" \/>\n<meta property=\"og:title\" content=\"Instant Credit: Merchant&#039;s contact form\" \/>\n<meta property=\"og:description\" content=\"Instant Credit, payment in instalments provider for ecommerce and POS. Become a partner and boost your sales. For more information: sales@instantcredit.net.\" \/>\n<meta property=\"og:url\" content=\"https:\/\/www.instantcredit.net\/en\/merchant-contact\/\" \/>\n<meta property=\"og:site_name\" content=\"instantcredit.net\" \/>\n<meta property=\"article:modified_time\" content=\"2021-04-28T09:05:44+00:00\" \/>\n<meta property=\"og:image\" content=\"https:\/\/www.instantcredit.net\/wp-content\/uploads\/Financiacion_online_de_compras_en_Ecommerce___Instant_Credit.jpg\" \/>\n\t<meta property=\"og:image:width\" content=\"1200\" \/>\n\t<meta property=\"og:image:height\" content=\"600\" \/>\n\t<meta property=\"og:image:type\" content=\"image\/jpeg\" \/>\n<meta name=\"twitter:card\" content=\"summary_large_image\" \/>\n<script type=\"application\/ld+json\" class=\"yoast-schema-graph\">{\"@context\":\"https:\/\/schema.org\",\"@graph\":[{\"@type\":\"WebPage\",\"@id\":\"https:\/\/www.instantcredit.net\/en\/merchant-contact\/\",\"url\":\"https:\/\/www.instantcredit.net\/en\/merchant-contact\/\",\"name\":\"Instant Credit: Merchant's contact form\",\"isPartOf\":{\"@id\":\"https:\/\/www.instantcredit.net\/#website\"},\"datePublished\":\"2019-01-24T08:01:25+00:00\",\"dateModified\":\"2021-04-28T09:05:44+00:00\",\"description\":\"Instant Credit, payment in instalments provider for ecommerce and POS. Become a partner and boost your sales. For more information: sales@instantcredit.net.\",\"breadcrumb\":{\"@id\":\"https:\/\/www.instantcredit.net\/en\/merchant-contact\/#breadcrumb\"},\"inLanguage\":\"en-US\",\"potentialAction\":[{\"@type\":\"ReadAction\",\"target\":[\"https:\/\/www.instantcredit.net\/en\/merchant-contact\/\"]}]},{\"@type\":\"BreadcrumbList\",\"@id\":\"https:\/\/www.instantcredit.net\/en\/merchant-contact\/#breadcrumb\",\"itemListElement\":[{\"@type\":\"ListItem\",\"position\":1,\"name\":\"Portada\",\"item\":\"https:\/\/www.instantcredit.net\/instant-credit-el-pago-a-plazos-digital-de-sabadell-consumer-finance-2\/\"},{\"@type\":\"ListItem\",\"position\":2,\"name\":\"merchant contact\"}]},{\"@type\":\"WebSite\",\"@id\":\"https:\/\/www.instantcredit.net\/#website\",\"url\":\"https:\/\/www.instantcredit.net\/\",\"name\":\"instantcredit.net\",\"description\":\"La forma m\u00e1s r\u00e1pida y f\u00e1cil de financiar tus compras online.\",\"publisher\":{\"@id\":\"https:\/\/www.instantcredit.net\/#organization\"},\"potentialAction\":[{\"@type\":\"SearchAction\",\"target\":{\"@type\":\"EntryPoint\",\"urlTemplate\":\"https:\/\/www.instantcredit.net\/?s={search_term_string}\"},\"query-input\":{\"@type\":\"PropertyValueSpecification\",\"valueRequired\":true,\"valueName\":\"search_term_string\"}}],\"inLanguage\":\"en-US\"},{\"@type\":\"Organization\",\"@id\":\"https:\/\/www.instantcredit.net\/#organization\",\"name\":\"Instat credit\",\"url\":\"https:\/\/www.instantcredit.net\/\",\"logo\":{\"@type\":\"ImageObject\",\"inLanguage\":\"en-US\",\"@id\":\"https:\/\/www.instantcredit.net\/#\/schema\/logo\/image\/\",\"url\":\"https:\/\/www.instantcredit.net\/wp-content\/uploads\/logo_ic.png\",\"contentUrl\":\"https:\/\/www.instantcredit.net\/wp-content\/uploads\/logo_ic.png\",\"width\":638,\"height\":228,\"caption\":\"Instat credit\"},\"image\":{\"@id\":\"https:\/\/www.instantcredit.net\/#\/schema\/logo\/image\/\"},\"sameAs\":[\"https:\/\/www.linkedin.com\/company\/10596269\/\"]}]}<\/script>\n<!-- \/ Yoast SEO plugin. -->","yoast_head_json":{"title":"Instant Credit: Merchant's contact form","description":"Instant Credit, payment in instalments provider for ecommerce and POS. Become a partner and boost your sales. For more information: sales@instantcredit.net.","robots":{"index":"index","follow":"follow","max-snippet":"max-snippet:-1","max-image-preview":"max-image-preview:large","max-video-preview":"max-video-preview:-1"},"canonical":"https:\/\/www.instantcredit.net\/en\/merchant-contact\/","og_locale":"en_US","og_type":"article","og_title":"Instant Credit: Merchant's contact form","og_description":"Instant Credit, payment in instalments provider for ecommerce and POS. Become a partner and boost your sales. For more information: sales@instantcredit.net.","og_url":"https:\/\/www.instantcredit.net\/en\/merchant-contact\/","og_site_name":"instantcredit.net","article_modified_time":"2021-04-28T09:05:44+00:00","og_image":[{"width":1200,"height":600,"url":"https:\/\/www.instantcredit.net\/wp-content\/uploads\/Financiacion_online_de_compras_en_Ecommerce___Instant_Credit.jpg","type":"image\/jpeg"}],"twitter_card":"summary_large_image","schema":{"@context":"https:\/\/schema.org","@graph":[{"@type":"WebPage","@id":"https:\/\/www.instantcredit.net\/en\/merchant-contact\/","url":"https:\/\/www.instantcredit.net\/en\/merchant-contact\/","name":"Instant Credit: Merchant's contact form","isPartOf":{"@id":"https:\/\/www.instantcredit.net\/#website"},"datePublished":"2019-01-24T08:01:25+00:00","dateModified":"2021-04-28T09:05:44+00:00","description":"Instant Credit, payment in instalments provider for ecommerce and POS. Become a partner and boost your sales. For more information: sales@instantcredit.net.","breadcrumb":{"@id":"https:\/\/www.instantcredit.net\/en\/merchant-contact\/#breadcrumb"},"inLanguage":"en-US","potentialAction":[{"@type":"ReadAction","target":["https:\/\/www.instantcredit.net\/en\/merchant-contact\/"]}]},{"@type":"BreadcrumbList","@id":"https:\/\/www.instantcredit.net\/en\/merchant-contact\/#breadcrumb","itemListElement":[{"@type":"ListItem","position":1,"name":"Portada","item":"https:\/\/www.instantcredit.net\/instant-credit-el-pago-a-plazos-digital-de-sabadell-consumer-finance-2\/"},{"@type":"ListItem","position":2,"name":"merchant contact"}]},{"@type":"WebSite","@id":"https:\/\/www.instantcredit.net\/#website","url":"https:\/\/www.instantcredit.net\/","name":"instantcredit.net","description":"La forma m\u00e1s r\u00e1pida y f\u00e1cil de financiar tus compras online.","publisher":{"@id":"https:\/\/www.instantcredit.net\/#organization"},"potentialAction":[{"@type":"SearchAction","target":{"@type":"EntryPoint","urlTemplate":"https:\/\/www.instantcredit.net\/?s={search_term_string}"},"query-input":{"@type":"PropertyValueSpecification","valueRequired":true,"valueName":"search_term_string"}}],"inLanguage":"en-US"},{"@type":"Organization","@id":"https:\/\/www.instantcredit.net\/#organization","name":"Instat credit","url":"https:\/\/www.instantcredit.net\/","logo":{"@type":"ImageObject","inLanguage":"en-US","@id":"https:\/\/www.instantcredit.net\/#\/schema\/logo\/image\/","url":"https:\/\/www.instantcredit.net\/wp-content\/uploads\/logo_ic.png","contentUrl":"https:\/\/www.instantcredit.net\/wp-content\/uploads\/logo_ic.png","width":638,"height":228,"caption":"Instat credit"},"image":{"@id":"https:\/\/www.instantcredit.net\/#\/schema\/logo\/image\/"},"sameAs":["https:\/\/www.linkedin.com\/company\/10596269\/"]}]}},"_links":{"self":[{"href":"https:\/\/www.instantcredit.net\/en\/wp-json\/wp\/v2\/pages\/6738\/"}],"collection":[{"href":"https:\/\/www.instantcredit.net\/en\/wp-json\/wp\/v2\/pages\/"}],"about":[{"href":"https:\/\/www.instantcredit.net\/en\/wp-json\/wp\/v2\/types\/page\/"}],"author":[{"embeddable":true,"href":"https:\/\/www.instantcredit.net\/en\/wp-json\/wp\/v2\/users\/7\/"}],"replies":[{"embeddable":true,"href":"https:\/\/www.instantcredit.net\/en\/wp-json\/wp\/v2\/comments\/?post=6738"}],"version-history":[{"count":10,"href":"https:\/\/www.instantcredit.net\/en\/wp-json\/wp\/v2\/pages\/6738\/revisions\/"}],"predecessor-version":[{"id":8892,"href":"https:\/\/www.instantcredit.net\/en\/wp-json\/wp\/v2\/pages\/6738\/revisions\/8892\/"}],"wp:attachment":[{"href":"https:\/\/www.instantcredit.net\/en\/wp-json\/wp\/v2\/media\/?parent=6738"}],"curies":[{"name":"wp","href":"https:\/\/api.w.org\/{rel}","templated":true}]}}