{"id":6754,"date":"2019-01-24T09:48:55","date_gmt":"2019-01-24T08:48:55","guid":{"rendered":"http:\/\/www.instantcredit.net\/?page_id=6754"},"modified":"2020-10-14T16:40:02","modified_gmt":"2020-10-14T14:40:02","slug":"media-contact","status":"publish","type":"page","link":"https:\/\/www.instantcredit.net\/en\/media-contact\/","title":{"rendered":"Media contact"},"content":{"rendered":"<div class=\"ic_header_page ic_head_contacto\">\n<div class=\"ic_text_header_page\">\n<div class=\"title_header\">\n<h1>How can we help you?<\/h1>\n<\/div>\n<div class=\"subtitle_header\">\n<h2>Contact us if you are interested in offering a payment method by instalments or if you have any other request you think we can be of help with<\/h2>\n<\/div>\n<\/div>\n<\/div>\n<div class=\"ic_row row_contat_forms_content\">\n<div class=\"ic_row_center\">\n<div class=\"ic_item_2col\">\n<div class=\"title_section\">Contact types<\/div>\n<div class=\"ic_contact_type_content\"><a class=\"btn_action\" href=\"\/en\/merchant-contact\/\">Merchant<\/a><br \/>\n<a class=\"btn_action\" href=\"\/en\/buyer-contact\/\">Buyer<\/a><br \/>\n<a class=\"btn_action btn_action_active\" href=\"\/en\/media-contact\/\">Media<\/a><br \/>\n<a class=\"btn_action\" href=\"\/en\/lender-contact\/\">Lender<\/a><\/div>\n<\/div>\n<div class=\"ic_item_2col\">\n<div class=\"wpcf7 no-js\" id=\"wpcf7-f6757-o1\" lang=\"es-ES\" dir=\"ltr\">\n<div class=\"screen-reader-response\"><p role=\"status\" aria-live=\"polite\" aria-atomic=\"true\"><\/p> <ul><\/ul><\/div>\n<form action=\"\/en\/wp-json\/wp\/v2\/pages\/6754\/#wpcf7-f6757-o1\" method=\"post\" class=\"wpcf7-form init\" aria-label=\"Formulario de contacto\" novalidate=\"novalidate\" data-status=\"init\">\n<div style=\"display: none;\">\n<input type=\"hidden\" name=\"_wpcf7\" value=\"6757\" \/>\n<input type=\"hidden\" name=\"_wpcf7_version\" value=\"5.9.8\" \/>\n<input type=\"hidden\" name=\"_wpcf7_locale\" value=\"es_ES\" \/>\n<input type=\"hidden\" name=\"_wpcf7_unit_tag\" value=\"wpcf7-f6757-o1\" \/>\n<input type=\"hidden\" name=\"_wpcf7_container_post\" value=\"0\" \/>\n<input type=\"hidden\" name=\"_wpcf7_posted_data_hash\" value=\"\" \/>\n<input type=\"hidden\" name=\"_wpcf7_recaptcha_response\" value=\"\" \/>\n<\/div>\n<p><strong>If you are media outlet,<\/strong> fill out this form and we will be in touch as soon as possible\n<\/p>\n<hr \/>\n<p><span class=\"wpcf7-form-control-wrap\" data-name=\"NAME\"><input size=\"40\" maxlength=\"400\" class=\"wpcf7-form-control wpcf7-text wpcf7-validates-as-required\" aria-required=\"true\" aria-invalid=\"false\" placeholder=\"Name*\" value=\"\" type=\"text\" name=\"NAME\" \/><\/span><br \/>\n<span class=\"wpcf7-form-control-wrap\" data-name=\"email\"><input size=\"40\" maxlength=\"400\" class=\"wpcf7-form-control wpcf7-email wpcf7-validates-as-required wpcf7-text wpcf7-validates-as-email\" aria-required=\"true\" aria-invalid=\"false\" placeholder=\"Email*\" value=\"\" type=\"email\" name=\"email\" \/><\/span><br \/>\n<span class=\"wpcf7-form-control-wrap\" data-name=\"mobile\"><input size=\"40\" maxlength=\"400\" class=\"wpcf7-form-control wpcf7-tel wpcf7-validates-as-required wpcf7-text wpcf7-validates-as-tel\" aria-required=\"true\" aria-invalid=\"false\" placeholder=\"Mobile number*\" value=\"\" type=\"tel\" name=\"mobile\" \/><\/span><br \/>\n<span class=\"wpcf7-form-control-wrap\" data-name=\"medio\"><input size=\"40\" maxlength=\"400\" class=\"wpcf7-form-control wpcf7-text wpcf7-validates-as-required\" aria-required=\"true\" aria-invalid=\"false\" placeholder=\"Company*\" value=\"\" type=\"text\" name=\"medio\" \/><\/span><br \/>\n<span class=\"wpcf7-form-control-wrap\" data-name=\"message\"><textarea cols=\"40\" rows=\"10\" maxlength=\"2000\" class=\"wpcf7-form-control wpcf7-textarea\" aria-invalid=\"false\" placeholder=\"Comments\" name=\"message\"><\/textarea><\/span>\n<\/p>\n<p><span class=\"wpcf7-form-control-wrap\" data-name=\"autosuscription\"><span class=\"wpcf7-form-control wpcf7-checkbox wpcf7-validates-as-required\" id=\"terms_contact_en\"><span class=\"wpcf7-list-item first last\"><input type=\"checkbox\" name=\"autosuscription[]\" value=\"I want to receive commercial communications related to the financial sector and I am informed of the following Data handling of companies and their representatives.\" \/><span class=\"wpcf7-list-item-label\">I want to receive commercial communications related to the financial sector and I am informed of the following Data handling of companies and their representatives.<\/span><\/span><\/span><\/span><br \/>\n<input class=\"wpcf7-form-control wpcf7-hidden noemails\" value=\"NO\" type=\"hidden\" name=\"license_email\" \/>\n<\/p>\n<p><input class=\"wpcf7-form-control wpcf7-submit has-spinner\" type=\"submit\" value=\"Send\" \/>\n<\/p><div class=\"wpcf7-response-output\" aria-hidden=\"true\"><\/div>\n<\/form>\n<\/div>\n<\/div>\n<\/div>\n<\/div>\n<div class=\"ic_row ic_item_contant\">\n<div class=\"ic_row_center\">\n<div class=\"ic_item_1col  ic_col_l\">\n<div class=\"title_section\">Contact<\/div>\n<\/div>\n<div class=\"ic_item_3col\">\n<div class=\"subtitle_section\">Contact for merchants<\/div>\n<p>Tel: 901 101 387<\/p>\n<p>Email: sales@instantcredit.net<\/p>\n<\/div>\n<div class=\"ic_item_3col\">\n<div class=\"subtitle_section\">Contact for buyers<\/div>\n<p>Tel: 900 102 715<\/p>\n<p>Email: info@instantcredit.net<\/p>\n<\/div>\n<div class=\"ic_item_3col\">\n<div class=\"subtitle_section\">Contact for financial partners<\/div>\n<p>Tel: 901 101 387<\/p>\n<p>Email: financingpartner@instantcredit.net<\/p>\n<\/div>\n<\/div>\n<\/div>\n","protected":false},"excerpt":{"rendered":"<p>How can we help you? Contact us if you are interested in offering a payment method by instalments or if you have any other request you think we can be of help with Contact types Merchant Buyer Media Lender Contact Contact for merchants Tel: 901 101 387 Email: sales@instantcredit.net Contact for buyers Tel: 900 102 [&hellip;]<\/p>\n","protected":false},"author":7,"featured_media":0,"parent":0,"menu_order":0,"comment_status":"closed","ping_status":"closed","template":"","meta":{"_acf_changed":false,"footnotes":""},"class_list":["post-6754","page","type-page","status-publish","hentry"],"acf":[],"yoast_head":"<!-- This site is optimized with the Yoast SEO plugin v23.4 - https:\/\/yoast.com\/wordpress\/plugins\/seo\/ -->\n<title>Instant Credit: Media contact<\/title>\n<meta name=\"description\" content=\"Instant Credit, consumer finance technological platform. If you are media outlet, fill out this form and we will be in touch as soon as possible.\" \/>\n<meta name=\"robots\" content=\"index, follow, max-snippet:-1, max-image-preview:large, max-video-preview:-1\" \/>\n<link rel=\"canonical\" href=\"https:\/\/www.instantcredit.net\/en\/media-contact\/\" \/>\n<meta property=\"og:locale\" content=\"en_US\" \/>\n<meta property=\"og:type\" content=\"article\" \/>\n<meta property=\"og:title\" content=\"Instant Credit: Media contact\" \/>\n<meta property=\"og:description\" content=\"Instant Credit, consumer finance technological platform. If you are media outlet, fill out this form and we will be in touch as soon as possible.\" \/>\n<meta property=\"og:url\" content=\"https:\/\/www.instantcredit.net\/en\/media-contact\/\" \/>\n<meta property=\"og:site_name\" content=\"instantcredit.net\" \/>\n<meta property=\"article:modified_time\" content=\"2020-10-14T14:40:02+00:00\" \/>\n<meta property=\"og:image\" content=\"https:\/\/www.instantcredit.net\/wp-content\/uploads\/Financiacion_online_de_compras_en_Ecommerce___Instant_Credit.jpg\" \/>\n\t<meta property=\"og:image:width\" content=\"1200\" \/>\n\t<meta property=\"og:image:height\" content=\"600\" \/>\n\t<meta property=\"og:image:type\" content=\"image\/jpeg\" \/>\n<meta name=\"twitter:card\" content=\"summary_large_image\" \/>\n<script type=\"application\/ld+json\" class=\"yoast-schema-graph\">{\"@context\":\"https:\/\/schema.org\",\"@graph\":[{\"@type\":\"WebPage\",\"@id\":\"https:\/\/www.instantcredit.net\/en\/media-contact\/\",\"url\":\"https:\/\/www.instantcredit.net\/en\/media-contact\/\",\"name\":\"Instant Credit: Media contact\",\"isPartOf\":{\"@id\":\"https:\/\/www.instantcredit.net\/#website\"},\"datePublished\":\"2019-01-24T08:48:55+00:00\",\"dateModified\":\"2020-10-14T14:40:02+00:00\",\"description\":\"Instant Credit, consumer finance technological platform. If you are media outlet, fill out this form and we will be in touch as soon as possible.\",\"breadcrumb\":{\"@id\":\"https:\/\/www.instantcredit.net\/en\/media-contact\/#breadcrumb\"},\"inLanguage\":\"en-US\",\"potentialAction\":[{\"@type\":\"ReadAction\",\"target\":[\"https:\/\/www.instantcredit.net\/en\/media-contact\/\"]}]},{\"@type\":\"BreadcrumbList\",\"@id\":\"https:\/\/www.instantcredit.net\/en\/media-contact\/#breadcrumb\",\"itemListElement\":[{\"@type\":\"ListItem\",\"position\":1,\"name\":\"Portada\",\"item\":\"https:\/\/www.instantcredit.net\/instant-credit-el-pago-a-plazos-digital-de-sabadell-consumer-finance-2\/\"},{\"@type\":\"ListItem\",\"position\":2,\"name\":\"Media contact\"}]},{\"@type\":\"WebSite\",\"@id\":\"https:\/\/www.instantcredit.net\/#website\",\"url\":\"https:\/\/www.instantcredit.net\/\",\"name\":\"instantcredit.net\",\"description\":\"La forma m\u00e1s r\u00e1pida y f\u00e1cil de financiar tus compras online.\",\"publisher\":{\"@id\":\"https:\/\/www.instantcredit.net\/#organization\"},\"potentialAction\":[{\"@type\":\"SearchAction\",\"target\":{\"@type\":\"EntryPoint\",\"urlTemplate\":\"https:\/\/www.instantcredit.net\/?s={search_term_string}\"},\"query-input\":{\"@type\":\"PropertyValueSpecification\",\"valueRequired\":true,\"valueName\":\"search_term_string\"}}],\"inLanguage\":\"en-US\"},{\"@type\":\"Organization\",\"@id\":\"https:\/\/www.instantcredit.net\/#organization\",\"name\":\"Instat credit\",\"url\":\"https:\/\/www.instantcredit.net\/\",\"logo\":{\"@type\":\"ImageObject\",\"inLanguage\":\"en-US\",\"@id\":\"https:\/\/www.instantcredit.net\/#\/schema\/logo\/image\/\",\"url\":\"https:\/\/www.instantcredit.net\/wp-content\/uploads\/logo_ic.png\",\"contentUrl\":\"https:\/\/www.instantcredit.net\/wp-content\/uploads\/logo_ic.png\",\"width\":638,\"height\":228,\"caption\":\"Instat credit\"},\"image\":{\"@id\":\"https:\/\/www.instantcredit.net\/#\/schema\/logo\/image\/\"},\"sameAs\":[\"https:\/\/www.linkedin.com\/company\/10596269\/\"]}]}<\/script>\n<!-- \/ Yoast SEO plugin. -->","yoast_head_json":{"title":"Instant Credit: Media contact","description":"Instant Credit, consumer finance technological platform. If you are media outlet, fill out this form and we will be in touch as soon as possible.","robots":{"index":"index","follow":"follow","max-snippet":"max-snippet:-1","max-image-preview":"max-image-preview:large","max-video-preview":"max-video-preview:-1"},"canonical":"https:\/\/www.instantcredit.net\/en\/media-contact\/","og_locale":"en_US","og_type":"article","og_title":"Instant Credit: Media contact","og_description":"Instant Credit, consumer finance technological platform. If you are media outlet, fill out this form and we will be in touch as soon as possible.","og_url":"https:\/\/www.instantcredit.net\/en\/media-contact\/","og_site_name":"instantcredit.net","article_modified_time":"2020-10-14T14:40:02+00:00","og_image":[{"width":1200,"height":600,"url":"https:\/\/www.instantcredit.net\/wp-content\/uploads\/Financiacion_online_de_compras_en_Ecommerce___Instant_Credit.jpg","type":"image\/jpeg"}],"twitter_card":"summary_large_image","schema":{"@context":"https:\/\/schema.org","@graph":[{"@type":"WebPage","@id":"https:\/\/www.instantcredit.net\/en\/media-contact\/","url":"https:\/\/www.instantcredit.net\/en\/media-contact\/","name":"Instant Credit: Media contact","isPartOf":{"@id":"https:\/\/www.instantcredit.net\/#website"},"datePublished":"2019-01-24T08:48:55+00:00","dateModified":"2020-10-14T14:40:02+00:00","description":"Instant Credit, consumer finance technological platform. If you are media outlet, fill out this form and we will be in touch as soon as possible.","breadcrumb":{"@id":"https:\/\/www.instantcredit.net\/en\/media-contact\/#breadcrumb"},"inLanguage":"en-US","potentialAction":[{"@type":"ReadAction","target":["https:\/\/www.instantcredit.net\/en\/media-contact\/"]}]},{"@type":"BreadcrumbList","@id":"https:\/\/www.instantcredit.net\/en\/media-contact\/#breadcrumb","itemListElement":[{"@type":"ListItem","position":1,"name":"Portada","item":"https:\/\/www.instantcredit.net\/instant-credit-el-pago-a-plazos-digital-de-sabadell-consumer-finance-2\/"},{"@type":"ListItem","position":2,"name":"Media contact"}]},{"@type":"WebSite","@id":"https:\/\/www.instantcredit.net\/#website","url":"https:\/\/www.instantcredit.net\/","name":"instantcredit.net","description":"La forma m\u00e1s r\u00e1pida y f\u00e1cil de financiar tus compras online.","publisher":{"@id":"https:\/\/www.instantcredit.net\/#organization"},"potentialAction":[{"@type":"SearchAction","target":{"@type":"EntryPoint","urlTemplate":"https:\/\/www.instantcredit.net\/?s={search_term_string}"},"query-input":{"@type":"PropertyValueSpecification","valueRequired":true,"valueName":"search_term_string"}}],"inLanguage":"en-US"},{"@type":"Organization","@id":"https:\/\/www.instantcredit.net\/#organization","name":"Instat credit","url":"https:\/\/www.instantcredit.net\/","logo":{"@type":"ImageObject","inLanguage":"en-US","@id":"https:\/\/www.instantcredit.net\/#\/schema\/logo\/image\/","url":"https:\/\/www.instantcredit.net\/wp-content\/uploads\/logo_ic.png","contentUrl":"https:\/\/www.instantcredit.net\/wp-content\/uploads\/logo_ic.png","width":638,"height":228,"caption":"Instat credit"},"image":{"@id":"https:\/\/www.instantcredit.net\/#\/schema\/logo\/image\/"},"sameAs":["https:\/\/www.linkedin.com\/company\/10596269\/"]}]}},"_links":{"self":[{"href":"https:\/\/www.instantcredit.net\/en\/wp-json\/wp\/v2\/pages\/6754\/"}],"collection":[{"href":"https:\/\/www.instantcredit.net\/en\/wp-json\/wp\/v2\/pages\/"}],"about":[{"href":"https:\/\/www.instantcredit.net\/en\/wp-json\/wp\/v2\/types\/page\/"}],"author":[{"embeddable":true,"href":"https:\/\/www.instantcredit.net\/en\/wp-json\/wp\/v2\/users\/7\/"}],"replies":[{"embeddable":true,"href":"https:\/\/www.instantcredit.net\/en\/wp-json\/wp\/v2\/comments\/?post=6754"}],"version-history":[{"count":4,"href":"https:\/\/www.instantcredit.net\/en\/wp-json\/wp\/v2\/pages\/6754\/revisions\/"}],"predecessor-version":[{"id":7460,"href":"https:\/\/www.instantcredit.net\/en\/wp-json\/wp\/v2\/pages\/6754\/revisions\/7460\/"}],"wp:attachment":[{"href":"https:\/\/www.instantcredit.net\/en\/wp-json\/wp\/v2\/media\/?parent=6754"}],"curies":[{"name":"wp","href":"https:\/\/api.w.org\/{rel}","templated":true}]}}