{"id":7275,"date":"2019-06-26T12:25:33","date_gmt":"2019-06-26T10:25:33","guid":{"rendered":"https:\/\/www.instantcredit.net\/?page_id=7275"},"modified":"2019-06-28T10:13:07","modified_gmt":"2019-06-28T08:13:07","slug":"lender-home","status":"publish","type":"page","link":"https:\/\/www.instantcredit.net\/en\/lender-home\/","title":{"rendered":"lender\u00b4s documentation"},"content":{"rendered":"<div class=\"dsktp_content private_content\">\n<div class=\"ic_row\">\n<div class=\"ic_row_center\">\n<div class=\"container_content tecnical\">\n<div class=\"title\">\n<h2>Technical documentation<\/h2>\n<\/div>\n<div class=\"description\">\n<p>Documentation for the integration of Instant Credit in your ecommerce store.<\/p>\n<\/div>\n<div class=\"action_info action_info_active action_info_eng\">content<\/div>\n<div class=\"content\">\n<ul>\n<li><a href=\"\/en\/lender\/api\/\">API<\/a>\n<ul>\n<li><a href=\"\/en\/lender\/api\/#introduccion\">Introduction<\/a><\/li>\n<li><a href=\"\/en\/lender\/api\/#signature\">Signature<\/a><\/li>\n<li><a href=\"\/en\/lender\/api\/#access_token_request\">Access token request<\/a><\/li>\n<li><a href=\"\/en\/lender\/api\/#credit-request\">Credit\/request<\/a><\/li>\n<li><a href=\"\/en\/lender\/api\/#refund-request\">Refund\/request<\/a><\/li>\n<li><a href=\"\/en\/lender\/api\/#credit-confirmation\">Credit\/confirmation<\/a><\/li>\n<li><a href=\"\/en\/lender\/api\/#refund-confirmation\">Refund\/confirmation<\/a><\/li>\n<\/ul>\n<\/li>\n<\/ul>\n<\/div>\n<\/div>\n<div class=\"container_content back office\">\n<div class=\"title\">\n<h2>Back office<\/h2>\n<\/div>\n<div class=\"description\">\n<p>Information for using our back office.<\/p>\n<\/div>\n<div class=\"action_info action_info_active action_info_eng\">content<\/div>\n<div class=\"content\">\n<ul>\n<li><a href=\"\/en\/lender\/manual-back-office\/\">Manual back office<\/a><\/li>\n<\/ul>\n<\/div>\n<\/div>\n<\/div>\n<\/div>\n<\/div><p><\/p>","protected":false},"excerpt":{"rendered":"<p>Technical documentation Documentation for the integration of Instant Credit in your ecommerce store. content API Introduction Signature Access token request Credit\/request Refund\/request Credit\/confirmation Refund\/confirmation Back office Information for using our back office. content Manual back office<\/p>\n","protected":false},"author":7,"featured_media":0,"parent":0,"menu_order":0,"comment_status":"closed","ping_status":"closed","template":"templates\/template_inicio_documentation_lender.php","meta":{"_acf_changed":false,"footnotes":""},"class_list":["post-7275","page","type-page","status-publish","hentry"],"acf":[],"yoast_head":"<!-- This site is optimized with the Yoast SEO plugin v23.4 - https:\/\/yoast.com\/wordpress\/plugins\/seo\/ -->\n<title>lender\u00b4s documentation - instantcredit.net<\/title>\n<meta name=\"robots\" content=\"index, follow, max-snippet:-1, max-image-preview:large, max-video-preview:-1\" \/>\n<link rel=\"canonical\" href=\"https:\/\/www.instantcredit.net\/en\/lender-home\/\" \/>\n<meta property=\"og:locale\" content=\"en_US\" \/>\n<meta property=\"og:type\" content=\"article\" \/>\n<meta property=\"og:title\" content=\"lender\u00b4s documentation - instantcredit.net\" \/>\n<meta property=\"og:description\" content=\"Technical documentation Documentation for the integration of Instant Credit in your ecommerce store. content API Introduction Signature Access token request Credit\/request Refund\/request Credit\/confirmation Refund\/confirmation Back office Information for using our back office. content Manual back office\" \/>\n<meta property=\"og:url\" content=\"https:\/\/www.instantcredit.net\/en\/lender-home\/\" \/>\n<meta property=\"og:site_name\" content=\"instantcredit.net\" \/>\n<meta property=\"article:modified_time\" content=\"2019-06-28T08:13:07+00:00\" \/>\n<meta property=\"og:image\" content=\"https:\/\/www.instantcredit.net\/wp-content\/uploads\/Financiacion_online_de_compras_en_Ecommerce___Instant_Credit.jpg\" \/>\n\t<meta property=\"og:image:width\" content=\"1200\" \/>\n\t<meta property=\"og:image:height\" content=\"600\" \/>\n\t<meta property=\"og:image:type\" content=\"image\/jpeg\" \/>\n<meta name=\"twitter:card\" content=\"summary_large_image\" \/>\n<script type=\"application\/ld+json\" class=\"yoast-schema-graph\">{\"@context\":\"https:\/\/schema.org\",\"@graph\":[{\"@type\":\"WebPage\",\"@id\":\"https:\/\/www.instantcredit.net\/en\/lender-home\/\",\"url\":\"https:\/\/www.instantcredit.net\/en\/lender-home\/\",\"name\":\"lender\u00b4s documentation - instantcredit.net\",\"isPartOf\":{\"@id\":\"https:\/\/www.instantcredit.net\/#website\"},\"datePublished\":\"2019-06-26T10:25:33+00:00\",\"dateModified\":\"2019-06-28T08:13:07+00:00\",\"breadcrumb\":{\"@id\":\"https:\/\/www.instantcredit.net\/en\/lender-home\/#breadcrumb\"},\"inLanguage\":\"en-US\",\"potentialAction\":[{\"@type\":\"ReadAction\",\"target\":[\"https:\/\/www.instantcredit.net\/en\/lender-home\/\"]}]},{\"@type\":\"BreadcrumbList\",\"@id\":\"https:\/\/www.instantcredit.net\/en\/lender-home\/#breadcrumb\",\"itemListElement\":[{\"@type\":\"ListItem\",\"position\":1,\"name\":\"Portada\",\"item\":\"https:\/\/www.instantcredit.net\/instant-credit-el-pago-a-plazos-digital-de-sabadell-consumer-finance-2\/\"},{\"@type\":\"ListItem\",\"position\":2,\"name\":\"lender\u00b4s documentation\"}]},{\"@type\":\"WebSite\",\"@id\":\"https:\/\/www.instantcredit.net\/#website\",\"url\":\"https:\/\/www.instantcredit.net\/\",\"name\":\"instantcredit.net\",\"description\":\"La forma m\u00e1s r\u00e1pida y f\u00e1cil de financiar tus compras online.\",\"publisher\":{\"@id\":\"https:\/\/www.instantcredit.net\/#organization\"},\"potentialAction\":[{\"@type\":\"SearchAction\",\"target\":{\"@type\":\"EntryPoint\",\"urlTemplate\":\"https:\/\/www.instantcredit.net\/?s={search_term_string}\"},\"query-input\":{\"@type\":\"PropertyValueSpecification\",\"valueRequired\":true,\"valueName\":\"search_term_string\"}}],\"inLanguage\":\"en-US\"},{\"@type\":\"Organization\",\"@id\":\"https:\/\/www.instantcredit.net\/#organization\",\"name\":\"Instat credit\",\"url\":\"https:\/\/www.instantcredit.net\/\",\"logo\":{\"@type\":\"ImageObject\",\"inLanguage\":\"en-US\",\"@id\":\"https:\/\/www.instantcredit.net\/#\/schema\/logo\/image\/\",\"url\":\"https:\/\/www.instantcredit.net\/wp-content\/uploads\/logo_ic.png\",\"contentUrl\":\"https:\/\/www.instantcredit.net\/wp-content\/uploads\/logo_ic.png\",\"width\":638,\"height\":228,\"caption\":\"Instat credit\"},\"image\":{\"@id\":\"https:\/\/www.instantcredit.net\/#\/schema\/logo\/image\/\"},\"sameAs\":[\"https:\/\/www.linkedin.com\/company\/10596269\/\"]}]}<\/script>\n<!-- \/ Yoast SEO plugin. -->","yoast_head_json":{"title":"lender\u00b4s documentation - instantcredit.net","robots":{"index":"index","follow":"follow","max-snippet":"max-snippet:-1","max-image-preview":"max-image-preview:large","max-video-preview":"max-video-preview:-1"},"canonical":"https:\/\/www.instantcredit.net\/en\/lender-home\/","og_locale":"en_US","og_type":"article","og_title":"lender\u00b4s documentation - instantcredit.net","og_description":"Technical documentation Documentation for the integration of Instant Credit in your ecommerce store. content API Introduction Signature Access token request Credit\/request Refund\/request Credit\/confirmation Refund\/confirmation Back office Information for using our back office. content Manual back office","og_url":"https:\/\/www.instantcredit.net\/en\/lender-home\/","og_site_name":"instantcredit.net","article_modified_time":"2019-06-28T08:13:07+00:00","og_image":[{"width":1200,"height":600,"url":"https:\/\/www.instantcredit.net\/wp-content\/uploads\/Financiacion_online_de_compras_en_Ecommerce___Instant_Credit.jpg","type":"image\/jpeg"}],"twitter_card":"summary_large_image","schema":{"@context":"https:\/\/schema.org","@graph":[{"@type":"WebPage","@id":"https:\/\/www.instantcredit.net\/en\/lender-home\/","url":"https:\/\/www.instantcredit.net\/en\/lender-home\/","name":"lender\u00b4s documentation - instantcredit.net","isPartOf":{"@id":"https:\/\/www.instantcredit.net\/#website"},"datePublished":"2019-06-26T10:25:33+00:00","dateModified":"2019-06-28T08:13:07+00:00","breadcrumb":{"@id":"https:\/\/www.instantcredit.net\/en\/lender-home\/#breadcrumb"},"inLanguage":"en-US","potentialAction":[{"@type":"ReadAction","target":["https:\/\/www.instantcredit.net\/en\/lender-home\/"]}]},{"@type":"BreadcrumbList","@id":"https:\/\/www.instantcredit.net\/en\/lender-home\/#breadcrumb","itemListElement":[{"@type":"ListItem","position":1,"name":"Portada","item":"https:\/\/www.instantcredit.net\/instant-credit-el-pago-a-plazos-digital-de-sabadell-consumer-finance-2\/"},{"@type":"ListItem","position":2,"name":"lender\u00b4s documentation"}]},{"@type":"WebSite","@id":"https:\/\/www.instantcredit.net\/#website","url":"https:\/\/www.instantcredit.net\/","name":"instantcredit.net","description":"La forma m\u00e1s r\u00e1pida y f\u00e1cil de financiar tus compras online.","publisher":{"@id":"https:\/\/www.instantcredit.net\/#organization"},"potentialAction":[{"@type":"SearchAction","target":{"@type":"EntryPoint","urlTemplate":"https:\/\/www.instantcredit.net\/?s={search_term_string}"},"query-input":{"@type":"PropertyValueSpecification","valueRequired":true,"valueName":"search_term_string"}}],"inLanguage":"en-US"},{"@type":"Organization","@id":"https:\/\/www.instantcredit.net\/#organization","name":"Instat credit","url":"https:\/\/www.instantcredit.net\/","logo":{"@type":"ImageObject","inLanguage":"en-US","@id":"https:\/\/www.instantcredit.net\/#\/schema\/logo\/image\/","url":"https:\/\/www.instantcredit.net\/wp-content\/uploads\/logo_ic.png","contentUrl":"https:\/\/www.instantcredit.net\/wp-content\/uploads\/logo_ic.png","width":638,"height":228,"caption":"Instat credit"},"image":{"@id":"https:\/\/www.instantcredit.net\/#\/schema\/logo\/image\/"},"sameAs":["https:\/\/www.linkedin.com\/company\/10596269\/"]}]}},"_links":{"self":[{"href":"https:\/\/www.instantcredit.net\/en\/wp-json\/wp\/v2\/pages\/7275\/"}],"collection":[{"href":"https:\/\/www.instantcredit.net\/en\/wp-json\/wp\/v2\/pages\/"}],"about":[{"href":"https:\/\/www.instantcredit.net\/en\/wp-json\/wp\/v2\/types\/page\/"}],"author":[{"embeddable":true,"href":"https:\/\/www.instantcredit.net\/en\/wp-json\/wp\/v2\/users\/7\/"}],"replies":[{"embeddable":true,"href":"https:\/\/www.instantcredit.net\/en\/wp-json\/wp\/v2\/comments\/?post=7275"}],"version-history":[{"count":6,"href":"https:\/\/www.instantcredit.net\/en\/wp-json\/wp\/v2\/pages\/7275\/revisions\/"}],"predecessor-version":[{"id":7300,"href":"https:\/\/www.instantcredit.net\/en\/wp-json\/wp\/v2\/pages\/7275\/revisions\/7300\/"}],"wp:attachment":[{"href":"https:\/\/www.instantcredit.net\/en\/wp-json\/wp\/v2\/media\/?parent=7275"}],"curies":[{"name":"wp","href":"https:\/\/api.w.org\/{rel}","templated":true}]}}